{"id":4641,"date":"2023-11-16T11:40:23","date_gmt":"2023-11-16T17:40:23","guid":{"rendered":"https:\/\/www.sunloan.com\/?page_id=4641"},"modified":"2023-11-16T11:46:45","modified_gmt":"2023-11-16T17:46:45","slug":"terminos-de-los-servicios-de-mensajes-sms","status":"publish","type":"page","link":"https:\/\/www.sunloan.com\/es\/terminos-de-los-servicios-de-mensajes-sms\/","title":{"rendered":"T\u00e9rminos de los servicios de mensajes SMS"},"content":{"rendered":"<\/div><section id=\"block_6884c67f58432d14c5fa614acdc30826\" class=\"block-hero-bar alignfull block-hero-bar has-font-color text-default\">    <div class=\"page-title-area bg_blue\">\n        <div class=\"container\">\n            <div class=\"row\">\n                <div class=\"col-lg-12\">\n                    <div class=\"page-title white left\">\n                        <h1>T\u00e9rminos de los servicios de mensajes SMS<\/h1>\n                                            <\/div>\n                <\/div>\n            <\/div>\n        <\/div>\n        <img decoding=\"async\" src=\"\/wp-content\/themes\/sunloan-theme\/assets\/images\/dot-3.webp\" alt=\"\" class=\"dot_shape\">\n    <\/div>\n    <\/section>\n\n\n\n<section id=\"contact-content\" class=\"wp-block-group cs_section mx_800 is-content-justification-left is-layout-flex wp-container-core-group-is-layout-82bb926b wp-block-group-is-layout-flex\">\n<div class=\"wp-block-columns is-layout-flex wp-container-core-columns-is-layout-28f84493 wp-block-columns-is-layout-flex\">\n<div class=\"wp-block-column is-layout-flow wp-block-column-is-layout-flow\" style=\"flex-basis:100%\">\n<p>\u00daltima modificaci\u00f3n: 18 de enero de 2023<\/p>\n\n\n\n<h2 class=\"wp-block-heading has-blue-color has-text-color\">Comunicaciones informativas y transaccionales de Sun Loan Company<\/h2>\n\n\n\n<ol class=\"wp-block-list\">\n<li> Sun Loan Company (\u201cSun Loan\u201d) env\u00eda mensajes de texto en respuesta a informaci\u00f3n solicitada. Los mensajes pueden variar en el tipo de informaci\u00f3n; ya sea acerca del proceso de solicitud del pr\u00e9stamo, la documentaci\u00f3n del pr\u00e9stamo, el estado en el tr\u00e1mite del pr\u00e9stamo, recordatorios de pago y otros servicios que Sun Loan brinda. Estos servicios incluyen informaci\u00f3n acerca de: c\u00f3mo completar, presentar y enviar formularios de impuestos y otros servicios. Al optar por recibir mensajes de texto, usted autoriza a recibir mensajes de texto relacionados con su cuenta enviados por un marcador autom\u00e1tico u otra plataforma automatizada de parte de Sun Loan.<\/li>\n\n\n\n<li>Usted tiene la opci\u00f3n de cancelar el servicio de SMS en cualquier momento. Simplemente env\u00ede un mensaje de texto con la palabra \u00abSTOP\u00bb al n\u00famero del cual recibi\u00f3 el mensaje de texto. Despu\u00e9s de enviarnos el mensaje SMS \u00abSTOP\u00bb, le enviaremos un mensaje SMS para confirmar que se ha cancelado su suscripci\u00f3n. Despu\u00e9s de esto, ya no recibir\u00e1 m\u00e1s mensajes SMS de nuestra parte. Si desea recibir mensajes nuevamente, simplemente reg\u00edstrese como lo hizo la primera vez y comenzaremos a enviarle mensajes SMS nuevamente.<\/li>\n\n\n\n<li>Si tiene problemas con el programa de mensajes por texto, puede responder con la palabra clave AYUDA para obtener asistencia, o puede obtener ayuda de Sun Loan llamando al 210-961-7298 o puede enviarnos un correo electr\u00f3nico a <a href=\"mailto:myonlinesupport@sunloan.com\">myonlinesupport@sunloan.com<\/a>.<\/li>\n\n\n\n<li>Usted acepta voluntariamente, proporcionar un n\u00famero telef\u00f3nico celular v\u00e1lido. Ni Sun Loan ni los proveedores de servicios de SMS son responsables de los mensajes retrasados o no entregados.<\/li>\n\n\n\n<li>Sun Loan no cobra por los mensajes SMS; sin embargo, es posible que su proveedor de servicios de tel\u00e9fono celular aplique cargos por servicio de datos para mensajes SMS recibidos o por mensajes que usted nos env\u00ede. Usted puede recibir una actualizaci\u00f3n por mensaje de texto sobre su cuenta hasta cinco veces al mes. Si tiene alguna pregunta sobre su plan de mensajes de texto o plan de datos, lo mejor es comunicarse con su proveedor de servicios telef\u00f3nicos.<\/li>\n\n\n\n<li>Si tiene alguna pregunta sobre privacidad, visite <a href=\"https:\/\/www.sunloan.com\/privacy-policy\/\">https:\/\/www.sunloan.com\/privacy-policy\/<\/a><\/li>\n<\/ol>\n\n\n\n<h2 class=\"wp-block-heading has-blue-color has-text-color\">Comunicaciones sobre publicidad de Sun Loan Company<\/h2>\n\n\n\n<ol class=\"wp-block-list\">\n<li>Sun Loan Company (\u201cSun Loan\u201d) env\u00eda mensajes de texto promocionales relacionados con pr\u00e9stamos, u otras ofertas promocionales, nuevos servicios e informaci\u00f3n sobre educaci\u00f3n financiera. Al optar por recibir mensajes de texto publicitarias de Sun Loan, usted acepta recibir informaci\u00f3n de texto enviada por un marcador autom\u00e1tico u otra plataforma automatizada sobre productos de pr\u00e9stamo, oportunidades y otra informaci\u00f3n relacionada.<\/li>\n\n\n\n<li>Usted tiene la opci\u00f3n de cancelar el servicio de SMS en cualquier momento. Simplemente env\u00ede un mensaje de texto con la palabra \u00abSTOP\u00bb al n\u00famero del cual recibi\u00f3 el mensaje de texto. Despu\u00e9s de enviarnos el mensaje SMS \u00abSTOP\u00bb, le enviaremos un mensaje SMS para confirmar que se ha cancelado su suscripci\u00f3n. Despu\u00e9s de esto, ya no recibir\u00e1 m\u00e1s mensajes SMS de nuestra parte. Si desea recibir mensajes nuevamente, simplemente reg\u00edstrese como lo hizo la primera vez y comenzaremos a enviarle mensajes SMS nuevamente.<\/li>\n\n\n\n<li>Si tiene problemas con el programa de mensajes por texto, puede responder con la palabra clave AYUDA para obtener asistencia , o puede obtener ayuda de Sun Loan llamando al 210-961-7298 o puede enviarnos un correo electr\u00f3nico a <a href=\"mailto:myonlinesupport@sunloan.com\">myonlinesupport@sunloan.com<\/a>.<\/li>\n\n\n\n<li>Usted acepta voluntariamente, proporcionar un n\u00famero telef\u00f3nico celular v\u00e1lido. Ni Sun Loan ni los proveedores de servicios de SMS son responsables de los mensajes retrasados o no entregados.<\/li>\n\n\n\n<li>Sun Loan no cobra por los mensajes SMS; sin embargo, es posible que su proveedor de servicios de tel\u00e9fono celular aplique cargos por servicio de datos para mensajes SMS recibidos o por mensajes que usted nos env\u00ede. Usted puede recibir una actualizaci\u00f3n por mensaje de texto sobre su cuenta hasta cinco veces al mes. Si tiene alguna pregunta sobre su plan de mensajes de texto o plan de datos, lo mejor es comunicarse con su proveedor de servicios telef\u00f3nicos.<\/li>\n\n\n\n<li>Si tiene alguna pregunta sobre privacidad, visite <a href=\"https:\/\/www.sunloan.com\/privacy-policy\/\">https:\/\/www.sunloan.com\/privacy-policy\/<\/a><\/li>\n<\/ol>\n\n\n\n<div style=\"height:30px\" aria-hidden=\"true\" class=\"wp-block-spacer\"><\/div>\n<\/div>\n<\/div>\n<\/section>\n","protected":false},"excerpt":{"rendered":"<p>\u00daltima modificaci\u00f3n: 18 de enero de 2023 Comunicaciones informativas y transaccionales de Sun Loan Company Comunicaciones sobre publicidad de Sun Loan Company<\/p>\n","protected":false},"author":9,"featured_media":0,"parent":0,"menu_order":0,"comment_status":"closed","ping_status":"closed","template":"","meta":{"_acf_changed":false,"footnotes":""},"class_list":["post-4641","page","type-page","status-publish","hentry"],"acf":[],"yoast_head":"<!-- This site is optimized with the Yoast SEO plugin v27.5 - https:\/\/yoast.com\/product\/yoast-seo-wordpress\/ -->\n<title>Politica de Privacidad | Sun Loan Company<\/title>\n<meta name=\"robots\" content=\"index, follow, max-snippet:-1, max-image-preview:large, max-video-preview:-1\" \/>\n<link rel=\"canonical\" href=\"https:\/\/www.sunloan.com\/es\/terminos-de-los-servicios-de-mensajes-sms\/\" \/>\n<meta property=\"og:locale\" content=\"es_ES\" \/>\n<meta property=\"og:type\" content=\"article\" \/>\n<meta property=\"og:title\" content=\"Politica de Privacidad | Sun Loan Company\" \/>\n<meta property=\"og:description\" content=\"\u00daltima modificaci\u00f3n: 18 de enero de 2023 Comunicaciones informativas y transaccionales de Sun Loan Company Comunicaciones sobre publicidad de Sun Loan Company\" \/>\n<meta property=\"og:url\" content=\"https:\/\/www.sunloan.com\/es\/terminos-de-los-servicios-de-mensajes-sms\/\" \/>\n<meta property=\"og:site_name\" content=\"Sun Loan Company\" \/>\n<meta property=\"article:modified_time\" content=\"2023-11-16T17:46:45+00:00\" \/>\n<meta name=\"twitter:card\" content=\"summary_large_image\" \/>\n<meta name=\"twitter:label1\" content=\"Tiempo de lectura\" \/>\n\t<meta name=\"twitter:data1\" content=\"3 minutos\" \/>\n<script type=\"application\/ld+json\" class=\"yoast-schema-graph\">{\"@context\":\"https:\\\/\\\/schema.org\",\"@graph\":[{\"@type\":\"WebPage\",\"@id\":\"https:\\\/\\\/www.sunloan.com\\\/es\\\/terminos-de-los-servicios-de-mensajes-sms\\\/\",\"url\":\"https:\\\/\\\/www.sunloan.com\\\/es\\\/terminos-de-los-servicios-de-mensajes-sms\\\/\",\"name\":\"Politica de Privacidad | Sun Loan Company\",\"isPartOf\":{\"@id\":\"https:\\\/\\\/www.sunloan.com\\\/es\\\/#website\"},\"datePublished\":\"2023-11-16T17:40:23+00:00\",\"dateModified\":\"2023-11-16T17:46:45+00:00\",\"breadcrumb\":{\"@id\":\"https:\\\/\\\/www.sunloan.com\\\/es\\\/terminos-de-los-servicios-de-mensajes-sms\\\/#breadcrumb\"},\"inLanguage\":\"es\",\"potentialAction\":[{\"@type\":\"ReadAction\",\"target\":[\"https:\\\/\\\/www.sunloan.com\\\/es\\\/terminos-de-los-servicios-de-mensajes-sms\\\/\"]}]},{\"@type\":\"BreadcrumbList\",\"@id\":\"https:\\\/\\\/www.sunloan.com\\\/es\\\/terminos-de-los-servicios-de-mensajes-sms\\\/#breadcrumb\",\"itemListElement\":[{\"@type\":\"ListItem\",\"position\":1,\"name\":\"Home\",\"item\":\"https:\\\/\\\/www.sunloan.com\\\/es\\\/\"},{\"@type\":\"ListItem\",\"position\":2,\"name\":\"T\u00e9rminos de los servicios de mensajes SMS\"}]},{\"@type\":\"WebSite\",\"@id\":\"https:\\\/\\\/www.sunloan.com\\\/es\\\/#website\",\"url\":\"https:\\\/\\\/www.sunloan.com\\\/es\\\/\",\"name\":\"Sun Loan Company\",\"description\":\"\",\"publisher\":{\"@id\":\"https:\\\/\\\/www.sunloan.com\\\/es\\\/#organization\"},\"potentialAction\":[{\"@type\":\"SearchAction\",\"target\":{\"@type\":\"EntryPoint\",\"urlTemplate\":\"https:\\\/\\\/www.sunloan.com\\\/es\\\/?s={search_term_string}\"},\"query-input\":{\"@type\":\"PropertyValueSpecification\",\"valueRequired\":true,\"valueName\":\"search_term_string\"}}],\"inLanguage\":\"es\"},{\"@type\":\"Organization\",\"@id\":\"https:\\\/\\\/www.sunloan.com\\\/es\\\/#organization\",\"name\":\"Sun Loan Company\",\"url\":\"https:\\\/\\\/www.sunloan.com\\\/es\\\/\",\"logo\":{\"@type\":\"ImageObject\",\"inLanguage\":\"es\",\"@id\":\"https:\\\/\\\/www.sunloan.com\\\/es\\\/#\\\/schema\\\/logo\\\/image\\\/\",\"url\":\"https:\\\/\\\/www.sunloan.com\\\/wp-content\\\/uploads\\\/2022\\\/06\\\/logo.svg\",\"contentUrl\":\"https:\\\/\\\/www.sunloan.com\\\/wp-content\\\/uploads\\\/2022\\\/06\\\/logo.svg\",\"width\":1,\"height\":1,\"caption\":\"Sun Loan Company\"},\"image\":{\"@id\":\"https:\\\/\\\/www.sunloan.com\\\/es\\\/#\\\/schema\\\/logo\\\/image\\\/\"}}]}<\/script>\n<!-- \/ Yoast SEO plugin. -->","yoast_head_json":{"title":"Politica de Privacidad | Sun Loan Company","robots":{"index":"index","follow":"follow","max-snippet":"max-snippet:-1","max-image-preview":"max-image-preview:large","max-video-preview":"max-video-preview:-1"},"canonical":"https:\/\/www.sunloan.com\/es\/terminos-de-los-servicios-de-mensajes-sms\/","og_locale":"es_ES","og_type":"article","og_title":"Politica de Privacidad | Sun Loan Company","og_description":"\u00daltima modificaci\u00f3n: 18 de enero de 2023 Comunicaciones informativas y transaccionales de Sun Loan Company Comunicaciones sobre publicidad de Sun Loan Company","og_url":"https:\/\/www.sunloan.com\/es\/terminos-de-los-servicios-de-mensajes-sms\/","og_site_name":"Sun Loan Company","article_modified_time":"2023-11-16T17:46:45+00:00","twitter_card":"summary_large_image","twitter_misc":{"Tiempo de lectura":"3 minutos"},"schema":{"@context":"https:\/\/schema.org","@graph":[{"@type":"WebPage","@id":"https:\/\/www.sunloan.com\/es\/terminos-de-los-servicios-de-mensajes-sms\/","url":"https:\/\/www.sunloan.com\/es\/terminos-de-los-servicios-de-mensajes-sms\/","name":"Politica de Privacidad | Sun Loan Company","isPartOf":{"@id":"https:\/\/www.sunloan.com\/es\/#website"},"datePublished":"2023-11-16T17:40:23+00:00","dateModified":"2023-11-16T17:46:45+00:00","breadcrumb":{"@id":"https:\/\/www.sunloan.com\/es\/terminos-de-los-servicios-de-mensajes-sms\/#breadcrumb"},"inLanguage":"es","potentialAction":[{"@type":"ReadAction","target":["https:\/\/www.sunloan.com\/es\/terminos-de-los-servicios-de-mensajes-sms\/"]}]},{"@type":"BreadcrumbList","@id":"https:\/\/www.sunloan.com\/es\/terminos-de-los-servicios-de-mensajes-sms\/#breadcrumb","itemListElement":[{"@type":"ListItem","position":1,"name":"Home","item":"https:\/\/www.sunloan.com\/es\/"},{"@type":"ListItem","position":2,"name":"T\u00e9rminos de los servicios de mensajes SMS"}]},{"@type":"WebSite","@id":"https:\/\/www.sunloan.com\/es\/#website","url":"https:\/\/www.sunloan.com\/es\/","name":"Sun Loan Company","description":"","publisher":{"@id":"https:\/\/www.sunloan.com\/es\/#organization"},"potentialAction":[{"@type":"SearchAction","target":{"@type":"EntryPoint","urlTemplate":"https:\/\/www.sunloan.com\/es\/?s={search_term_string}"},"query-input":{"@type":"PropertyValueSpecification","valueRequired":true,"valueName":"search_term_string"}}],"inLanguage":"es"},{"@type":"Organization","@id":"https:\/\/www.sunloan.com\/es\/#organization","name":"Sun Loan Company","url":"https:\/\/www.sunloan.com\/es\/","logo":{"@type":"ImageObject","inLanguage":"es","@id":"https:\/\/www.sunloan.com\/es\/#\/schema\/logo\/image\/","url":"https:\/\/www.sunloan.com\/wp-content\/uploads\/2022\/06\/logo.svg","contentUrl":"https:\/\/www.sunloan.com\/wp-content\/uploads\/2022\/06\/logo.svg","width":1,"height":1,"caption":"Sun Loan Company"},"image":{"@id":"https:\/\/www.sunloan.com\/es\/#\/schema\/logo\/image\/"}}]}},"_links":{"self":[{"href":"https:\/\/www.sunloan.com\/es\/wp-json\/wp\/v2\/pages\/4641","targetHints":{"allow":["GET"]}}],"collection":[{"href":"https:\/\/www.sunloan.com\/es\/wp-json\/wp\/v2\/pages"}],"about":[{"href":"https:\/\/www.sunloan.com\/es\/wp-json\/wp\/v2\/types\/page"}],"author":[{"embeddable":true,"href":"https:\/\/www.sunloan.com\/es\/wp-json\/wp\/v2\/users\/9"}],"replies":[{"embeddable":true,"href":"https:\/\/www.sunloan.com\/es\/wp-json\/wp\/v2\/comments?post=4641"}],"version-history":[{"count":0,"href":"https:\/\/www.sunloan.com\/es\/wp-json\/wp\/v2\/pages\/4641\/revisions"}],"wp:attachment":[{"href":"https:\/\/www.sunloan.com\/es\/wp-json\/wp\/v2\/media?parent=4641"}],"curies":[{"name":"wp","href":"https:\/\/api.w.org\/{rel}","templated":true}]}}