{"id":2987,"date":"2022-10-19T15:07:26","date_gmt":"2022-10-19T21:07:26","guid":{"rendered":"https:\/\/www.sunloan.com\/?page_id=2987"},"modified":"2025-03-18T09:30:45","modified_gmt":"2025-03-18T15:30:45","slug":"preparacion-de-impuestos-en-linea","status":"publish","type":"page","link":"https:\/\/www.sunloan.com\/es\/preparacion\/preparacion-de-impuestos-en-linea\/","title":{"rendered":"Online Tax Preparation"},"content":{"rendered":"<\/div><section id=\"block_b8dc366d32f1e9c3278efefed2339967\" class=\"block-hero-bar alignfull block-hero-bar has-font-color text-default\">    <div class=\"page-title-area bg_red\">\n        <div class=\"container\">\n            <div class=\"row\">\n                <div class=\"col-lg-12\">\n                    <div class=\"page-title white left\">\n                        <h1> Preparaci\u00f3n de impuestos en l\u00ednea<\/h1>\n                                            <\/div>\n                <\/div>\n            <\/div>\n        <\/div>\n        <img decoding=\"async\" src=\"\/wp-content\/themes\/sunloan-theme\/assets\/images\/dot-3.webp\" alt=\"\" class=\"dot_shape\">\n    <\/div>\n    <\/section>\n\n\n<\/div><section id=\"block_c8b73eb0565876f7028a1f5e327526fa\" class=\"block-text  alignfull block-title-bar has-font-color text-default\">\t<div class=\"achieve-area achieve-consolidation noline \">\n        <div class=\"container\">\n            <div class=\"row\">\n                <div class=\"col-lg-12\">\n                    <div class=\"achieve-text\">\n                        <h2>Llama a la sucursal m\u00e1s cercana para recibir una liga de carga de documentos personalizado y comenzar el proceso de declaraci\u00f3n de impuestos en l\u00ednea<\/h2>\n                        <p>Nuestro equipo de expertos ayuda a miles de clientes a obtener el m\u00e1ximo reembolso posible, simplificando el proceso de declaraci\u00f3n y eliminando el estr\u00e9s.<\/p>\n\n\t\t\t\t\t\t\t\t\t\t\t\t\t\t\t\t\t\t\t\t\t\t\t\t\t\t\t\t\t<div class=\"twin-btn single-btn\">\n\t\t\t\t\t\t\t\t\t\t\t\t\t\t\t\t\t\t\t\t\t\t\t\t\t<a href=\"https:\/\/www.sunloan.com\/find-a-branch\/\" target=\"_self\" class=\"common-btn btn_normal\">Llama a una sucursal<\/a>\n\t\t\t\t\t\t\t\t\t\t\t\t\t\t\t\t\t<\/div>\n\t\t\t\t\t\t\t\t\t\t\t\t\t                    <\/div>\n                <\/div>\n            <\/div>\n        <\/div>\n    <\/div>\n<\/section>\n  \n\n<section id=\"block_cbd236e37cbde22ea2a3116ec9a2d2b4\" class=\"block-text-icon alignwide block-text-icon has-font-color text-default\"><div class=\"about-area pt-5 mt-lg-5 \">\n\t<div class=\"container-fluid mw-xxl\">\n\t\t<div class=\"row\">\n\t\t\t<div class=\"area-title text-center\">\n\t\t\t\t<h2>\u00bfC\u00f3mo preparar tus impuestos en l\u00ednea? <\/h2>\n\t\t\t\t<p>En Sun Loan nos esforzamos en hacer m\u00e1s f\u00e1cil la asistencia para preparar tus impuestos desde donde te encuentres.<\/p>\t\t\t<\/div>\n\t\t<\/div>\n\t\t<div class=\"row justify-content-center\">\n\n\t\t\t\t\t\t\t\t<div class=\"col-lg-4 col-md-4\">\n\t\t\t\t\t\t<div class=\"about-card\">\n\n\t\t\t\t\t\t\t<img decoding=\"async\" src=\"https:\/\/www.sunloan.com\/wp-content\/uploads\/2022\/05\/SL-homepage-location-icon-checkloanlimit.svg\" class=\"\" alt=\"SL-homepage-location-icon-checkloanlimit\" id=\"2517\" loading=\"lazy\" \/><h4>1.  Llama a tu sucursal m\u00e1s cercana <\/h4><p>Llama o visita una sucursal para recibir una liga personalizada y segura para cargar tus documentos<\/p>\n\t\t\t\t\t\t<\/div>\n\t\t\t\t\t<\/div>\n\t\t\t\t\t\t\t\t<div class=\"col-lg-4 col-md-4\">\n\t\t\t\t\t\t<div class=\"about-card\">\n\n\t\t\t\t\t\t\t<img decoding=\"async\" src=\"https:\/\/www.sunloan.com\/wp-content\/uploads\/2022\/05\/SL-onlinetax-icon-upload.svg\" class=\"\" alt=\"SL-onlinetax-icon-upload\" id=\"2526\" loading=\"lazy\" \/><h4>2.  Sube tus documentos en l\u00ednea<\/h4><p>Haz clic en tu liga personalizada para iniciar sesi\u00f3n y cargar escaneos o fotos claras de documentos de impuestos<\/p>\n\t\t\t\t\t\t<\/div>\n\t\t\t\t\t<\/div>\n\t\t\t\t\t\t\t\t<div class=\"col-lg-4 col-md-4\">\n\t\t\t\t\t\t<div class=\"about-card\">\n\n\t\t\t\t\t\t\t<img decoding=\"async\" src=\"https:\/\/www.sunloan.com\/wp-content\/uploads\/2022\/05\/SL-onlinetax-icon-review.svg\" class=\"\" alt=\"SL-onlinetax-icon-review\" id=\"2525\" loading=\"lazy\" \/><h4>3. Revisa tu forma<\/h4><p>Siempre tendr\u00e1s la oportunidad de revisar tu forma antes de que la enviemos<\/p>\n\t\t\t\t\t\t<\/div>\n\t\t\t\t\t<\/div>\n\t\t\t\t\t\t\t\t<div class=\"col-lg-4 col-md-4\">\n\t\t\t\t\t\t<div class=\"about-card\">\n\n\t\t\t\t\t\t\t<img decoding=\"async\" src=\"https:\/\/www.sunloan.com\/wp-content\/uploads\/2022\/05\/SL-onlinetax-icon-esign.svg\" class=\"\" alt=\"SL-onlinetax-icon-esign\" id=\"2524\" loading=\"lazy\" \/><h4>4. Firma electr\u00f3nicamente desde tu casa<\/h4><p>No es necesario presentarse en persona a una sucursal para completar el proceso<\/p>\n\t\t\t\t\t\t<\/div>\n\t\t\t\t\t<\/div>\n\t\t\t\n\t\t<\/div>\n\n\t\t\t\t\t<\/div>\n<\/div>\n<\/section>\n\n<section id=\"block_52b39b7143028cefccf2222d2820a687\" class=\"block-cta-banneralignwide block-cta-banner has-font-color text-default\">\t<div class=\"promo-area line_yellow\">\n        <div class=\"container\">\n            <div class=\"row\">\n                <div class=\"col-lg-12\">\n                    <div class=\"promo-text\">\n                        <h2>\u00bfListo para comenzar?<\/h2>\n                        <a href=\"https:\/\/www.sunloan.com\/es\/preparacion\/preparacion-de-impuestos-en-linea\/\" target=\"_self\" class=\"common-btn btn_red2 \">Empieza en l\u00ednea<\/a><a href=\"https:\/\/www.sunloan.com\/es\/sucursales\/\" target=\"_self\" class=\"common-btn btn_red2 \">Encuentra una sucursal<\/a>                    <\/div>\n                <\/div>\n            <\/div>\n        <\/div>\n    <\/div>\n<\/section>\n  ","protected":false},"excerpt":{"rendered":"","protected":false},"author":3,"featured_media":0,"parent":2983,"menu_order":0,"comment_status":"closed","ping_status":"closed","template":"","meta":{"_acf_changed":false,"footnotes":""},"class_list":["post-2987","page","type-page","status-publish","hentry"],"acf":[],"yoast_head":"<!-- This site is optimized with the Yoast SEO plugin v27.3 - https:\/\/yoast.com\/product\/yoast-seo-wordpress\/ -->\n<title>Preparaci\u00f3n de impuestos en l\u00ednea - Sun Loan Company<\/title>\n<meta name=\"robots\" content=\"index, follow, max-snippet:-1, max-image-preview:large, max-video-preview:-1\" \/>\n<link rel=\"canonical\" href=\"https:\/\/www.sunloan.com\/es\/preparacion\/preparacion-de-impuestos-en-linea\/\" \/>\n<meta property=\"og:locale\" content=\"es_ES\" \/>\n<meta property=\"og:type\" content=\"article\" \/>\n<meta property=\"og:title\" content=\"Preparaci\u00f3n de impuestos en l\u00ednea - Sun Loan Company\" \/>\n<meta property=\"og:url\" content=\"https:\/\/www.sunloan.com\/es\/preparacion\/preparacion-de-impuestos-en-linea\/\" \/>\n<meta property=\"og:site_name\" content=\"Sun Loan Company\" \/>\n<meta property=\"article:modified_time\" content=\"2025-03-18T15:30:45+00:00\" \/>\n<meta name=\"twitter:card\" content=\"summary_large_image\" \/>\n<script type=\"application\/ld+json\" class=\"yoast-schema-graph\">{\"@context\":\"https:\\\/\\\/schema.org\",\"@graph\":[{\"@type\":\"WebPage\",\"@id\":\"https:\\\/\\\/www.sunloan.com\\\/es\\\/preparacion\\\/preparacion-de-impuestos-en-linea\\\/\",\"url\":\"https:\\\/\\\/www.sunloan.com\\\/es\\\/preparacion\\\/preparacion-de-impuestos-en-linea\\\/\",\"name\":\"Preparaci\u00f3n de impuestos en l\u00ednea - Sun Loan Company\",\"isPartOf\":{\"@id\":\"https:\\\/\\\/www.sunloan.com\\\/es\\\/#website\"},\"datePublished\":\"2022-10-19T21:07:26+00:00\",\"dateModified\":\"2025-03-18T15:30:45+00:00\",\"breadcrumb\":{\"@id\":\"https:\\\/\\\/www.sunloan.com\\\/es\\\/preparacion\\\/preparacion-de-impuestos-en-linea\\\/#breadcrumb\"},\"inLanguage\":\"es\",\"potentialAction\":[{\"@type\":\"ReadAction\",\"target\":[\"https:\\\/\\\/www.sunloan.com\\\/es\\\/preparacion\\\/preparacion-de-impuestos-en-linea\\\/\"]}]},{\"@type\":\"BreadcrumbList\",\"@id\":\"https:\\\/\\\/www.sunloan.com\\\/es\\\/preparacion\\\/preparacion-de-impuestos-en-linea\\\/#breadcrumb\",\"itemListElement\":[{\"@type\":\"ListItem\",\"position\":1,\"name\":\"Home\",\"item\":\"https:\\\/\\\/www.sunloan.com\\\/es\\\/\"},{\"@type\":\"ListItem\",\"position\":2,\"name\":\"Tax Preparation Services &#8211; Spanish\",\"item\":\"https:\\\/\\\/www.sunloan.com\\\/es\\\/preparacion\\\/\"},{\"@type\":\"ListItem\",\"position\":3,\"name\":\"Online Tax Preparation\"}]},{\"@type\":\"WebSite\",\"@id\":\"https:\\\/\\\/www.sunloan.com\\\/es\\\/#website\",\"url\":\"https:\\\/\\\/www.sunloan.com\\\/es\\\/\",\"name\":\"Sun Loan Company\",\"description\":\"\",\"publisher\":{\"@id\":\"https:\\\/\\\/www.sunloan.com\\\/es\\\/#organization\"},\"potentialAction\":[{\"@type\":\"SearchAction\",\"target\":{\"@type\":\"EntryPoint\",\"urlTemplate\":\"https:\\\/\\\/www.sunloan.com\\\/es\\\/?s={search_term_string}\"},\"query-input\":{\"@type\":\"PropertyValueSpecification\",\"valueRequired\":true,\"valueName\":\"search_term_string\"}}],\"inLanguage\":\"es\"},{\"@type\":\"Organization\",\"@id\":\"https:\\\/\\\/www.sunloan.com\\\/es\\\/#organization\",\"name\":\"Sun Loan Company\",\"url\":\"https:\\\/\\\/www.sunloan.com\\\/es\\\/\",\"logo\":{\"@type\":\"ImageObject\",\"inLanguage\":\"es\",\"@id\":\"https:\\\/\\\/www.sunloan.com\\\/es\\\/#\\\/schema\\\/logo\\\/image\\\/\",\"url\":\"https:\\\/\\\/www.sunloan.com\\\/wp-content\\\/uploads\\\/2022\\\/06\\\/logo.svg\",\"contentUrl\":\"https:\\\/\\\/www.sunloan.com\\\/wp-content\\\/uploads\\\/2022\\\/06\\\/logo.svg\",\"width\":1,\"height\":1,\"caption\":\"Sun Loan Company\"},\"image\":{\"@id\":\"https:\\\/\\\/www.sunloan.com\\\/es\\\/#\\\/schema\\\/logo\\\/image\\\/\"}}]}<\/script>\n<!-- \/ Yoast SEO plugin. -->","yoast_head_json":{"title":"Preparaci\u00f3n de impuestos en l\u00ednea - Sun Loan Company","robots":{"index":"index","follow":"follow","max-snippet":"max-snippet:-1","max-image-preview":"max-image-preview:large","max-video-preview":"max-video-preview:-1"},"canonical":"https:\/\/www.sunloan.com\/es\/preparacion\/preparacion-de-impuestos-en-linea\/","og_locale":"es_ES","og_type":"article","og_title":"Preparaci\u00f3n de impuestos en l\u00ednea - Sun Loan Company","og_url":"https:\/\/www.sunloan.com\/es\/preparacion\/preparacion-de-impuestos-en-linea\/","og_site_name":"Sun Loan Company","article_modified_time":"2025-03-18T15:30:45+00:00","twitter_card":"summary_large_image","schema":{"@context":"https:\/\/schema.org","@graph":[{"@type":"WebPage","@id":"https:\/\/www.sunloan.com\/es\/preparacion\/preparacion-de-impuestos-en-linea\/","url":"https:\/\/www.sunloan.com\/es\/preparacion\/preparacion-de-impuestos-en-linea\/","name":"Preparaci\u00f3n de impuestos en l\u00ednea - Sun Loan Company","isPartOf":{"@id":"https:\/\/www.sunloan.com\/es\/#website"},"datePublished":"2022-10-19T21:07:26+00:00","dateModified":"2025-03-18T15:30:45+00:00","breadcrumb":{"@id":"https:\/\/www.sunloan.com\/es\/preparacion\/preparacion-de-impuestos-en-linea\/#breadcrumb"},"inLanguage":"es","potentialAction":[{"@type":"ReadAction","target":["https:\/\/www.sunloan.com\/es\/preparacion\/preparacion-de-impuestos-en-linea\/"]}]},{"@type":"BreadcrumbList","@id":"https:\/\/www.sunloan.com\/es\/preparacion\/preparacion-de-impuestos-en-linea\/#breadcrumb","itemListElement":[{"@type":"ListItem","position":1,"name":"Home","item":"https:\/\/www.sunloan.com\/es\/"},{"@type":"ListItem","position":2,"name":"Tax Preparation Services &#8211; Spanish","item":"https:\/\/www.sunloan.com\/es\/preparacion\/"},{"@type":"ListItem","position":3,"name":"Online Tax Preparation"}]},{"@type":"WebSite","@id":"https:\/\/www.sunloan.com\/es\/#website","url":"https:\/\/www.sunloan.com\/es\/","name":"Sun Loan Company","description":"","publisher":{"@id":"https:\/\/www.sunloan.com\/es\/#organization"},"potentialAction":[{"@type":"SearchAction","target":{"@type":"EntryPoint","urlTemplate":"https:\/\/www.sunloan.com\/es\/?s={search_term_string}"},"query-input":{"@type":"PropertyValueSpecification","valueRequired":true,"valueName":"search_term_string"}}],"inLanguage":"es"},{"@type":"Organization","@id":"https:\/\/www.sunloan.com\/es\/#organization","name":"Sun Loan Company","url":"https:\/\/www.sunloan.com\/es\/","logo":{"@type":"ImageObject","inLanguage":"es","@id":"https:\/\/www.sunloan.com\/es\/#\/schema\/logo\/image\/","url":"https:\/\/www.sunloan.com\/wp-content\/uploads\/2022\/06\/logo.svg","contentUrl":"https:\/\/www.sunloan.com\/wp-content\/uploads\/2022\/06\/logo.svg","width":1,"height":1,"caption":"Sun Loan Company"},"image":{"@id":"https:\/\/www.sunloan.com\/es\/#\/schema\/logo\/image\/"}}]}},"_links":{"self":[{"href":"https:\/\/www.sunloan.com\/es\/wp-json\/wp\/v2\/pages\/2987","targetHints":{"allow":["GET"]}}],"collection":[{"href":"https:\/\/www.sunloan.com\/es\/wp-json\/wp\/v2\/pages"}],"about":[{"href":"https:\/\/www.sunloan.com\/es\/wp-json\/wp\/v2\/types\/page"}],"author":[{"embeddable":true,"href":"https:\/\/www.sunloan.com\/es\/wp-json\/wp\/v2\/users\/3"}],"replies":[{"embeddable":true,"href":"https:\/\/www.sunloan.com\/es\/wp-json\/wp\/v2\/comments?post=2987"}],"version-history":[{"count":0,"href":"https:\/\/www.sunloan.com\/es\/wp-json\/wp\/v2\/pages\/2987\/revisions"}],"up":[{"embeddable":true,"href":"https:\/\/www.sunloan.com\/es\/wp-json\/wp\/v2\/pages\/2983"}],"wp:attachment":[{"href":"https:\/\/www.sunloan.com\/es\/wp-json\/wp\/v2\/media?parent=2987"}],"curies":[{"name":"wp","href":"https:\/\/api.w.org\/{rel}","templated":true}]}}