{"id":2904,"date":"2022-05-17T08:49:27","date_gmt":"2022-05-17T14:49:27","guid":{"rendered":"https:\/\/www.sunloan.com\/sitemap\/"},"modified":"2022-08-17T14:06:40","modified_gmt":"2022-08-17T20:06:40","slug":"mapa-del-sitio","status":"publish","type":"page","link":"https:\/\/www.sunloan.com\/es\/mapa-del-sitio\/","title":{"rendered":"Sitemap"},"content":{"rendered":"<\/div><section id=\"block_6267c0940a2ff\" class=\"block-hero-bar alignfull block-hero-bar has-font-color text-default\">    <div class=\"page-title-area bg_blue\">\n        <div class=\"container\">\n            <div class=\"row\">\n                <div class=\"col-lg-12\">\n                    <div class=\"page-title white left\">\n                        <h1>Mapa del sitio<\/h1>\n                                            <\/div>\n                <\/div>\n            <\/div>\n        <\/div>\n        <img decoding=\"async\" src=\"\/wp-content\/themes\/sunloan-theme\/assets\/images\/dot-3.webp\" alt=\"\" class=\"dot_shape\">\n    <\/div>\n    <\/section>\n\n<section id=\"contact-content\" class=\"wp-block-group cs_section mx_800 is-content-justification-left is-layout-flex wp-container-core-group-is-layout-82bb926b wp-block-group-is-layout-flex\">\n<div class=\"wp-block-columns is-layout-flex wp-container-core-columns-is-layout-28f84493 wp-block-columns-is-layout-flex\">\n<div class=\"wp-block-column is-layout-flow wp-block-column-is-layout-flow\" style=\"flex-basis:100%\">\n<div style=\"height:30px\" aria-hidden=\"true\" class=\"wp-block-spacer\"><\/div>\n\n\n\n<ul class=\"wp-block-list\"><li><a href=\"https:\/\/www.sunloan.com\/es\/\">Homepage<\/a><\/li><li><a href=\"https:\/\/www.sunloan.com\/es\/acerca\/\">\u00bfPor qu\u00e9 Sun Loan?<\/a><\/li><li><a href=\"https:\/\/www.sunloan.com\/es\/prestamos\/\"> Pr\u00e9stamos<\/a><ul><li><a href=\"https:\/\/www.sunloan.com\/es\/prestamos\/prestamos-para-reparacion-de-autos\/\">Reparaciones de auto<\/a><\/li><li><a href=\"https:\/\/www.sunloan.com\/es\/prestamos\/prestamos-para-mejoras-del-hogar\/\">Mejoras en el hogar<\/a><\/li><li><a href=\"https:\/\/www.sunloan.com\/es\/prestamos\/consolidacion-de-cuentas\/\">Consolidar cuentas<\/a><\/li><li><a href=\"https:\/\/www.sunloan.com\/es\/prestamos\/fiestas-celebraciones\/\">Fiestas y celebraciones<\/a><\/li><li><a href=\"https:\/\/www.sunloan.com\/es\/prestamos\/prestamos-con-mal-credito\/\">Pr\u00e9stamos con mal cr\u00e9dito<\/a><\/li><\/ul><\/li><li><a href=\"https:\/\/www.sunloan.com\/es\/preparacion-de-impuestos\/\">Impuestos<\/a><ul><li><a href=\"https:\/\/www.sunloan.com\/es\/preparacion-de-impuestos\/reembolso-por-adelantado\/\">Reembolso por adelantado<\/a><\/li><li><a href=\"https:\/\/www.sunloan.com\/es\/preparacion-de-impuestos\/preparacion-de-impuestos-en-linea\/\">Preparaci\u00f3n de impuestos en l\u00ednea<\/a><\/li><li><a href=\"https:\/\/www.sunloan.com\/es\/preparacion-de-impuestos\/preparacion-de-impuestos-en-persona\/\">Preparaci\u00f3n de impuestos en persona<\/a><\/li><li><a href=\"https:\/\/www.sunloan.com\/es\/preparacion-de-impuestos\/preparacion-de-impuestos-por-adelantado\/\">Servicio de entrega de documentos<\/a><\/li><\/ul><\/li><li><a href=\"https:\/\/www.sunloan.com\/es\/sucursales\/\">Encuentra una Sucursal<\/a><\/li><li><a href=\"https:\/\/www.sunloan.com\/es\/servicios-de-emergencia-en-carretera\/\">Auto Club<\/a><\/li><li><a href=\"https:\/\/www.sunloan.com\/es\/contacto\/\">Contacto<\/a><\/li><li><a href=\"https:\/\/www.sunloan.com\/es\/empleos\/\">Carreras<\/a><\/li><li><a href=\"https:\/\/www.sunloan.com\/es\/licencias-divulgaciones\/\">Licenses\/Disclosures<\/a><\/li><li><a href=\"https:\/\/www.sunloan.com\/es\/politica-de-privacidad\/\">Privacy Policy<\/a><\/li><\/ul>\n\n\n\n<div style=\"height:30px\" aria-hidden=\"true\" class=\"wp-block-spacer\"><\/div>\n<\/div>\n<\/div>\n<\/section>\n","protected":false},"excerpt":{"rendered":"<p>Homepage \u00bfPor qu\u00e9 Sun Loan? Pr\u00e9stamos Reparaciones de auto Mejoras en el hogar Consolidar cuentas Fiestas y celebraciones Pr\u00e9stamos con mal cr\u00e9dito Impuestos Reembolso por adelantado Preparaci\u00f3n de impuestos en l\u00ednea Preparaci\u00f3n de impuestos en persona Servicio de entrega de documentos Encuentra una Sucursal Auto Club Contacto Carreras Licenses\/Disclosures Privacy Policy<\/p>\n","protected":false},"author":3,"featured_media":0,"parent":0,"menu_order":0,"comment_status":"closed","ping_status":"closed","template":"","meta":{"_acf_changed":false,"footnotes":""},"class_list":["post-2904","page","type-page","status-publish","hentry"],"acf":[],"yoast_head":"<!-- This site is optimized with the Yoast SEO plugin v27.5 - https:\/\/yoast.com\/product\/yoast-seo-wordpress\/ -->\n<title>\u00a1Encuentra cualquier p\u00e1gina en nuestro sitio web usando el mapa del sitio! \u00bfNo encuentras lo que buscas? Ll\u00e1manos al (844) 786-7100.<\/title>\n<meta name=\"robots\" content=\"index, follow, max-snippet:-1, max-image-preview:large, max-video-preview:-1\" \/>\n<link rel=\"canonical\" href=\"https:\/\/www.sunloan.com\/es\/mapa-del-sitio\/\" \/>\n<meta property=\"og:locale\" content=\"es_ES\" \/>\n<meta property=\"og:type\" content=\"article\" \/>\n<meta property=\"og:title\" content=\"\u00a1Encuentra cualquier p\u00e1gina en nuestro sitio web usando el mapa del sitio! \u00bfNo encuentras lo que buscas? Ll\u00e1manos al (844) 786-7100.\" \/>\n<meta property=\"og:description\" content=\"Homepage \u00bfPor qu\u00e9 Sun Loan? Pr\u00e9stamos Reparaciones de auto Mejoras en el hogar Consolidar cuentas Fiestas y celebraciones Pr\u00e9stamos con mal cr\u00e9dito Impuestos Reembolso por adelantado Preparaci\u00f3n de impuestos en l\u00ednea Preparaci\u00f3n de impuestos en persona Servicio de entrega de documentos Encuentra una Sucursal Auto Club Contacto Carreras Licenses\/Disclosures Privacy Policy\" \/>\n<meta property=\"og:url\" content=\"https:\/\/www.sunloan.com\/es\/mapa-del-sitio\/\" \/>\n<meta property=\"og:site_name\" content=\"Sun Loan Company\" \/>\n<meta property=\"article:modified_time\" content=\"2022-08-17T20:06:40+00:00\" \/>\n<meta name=\"twitter:card\" content=\"summary_large_image\" \/>\n<script type=\"application\/ld+json\" class=\"yoast-schema-graph\">{\"@context\":\"https:\\\/\\\/schema.org\",\"@graph\":[{\"@type\":\"WebPage\",\"@id\":\"https:\\\/\\\/www.sunloan.com\\\/es\\\/mapa-del-sitio\\\/\",\"url\":\"https:\\\/\\\/www.sunloan.com\\\/es\\\/mapa-del-sitio\\\/\",\"name\":\"\u00a1Encuentra cualquier p\u00e1gina en nuestro sitio web usando el mapa del sitio! \u00bfNo encuentras lo que buscas? Ll\u00e1manos al (844) 786-7100.\",\"isPartOf\":{\"@id\":\"https:\\\/\\\/www.sunloan.com\\\/es\\\/#website\"},\"datePublished\":\"2022-05-17T14:49:27+00:00\",\"dateModified\":\"2022-08-17T20:06:40+00:00\",\"breadcrumb\":{\"@id\":\"https:\\\/\\\/www.sunloan.com\\\/es\\\/mapa-del-sitio\\\/#breadcrumb\"},\"inLanguage\":\"es\",\"potentialAction\":[{\"@type\":\"ReadAction\",\"target\":[\"https:\\\/\\\/www.sunloan.com\\\/es\\\/mapa-del-sitio\\\/\"]}]},{\"@type\":\"BreadcrumbList\",\"@id\":\"https:\\\/\\\/www.sunloan.com\\\/es\\\/mapa-del-sitio\\\/#breadcrumb\",\"itemListElement\":[{\"@type\":\"ListItem\",\"position\":1,\"name\":\"Home\",\"item\":\"https:\\\/\\\/www.sunloan.com\\\/es\\\/\"},{\"@type\":\"ListItem\",\"position\":2,\"name\":\"Sitemap\"}]},{\"@type\":\"WebSite\",\"@id\":\"https:\\\/\\\/www.sunloan.com\\\/es\\\/#website\",\"url\":\"https:\\\/\\\/www.sunloan.com\\\/es\\\/\",\"name\":\"Sun Loan Company\",\"description\":\"\",\"publisher\":{\"@id\":\"https:\\\/\\\/www.sunloan.com\\\/es\\\/#organization\"},\"potentialAction\":[{\"@type\":\"SearchAction\",\"target\":{\"@type\":\"EntryPoint\",\"urlTemplate\":\"https:\\\/\\\/www.sunloan.com\\\/es\\\/?s={search_term_string}\"},\"query-input\":{\"@type\":\"PropertyValueSpecification\",\"valueRequired\":true,\"valueName\":\"search_term_string\"}}],\"inLanguage\":\"es\"},{\"@type\":\"Organization\",\"@id\":\"https:\\\/\\\/www.sunloan.com\\\/es\\\/#organization\",\"name\":\"Sun Loan Company\",\"url\":\"https:\\\/\\\/www.sunloan.com\\\/es\\\/\",\"logo\":{\"@type\":\"ImageObject\",\"inLanguage\":\"es\",\"@id\":\"https:\\\/\\\/www.sunloan.com\\\/es\\\/#\\\/schema\\\/logo\\\/image\\\/\",\"url\":\"https:\\\/\\\/www.sunloan.com\\\/wp-content\\\/uploads\\\/2022\\\/06\\\/logo.svg\",\"contentUrl\":\"https:\\\/\\\/www.sunloan.com\\\/wp-content\\\/uploads\\\/2022\\\/06\\\/logo.svg\",\"width\":1,\"height\":1,\"caption\":\"Sun Loan Company\"},\"image\":{\"@id\":\"https:\\\/\\\/www.sunloan.com\\\/es\\\/#\\\/schema\\\/logo\\\/image\\\/\"}}]}<\/script>\n<!-- \/ Yoast SEO plugin. -->","yoast_head_json":{"title":"\u00a1Encuentra cualquier p\u00e1gina en nuestro sitio web usando el mapa del sitio! \u00bfNo encuentras lo que buscas? Ll\u00e1manos al (844) 786-7100.","robots":{"index":"index","follow":"follow","max-snippet":"max-snippet:-1","max-image-preview":"max-image-preview:large","max-video-preview":"max-video-preview:-1"},"canonical":"https:\/\/www.sunloan.com\/es\/mapa-del-sitio\/","og_locale":"es_ES","og_type":"article","og_title":"\u00a1Encuentra cualquier p\u00e1gina en nuestro sitio web usando el mapa del sitio! \u00bfNo encuentras lo que buscas? Ll\u00e1manos al (844) 786-7100.","og_description":"Homepage \u00bfPor qu\u00e9 Sun Loan? Pr\u00e9stamos Reparaciones de auto Mejoras en el hogar Consolidar cuentas Fiestas y celebraciones Pr\u00e9stamos con mal cr\u00e9dito Impuestos Reembolso por adelantado Preparaci\u00f3n de impuestos en l\u00ednea Preparaci\u00f3n de impuestos en persona Servicio de entrega de documentos Encuentra una Sucursal Auto Club Contacto Carreras Licenses\/Disclosures Privacy Policy","og_url":"https:\/\/www.sunloan.com\/es\/mapa-del-sitio\/","og_site_name":"Sun Loan Company","article_modified_time":"2022-08-17T20:06:40+00:00","twitter_card":"summary_large_image","schema":{"@context":"https:\/\/schema.org","@graph":[{"@type":"WebPage","@id":"https:\/\/www.sunloan.com\/es\/mapa-del-sitio\/","url":"https:\/\/www.sunloan.com\/es\/mapa-del-sitio\/","name":"\u00a1Encuentra cualquier p\u00e1gina en nuestro sitio web usando el mapa del sitio! \u00bfNo encuentras lo que buscas? Ll\u00e1manos al (844) 786-7100.","isPartOf":{"@id":"https:\/\/www.sunloan.com\/es\/#website"},"datePublished":"2022-05-17T14:49:27+00:00","dateModified":"2022-08-17T20:06:40+00:00","breadcrumb":{"@id":"https:\/\/www.sunloan.com\/es\/mapa-del-sitio\/#breadcrumb"},"inLanguage":"es","potentialAction":[{"@type":"ReadAction","target":["https:\/\/www.sunloan.com\/es\/mapa-del-sitio\/"]}]},{"@type":"BreadcrumbList","@id":"https:\/\/www.sunloan.com\/es\/mapa-del-sitio\/#breadcrumb","itemListElement":[{"@type":"ListItem","position":1,"name":"Home","item":"https:\/\/www.sunloan.com\/es\/"},{"@type":"ListItem","position":2,"name":"Sitemap"}]},{"@type":"WebSite","@id":"https:\/\/www.sunloan.com\/es\/#website","url":"https:\/\/www.sunloan.com\/es\/","name":"Sun Loan Company","description":"","publisher":{"@id":"https:\/\/www.sunloan.com\/es\/#organization"},"potentialAction":[{"@type":"SearchAction","target":{"@type":"EntryPoint","urlTemplate":"https:\/\/www.sunloan.com\/es\/?s={search_term_string}"},"query-input":{"@type":"PropertyValueSpecification","valueRequired":true,"valueName":"search_term_string"}}],"inLanguage":"es"},{"@type":"Organization","@id":"https:\/\/www.sunloan.com\/es\/#organization","name":"Sun Loan Company","url":"https:\/\/www.sunloan.com\/es\/","logo":{"@type":"ImageObject","inLanguage":"es","@id":"https:\/\/www.sunloan.com\/es\/#\/schema\/logo\/image\/","url":"https:\/\/www.sunloan.com\/wp-content\/uploads\/2022\/06\/logo.svg","contentUrl":"https:\/\/www.sunloan.com\/wp-content\/uploads\/2022\/06\/logo.svg","width":1,"height":1,"caption":"Sun Loan Company"},"image":{"@id":"https:\/\/www.sunloan.com\/es\/#\/schema\/logo\/image\/"}}]}},"_links":{"self":[{"href":"https:\/\/www.sunloan.com\/es\/wp-json\/wp\/v2\/pages\/2904","targetHints":{"allow":["GET"]}}],"collection":[{"href":"https:\/\/www.sunloan.com\/es\/wp-json\/wp\/v2\/pages"}],"about":[{"href":"https:\/\/www.sunloan.com\/es\/wp-json\/wp\/v2\/types\/page"}],"author":[{"embeddable":true,"href":"https:\/\/www.sunloan.com\/es\/wp-json\/wp\/v2\/users\/3"}],"replies":[{"embeddable":true,"href":"https:\/\/www.sunloan.com\/es\/wp-json\/wp\/v2\/comments?post=2904"}],"version-history":[{"count":0,"href":"https:\/\/www.sunloan.com\/es\/wp-json\/wp\/v2\/pages\/2904\/revisions"}],"wp:attachment":[{"href":"https:\/\/www.sunloan.com\/es\/wp-json\/wp\/v2\/media?parent=2904"}],"curies":[{"name":"wp","href":"https:\/\/api.w.org\/{rel}","templated":true}]}}