{"id":2873,"date":"2022-05-16T09:46:46","date_gmt":"2022-05-16T15:46:46","guid":{"rendered":"https:\/\/www.sunloan.com\/licenses-disclosures\/"},"modified":"2024-01-18T16:04:18","modified_gmt":"2024-01-18T22:04:18","slug":"licencias-divulgaciones","status":"publish","type":"page","link":"https:\/\/www.sunloan.com\/es\/licencias-divulgaciones\/","title":{"rendered":"Licenses\/Disclosures"},"content":{"rendered":"<\/div><section id=\"block_d353984e96c818844c2d0f00cd334509\" class=\"block-hero-bar alignfull block-hero-bar has-font-color text-default\">    <div class=\"page-title-area black\">\n        <div class=\"container\">\n            <div class=\"row\">\n                <div class=\"col-lg-12\">\n                    <div class=\"page-title white left\">\n                        <h1>Licenses\/Disclosures<\/h1>\n                                            <\/div>\n                <\/div>\n            <\/div>\n        <\/div>\n        <img decoding=\"async\" src=\"\/wp-content\/themes\/sunloan-theme\/assets\/images\/dot-3.webp\" alt=\"\" class=\"dot_shape\">\n    <\/div>\n    <\/section>\n\n\n\n<section id=\"contact-content\" class=\"wp-block-group cs_section mx_800 is-content-justification-left is-layout-flex wp-container-core-group-is-layout-82bb926b wp-block-group-is-layout-flex\">\n<div class=\"wp-block-columns is-layout-flex wp-container-core-columns-is-layout-28f84493 wp-block-columns-is-layout-flex\">\n<div class=\"wp-block-column is-layout-flow wp-block-column-is-layout-flow\" style=\"flex-basis:100%\">\n<h2 class=\"wp-block-heading\">New Mexico<\/h2>\n\n\n\n<ul class=\"wp-block-list\">\n<li><a href=\"https:\/\/www.sunloan.com\/wp-content\/uploads\/2023\/03\/Consumer-Information-Common-Terms-and-Definitions.pdf\" target=\"_blank\" rel=\"noreferrer noopener\">Mandatory Consumer Information Brochure<\/a><\/li>\n\n\n\n<li><a href=\"https:\/\/www.sunloan.com\/wp-content\/uploads\/2023\/08\/NM-Updated-Loan-Rate-and-Fees-Disclosure.pdf\" target=\"_blank\" rel=\"noreferrer noopener\">Loan Rate and Fees Disclosure<\/a><\/li>\n\n\n\n<li><a href=\"https:\/\/www.sunloan.com\/wp-content\/uploads\/2023\/08\/NM-Web-License-2024.pdf\" target=\"_blank\" rel=\"noreferrer noopener\">New Mexico Web License<\/a><\/li>\n<\/ul>\n\n\n\n<h2 class=\"wp-block-heading\">New Mexico Concerns and Complaints<\/h2>\n\n\n\n<p><strong>TO REPORT A PROBLEM OR COMPLAINT WITH THIS LENDER, YOU MAY WRITE OR CALL<\/strong><\/p>\n\n\n\n<p><strong>Sun Loan Company \/ Compliance Dept<\/strong><br>254 Spencer Lane. San Antonio, TX 78201<br>800-531-7652<br><a href=\"mailto:contact@brundagemgt.com\">contact@brundagemgt.com<\/a><\/p>\n\n\n\n<p>This lender is licensed and regulated by the New Mexico Regulation and Licensing Department, Financial Institutions Division, P.O. Box 25101, 2550 Cerrillos Road, Santa Fe, New Mexico 87504.<br>To report any unresolved problems or complaints, contact the division by telephone at (505) 476-4885 or visit the website&nbsp;<a href=\"https:\/\/www.rld.state.nm.us\/\" target=\"_blank\" rel=\"noreferrer noopener\">http:\/\/www.rld.state.nm.us\/financialinstitutions\/<\/a><\/p>\n\n\n\n<h2 class=\"wp-block-heading\">Missouri<\/h2>\n\n\n\n<ul class=\"wp-block-list\">\n<li><a href=\"https:\/\/www.sunloan.com\/wp-content\/uploads\/2023\/04\/Missouri-Loan-Rate-Fees-Disclosure.pdf\" target=\"_blank\" rel=\"noreferrer noopener\">Missouri Loan Rate and Fees Disclosure<\/a><\/li>\n\n\n\n<li><a href=\"https:\/\/www.sunloan.com\/wp-content\/uploads\/2023\/08\/MO-State-License-updated-2024.pdf\" target=\"_blank\" rel=\"noreferrer noopener\">Missouri Call Center License<\/a><\/li>\n<\/ul>\n\n\n\n<div style=\"height:30px\" aria-hidden=\"true\" class=\"wp-block-spacer\"><\/div>\n<\/div>\n<\/div>\n<\/section>\n","protected":false},"excerpt":{"rendered":"<p>New Mexico New Mexico Concerns and Complaints TO REPORT A PROBLEM OR COMPLAINT WITH THIS LENDER, YOU MAY WRITE OR CALL Sun Loan Company \/ Compliance Dept254 Spencer Lane. San Antonio, TX 78201800-531-7652contact@brundagemgt.com This lender is licensed and regulated by the New Mexico Regulation and Licensing Department, Financial Institutions Division, P.O. Box 25101, 2550 Cerrillos&#8230;<\/p>\n","protected":false},"author":3,"featured_media":0,"parent":0,"menu_order":0,"comment_status":"closed","ping_status":"closed","template":"","meta":{"_acf_changed":false,"footnotes":""},"class_list":["post-2873","page","type-page","status-publish","hentry"],"acf":[],"yoast_head":"<!-- This site is optimized with the Yoast SEO plugin v27.5 - https:\/\/yoast.com\/product\/yoast-seo-wordpress\/ -->\n<title>Licencias\/Divulgaciones - Sun Loan Company<\/title>\n<meta name=\"description\" content=\"\u00a1Para leer sobre nuestra Divulgaci\u00f3n de tarifas para empresas peque\u00f1as, licencias y pr\u00e9stamos a plazos en Nuevo M\u00e9xico haz clic aqu\u00ed! Ll\u00e1manos al 844-786-7100 si tienes alguna pregunta.\" \/>\n<meta name=\"robots\" content=\"index, follow, max-snippet:-1, max-image-preview:large, max-video-preview:-1\" \/>\n<link rel=\"canonical\" href=\"https:\/\/www.sunloan.com\/es\/licencias-divulgaciones\/\" \/>\n<meta property=\"og:locale\" content=\"es_ES\" \/>\n<meta property=\"og:type\" content=\"article\" \/>\n<meta property=\"og:title\" content=\"Licencias\/Divulgaciones - Sun Loan Company\" \/>\n<meta property=\"og:description\" content=\"\u00a1Para leer sobre nuestra Divulgaci\u00f3n de tarifas para empresas peque\u00f1as, licencias y pr\u00e9stamos a plazos en Nuevo M\u00e9xico haz clic aqu\u00ed! Ll\u00e1manos al 844-786-7100 si tienes alguna pregunta.\" \/>\n<meta property=\"og:url\" content=\"https:\/\/www.sunloan.com\/es\/licencias-divulgaciones\/\" \/>\n<meta property=\"og:site_name\" content=\"Sun Loan Company\" \/>\n<meta property=\"article:modified_time\" content=\"2024-01-18T22:04:18+00:00\" \/>\n<meta name=\"twitter:card\" content=\"summary_large_image\" \/>\n<meta name=\"twitter:label1\" content=\"Tiempo de lectura\" \/>\n\t<meta name=\"twitter:data1\" content=\"1 minuto\" \/>\n<script type=\"application\/ld+json\" class=\"yoast-schema-graph\">{\"@context\":\"https:\\\/\\\/schema.org\",\"@graph\":[{\"@type\":\"WebPage\",\"@id\":\"https:\\\/\\\/www.sunloan.com\\\/es\\\/licencias-divulgaciones\\\/\",\"url\":\"https:\\\/\\\/www.sunloan.com\\\/es\\\/licencias-divulgaciones\\\/\",\"name\":\"Licencias\\\/Divulgaciones - Sun Loan Company\",\"isPartOf\":{\"@id\":\"https:\\\/\\\/www.sunloan.com\\\/es\\\/#website\"},\"datePublished\":\"2022-05-16T15:46:46+00:00\",\"dateModified\":\"2024-01-18T22:04:18+00:00\",\"description\":\"\u00a1Para leer sobre nuestra Divulgaci\u00f3n de tarifas para empresas peque\u00f1as, licencias y pr\u00e9stamos a plazos en Nuevo M\u00e9xico haz clic aqu\u00ed! Ll\u00e1manos al 844-786-7100 si tienes alguna pregunta.\",\"breadcrumb\":{\"@id\":\"https:\\\/\\\/www.sunloan.com\\\/es\\\/licencias-divulgaciones\\\/#breadcrumb\"},\"inLanguage\":\"es\",\"potentialAction\":[{\"@type\":\"ReadAction\",\"target\":[\"https:\\\/\\\/www.sunloan.com\\\/es\\\/licencias-divulgaciones\\\/\"]}]},{\"@type\":\"BreadcrumbList\",\"@id\":\"https:\\\/\\\/www.sunloan.com\\\/es\\\/licencias-divulgaciones\\\/#breadcrumb\",\"itemListElement\":[{\"@type\":\"ListItem\",\"position\":1,\"name\":\"Home\",\"item\":\"https:\\\/\\\/www.sunloan.com\\\/es\\\/\"},{\"@type\":\"ListItem\",\"position\":2,\"name\":\"Licenses\\\/Disclosures\"}]},{\"@type\":\"WebSite\",\"@id\":\"https:\\\/\\\/www.sunloan.com\\\/es\\\/#website\",\"url\":\"https:\\\/\\\/www.sunloan.com\\\/es\\\/\",\"name\":\"Sun Loan Company\",\"description\":\"\",\"publisher\":{\"@id\":\"https:\\\/\\\/www.sunloan.com\\\/es\\\/#organization\"},\"potentialAction\":[{\"@type\":\"SearchAction\",\"target\":{\"@type\":\"EntryPoint\",\"urlTemplate\":\"https:\\\/\\\/www.sunloan.com\\\/es\\\/?s={search_term_string}\"},\"query-input\":{\"@type\":\"PropertyValueSpecification\",\"valueRequired\":true,\"valueName\":\"search_term_string\"}}],\"inLanguage\":\"es\"},{\"@type\":\"Organization\",\"@id\":\"https:\\\/\\\/www.sunloan.com\\\/es\\\/#organization\",\"name\":\"Sun Loan Company\",\"url\":\"https:\\\/\\\/www.sunloan.com\\\/es\\\/\",\"logo\":{\"@type\":\"ImageObject\",\"inLanguage\":\"es\",\"@id\":\"https:\\\/\\\/www.sunloan.com\\\/es\\\/#\\\/schema\\\/logo\\\/image\\\/\",\"url\":\"https:\\\/\\\/www.sunloan.com\\\/wp-content\\\/uploads\\\/2022\\\/06\\\/logo.svg\",\"contentUrl\":\"https:\\\/\\\/www.sunloan.com\\\/wp-content\\\/uploads\\\/2022\\\/06\\\/logo.svg\",\"width\":1,\"height\":1,\"caption\":\"Sun Loan Company\"},\"image\":{\"@id\":\"https:\\\/\\\/www.sunloan.com\\\/es\\\/#\\\/schema\\\/logo\\\/image\\\/\"}}]}<\/script>\n<!-- \/ Yoast SEO plugin. -->","yoast_head_json":{"title":"Licencias\/Divulgaciones - Sun Loan Company","description":"\u00a1Para leer sobre nuestra Divulgaci\u00f3n de tarifas para empresas peque\u00f1as, licencias y pr\u00e9stamos a plazos en Nuevo M\u00e9xico haz clic aqu\u00ed! Ll\u00e1manos al 844-786-7100 si tienes alguna pregunta.","robots":{"index":"index","follow":"follow","max-snippet":"max-snippet:-1","max-image-preview":"max-image-preview:large","max-video-preview":"max-video-preview:-1"},"canonical":"https:\/\/www.sunloan.com\/es\/licencias-divulgaciones\/","og_locale":"es_ES","og_type":"article","og_title":"Licencias\/Divulgaciones - Sun Loan Company","og_description":"\u00a1Para leer sobre nuestra Divulgaci\u00f3n de tarifas para empresas peque\u00f1as, licencias y pr\u00e9stamos a plazos en Nuevo M\u00e9xico haz clic aqu\u00ed! Ll\u00e1manos al 844-786-7100 si tienes alguna pregunta.","og_url":"https:\/\/www.sunloan.com\/es\/licencias-divulgaciones\/","og_site_name":"Sun Loan Company","article_modified_time":"2024-01-18T22:04:18+00:00","twitter_card":"summary_large_image","twitter_misc":{"Tiempo de lectura":"1 minuto"},"schema":{"@context":"https:\/\/schema.org","@graph":[{"@type":"WebPage","@id":"https:\/\/www.sunloan.com\/es\/licencias-divulgaciones\/","url":"https:\/\/www.sunloan.com\/es\/licencias-divulgaciones\/","name":"Licencias\/Divulgaciones - Sun Loan Company","isPartOf":{"@id":"https:\/\/www.sunloan.com\/es\/#website"},"datePublished":"2022-05-16T15:46:46+00:00","dateModified":"2024-01-18T22:04:18+00:00","description":"\u00a1Para leer sobre nuestra Divulgaci\u00f3n de tarifas para empresas peque\u00f1as, licencias y pr\u00e9stamos a plazos en Nuevo M\u00e9xico haz clic aqu\u00ed! Ll\u00e1manos al 844-786-7100 si tienes alguna pregunta.","breadcrumb":{"@id":"https:\/\/www.sunloan.com\/es\/licencias-divulgaciones\/#breadcrumb"},"inLanguage":"es","potentialAction":[{"@type":"ReadAction","target":["https:\/\/www.sunloan.com\/es\/licencias-divulgaciones\/"]}]},{"@type":"BreadcrumbList","@id":"https:\/\/www.sunloan.com\/es\/licencias-divulgaciones\/#breadcrumb","itemListElement":[{"@type":"ListItem","position":1,"name":"Home","item":"https:\/\/www.sunloan.com\/es\/"},{"@type":"ListItem","position":2,"name":"Licenses\/Disclosures"}]},{"@type":"WebSite","@id":"https:\/\/www.sunloan.com\/es\/#website","url":"https:\/\/www.sunloan.com\/es\/","name":"Sun Loan Company","description":"","publisher":{"@id":"https:\/\/www.sunloan.com\/es\/#organization"},"potentialAction":[{"@type":"SearchAction","target":{"@type":"EntryPoint","urlTemplate":"https:\/\/www.sunloan.com\/es\/?s={search_term_string}"},"query-input":{"@type":"PropertyValueSpecification","valueRequired":true,"valueName":"search_term_string"}}],"inLanguage":"es"},{"@type":"Organization","@id":"https:\/\/www.sunloan.com\/es\/#organization","name":"Sun Loan Company","url":"https:\/\/www.sunloan.com\/es\/","logo":{"@type":"ImageObject","inLanguage":"es","@id":"https:\/\/www.sunloan.com\/es\/#\/schema\/logo\/image\/","url":"https:\/\/www.sunloan.com\/wp-content\/uploads\/2022\/06\/logo.svg","contentUrl":"https:\/\/www.sunloan.com\/wp-content\/uploads\/2022\/06\/logo.svg","width":1,"height":1,"caption":"Sun Loan Company"},"image":{"@id":"https:\/\/www.sunloan.com\/es\/#\/schema\/logo\/image\/"}}]}},"_links":{"self":[{"href":"https:\/\/www.sunloan.com\/es\/wp-json\/wp\/v2\/pages\/2873","targetHints":{"allow":["GET"]}}],"collection":[{"href":"https:\/\/www.sunloan.com\/es\/wp-json\/wp\/v2\/pages"}],"about":[{"href":"https:\/\/www.sunloan.com\/es\/wp-json\/wp\/v2\/types\/page"}],"author":[{"embeddable":true,"href":"https:\/\/www.sunloan.com\/es\/wp-json\/wp\/v2\/users\/3"}],"replies":[{"embeddable":true,"href":"https:\/\/www.sunloan.com\/es\/wp-json\/wp\/v2\/comments?post=2873"}],"version-history":[{"count":0,"href":"https:\/\/www.sunloan.com\/es\/wp-json\/wp\/v2\/pages\/2873\/revisions"}],"wp:attachment":[{"href":"https:\/\/www.sunloan.com\/es\/wp-json\/wp\/v2\/media?parent=2873"}],"curies":[{"name":"wp","href":"https:\/\/api.w.org\/{rel}","templated":true}]}}