{"id":2617,"date":"2022-05-05T18:24:12","date_gmt":"2022-05-06T00:24:12","guid":{"rendered":"https:\/\/www.sunloan.com\/?page_id=2617"},"modified":"2022-12-06T16:24:38","modified_gmt":"2022-12-06T22:24:38","slug":"preparacion-de-impuestos-por-adelantado","status":"publish","type":"page","link":"https:\/\/www.sunloan.com\/es\/preparacion\/preparacion-de-impuestos-por-adelantado\/","title":{"rendered":"Tax Drop-off Services"},"content":{"rendered":"<\/div><section id=\"block_2629aad0cfe1fde8bf4f807973df14d8\" class=\"block-hero-bar alignfull block-hero-bar has-font-color text-default\">    <div class=\"page-title-area bg_red\">\n        <div class=\"container\">\n            <div class=\"row\">\n                <div class=\"col-lg-12\">\n                    <div class=\"page-title white left\">\n                        <h1>Servicio de entrega de documentos<\/h1>\n                                            <\/div>\n                <\/div>\n            <\/div>\n        <\/div>\n        <img decoding=\"async\" src=\"\/wp-content\/themes\/sunloan-theme\/assets\/images\/dot-3.webp\" alt=\"\" class=\"dot_shape\">\n    <\/div>\n    <\/section>\n\n\n<\/div><section id=\"block_6166f816ff71a29f989e86fa70442915\" class=\"block-text  alignfull block-title-bar has-font-color text-default\">\t<div class=\"achieve-area achieve-consolidation noline \">\n        <div class=\"container\">\n            <div class=\"row\">\n                <div class=\"col-lg-12\">\n                    <div class=\"achieve-text\">\n                        <h2>\u00a1La preparaci\u00f3n de impuestos no tiene que ser una tarea que te lleve todo el d\u00eda! Deja tus documentos en la sucursal m\u00e1s cercana y nosotros nos encargamos del resto<\/h2>\n                        <p>Si eres de las personas que prefieren hacer las cosas en persona pero no tienes tiempo para esperar, puedes dejar tus documentos en tu sucursal de Sun Loan m\u00e1s cercana a ti, nosotros hacemos la preparaci\u00f3n, t\u00fa revisas la forma ya terminada, la apruebas y nosotros la enviamos<\/p>\n\n\t\t\t\t\t\t\t\t\t\t\t\t\t\t\t\t\t\t\t\t\t\t\t\t\t\t\t\t\t<div class=\"twin-btn single-btn\">\n\t\t\t\t\t\t\t\t\t\t\t\t\t\t\t\t\t\t\t\t\t\t\t\t\t<a href=\"https:\/\/www.sunloan.com\/find-a-branch\/\" target=\"_self\" class=\"common-btn btn_normal\">Encuentra una sucursal<\/a>\n\t\t\t\t\t\t\t\t\t\t\t\t\t\t\t\t\t<\/div>\n\t\t\t\t\t\t\t\t\t\t\t\t\t                    <\/div>\n                <\/div>\n            <\/div>\n        <\/div>\n    <\/div>\n<\/section>\n  \n\n<section id=\"block_17edf2ac9f960771e4184557eb5dca41\" class=\"block-text-icon alignwide block-text-icon has-font-color text-default\"><div class=\"about-area pt-5 mt-lg-5 \">\n\t<div class=\"container-fluid mw-xxl\">\n\t\t<div class=\"row\">\n\t\t\t<div class=\"area-title text-center\">\n\t\t\t\t<h2>C\u00f3mo participar en los servicios de reembolso con Sun Loan<\/h2>\n\t\t\t\t<p>Disfruta de la comodidad y la rapidez de preparar tus impuestos sin necesidad de escanear documentos o actualizar tu celular, tableta o computadora<\/p>\t\t\t<\/div>\n\t\t<\/div>\n\t\t<div class=\"row justify-content-center\">\n\n\t\t\t\t\t\t\t\t<div class=\"col-lg-4 col-md-4\">\n\t\t\t\t\t\t<div class=\"about-card\">\n\n\t\t\t\t\t\t\t<img decoding=\"async\" src=\"https:\/\/www.sunloan.com\/wp-content\/uploads\/2022\/05\/SL-inpersontax-taxdrop-icon-documents.svg\" class=\"\" alt=\"SL-inpersontax-taxdrop-icon-documents\" id=\"2519\" loading=\"lazy\" \/><h4>1. Re\u00fane tus documentos<\/h4><p>Trae tus formas W-2, n\u00famero de seguro social, identificaci\u00f3n con foto y cualquier forma 1099<\/p>\n\t\t\t\t\t\t<\/div>\n\t\t\t\t\t<\/div>\n\t\t\t\t\t\t\t\t<div class=\"col-lg-4 col-md-4\">\n\t\t\t\t\t\t<div class=\"about-card\">\n\n\t\t\t\t\t\t\t<img decoding=\"async\" src=\"https:\/\/www.sunloan.com\/wp-content\/uploads\/2022\/05\/SL-inpersontax-taxdrop-icon-findbranch.svg\" class=\"\" alt=\"SL-inpersontax-taxdrop-icon-findbranch\" id=\"2521\" loading=\"lazy\" \/><h4>2. Encuentra una sucursal<\/h4><p>Usa nuestro buscador de sucursales <a href=\"https:\/\/www.sunloan.com\/find-a-branch\/\">para localizar<\/a> una sucursal cerca de ti<\/p>\n\t\t\t\t\t\t<\/div>\n\t\t\t\t\t<\/div>\n\t\t\t\t\t\t\t\t<div class=\"col-lg-4 col-md-4\">\n\t\t\t\t\t\t<div class=\"about-card\">\n\n\t\t\t\t\t\t\t<img decoding=\"async\" src=\"https:\/\/www.sunloan.com\/wp-content\/uploads\/2022\/05\/SL-inpersontax-taxdrop-icon-reviewsign.svg\" class=\"\" alt=\"SL-inpersontax-taxdrop-icon-reviewsign\" id=\"2522\" loading=\"lazy\" \/><h4>3. Revisa y firma<\/h4><p>No necesitas regresar a la sucursal. Te avisaremos cuando todo est\u00e9 listo, lo revisas y firmas electr\u00f3nicamente  desde donde te encuentres y listo<\/p>\n\t\t\t\t\t\t<\/div>\n\t\t\t\t\t<\/div>\n\t\t\t\t\t\t\t\t<div class=\"col-lg-4 col-md-4\">\n\t\t\t\t\t\t<div class=\"about-card\">\n\n\t\t\t\t\t\t\t<img decoding=\"async\" src=\"https:\/\/www.sunloan.com\/wp-content\/uploads\/2022\/05\/SL-inpersontax-taxdrop-icon-efile.svg\" class=\"\" alt=\"SL-inpersontax-taxdrop-icon-efile\" id=\"2520\" loading=\"lazy\" \/><h4>4. Enviamos con e-file<\/h4><p>Aprueba tu forma y la enviaremos digitalmente para acelerar el proceso de reembolso<\/p>\n\t\t\t\t\t\t<\/div>\n\t\t\t\t\t<\/div>\n\t\t\t\n\t\t<\/div>\n\n\t\t\t\t\t<div class=\"row text-center mt-3 pb-3 pb-lg-5\">\n\t\t\t\t<div class=\"col-lg-12\">\n\t\t\t\t\t<div class=\"more-about\">\n\t\t\t\t\t\t\n\t\t\t\t\t\t\t\t\t\t\t<\/div>\n\t\t\t\t<\/div>\n\t\t\t<\/div>\n\t\t\t<\/div>\n<\/div>\n<\/section>\n\n<section id=\"block_8ce31cd1f383d6893fa2fdca17aa9437\" class=\"block-cta-banneralignwide block-cta-banner has-font-color text-default\">\t<div class=\"promo-area line_yellow\">\n        <div class=\"container\">\n            <div class=\"row\">\n                <div class=\"col-lg-12\">\n                    <div class=\"promo-text\">\n                        <h2>\u00bfListo para comenzar?<\/h2>\n                        <a href=\"https:\/\/www.sunloan.com\/es\/preparacion\/preparacion-de-impuestos-en-linea\/\" target=\"_self\" class=\"common-btn btn_red2 \">Empieza en l\u00ednea<\/a><a href=\"https:\/\/www.sunloan.com\/es\/sucursales\/\" target=\"_self\" class=\"common-btn btn_red2 \">Encuentra una sucursal<\/a>                    <\/div>\n                <\/div>\n            <\/div>\n        <\/div>\n    <\/div>\n<\/section>\n  ","protected":false},"excerpt":{"rendered":"","protected":false},"author":3,"featured_media":0,"parent":2983,"menu_order":0,"comment_status":"closed","ping_status":"closed","template":"","meta":{"_acf_changed":false,"footnotes":""},"class_list":["post-2617","page","type-page","status-publish","hentry"],"acf":[],"yoast_head":"<!-- This site is optimized with the Yoast SEO plugin v27.5 - https:\/\/yoast.com\/product\/yoast-seo-wordpress\/ -->\n<title>Servicio de entrega de documentos - Sun Loan Company<\/title>\n<meta name=\"robots\" content=\"index, follow, max-snippet:-1, max-image-preview:large, max-video-preview:-1\" \/>\n<link rel=\"canonical\" href=\"https:\/\/www.sunloan.com\/es\/preparacion\/preparacion-de-impuestos-por-adelantado\/\" \/>\n<meta property=\"og:locale\" content=\"es_ES\" \/>\n<meta property=\"og:type\" content=\"article\" \/>\n<meta property=\"og:title\" content=\"Servicio de entrega de documentos - Sun Loan Company\" \/>\n<meta property=\"og:url\" content=\"https:\/\/www.sunloan.com\/es\/preparacion\/preparacion-de-impuestos-por-adelantado\/\" \/>\n<meta property=\"og:site_name\" content=\"Sun Loan Company\" \/>\n<meta property=\"article:modified_time\" content=\"2022-12-06T22:24:38+00:00\" \/>\n<meta name=\"twitter:card\" content=\"summary_large_image\" \/>\n<script type=\"application\/ld+json\" class=\"yoast-schema-graph\">{\"@context\":\"https:\\\/\\\/schema.org\",\"@graph\":[{\"@type\":\"WebPage\",\"@id\":\"https:\\\/\\\/www.sunloan.com\\\/es\\\/preparacion\\\/preparacion-de-impuestos-por-adelantado\\\/\",\"url\":\"https:\\\/\\\/www.sunloan.com\\\/es\\\/preparacion\\\/preparacion-de-impuestos-por-adelantado\\\/\",\"name\":\"Servicio de entrega de documentos - Sun Loan Company\",\"isPartOf\":{\"@id\":\"https:\\\/\\\/www.sunloan.com\\\/es\\\/#website\"},\"datePublished\":\"2022-05-06T00:24:12+00:00\",\"dateModified\":\"2022-12-06T22:24:38+00:00\",\"breadcrumb\":{\"@id\":\"https:\\\/\\\/www.sunloan.com\\\/es\\\/preparacion\\\/preparacion-de-impuestos-por-adelantado\\\/#breadcrumb\"},\"inLanguage\":\"es\",\"potentialAction\":[{\"@type\":\"ReadAction\",\"target\":[\"https:\\\/\\\/www.sunloan.com\\\/es\\\/preparacion\\\/preparacion-de-impuestos-por-adelantado\\\/\"]}]},{\"@type\":\"BreadcrumbList\",\"@id\":\"https:\\\/\\\/www.sunloan.com\\\/es\\\/preparacion\\\/preparacion-de-impuestos-por-adelantado\\\/#breadcrumb\",\"itemListElement\":[{\"@type\":\"ListItem\",\"position\":1,\"name\":\"Home\",\"item\":\"https:\\\/\\\/www.sunloan.com\\\/es\\\/\"},{\"@type\":\"ListItem\",\"position\":2,\"name\":\"Tax Preparation Services &#8211; Spanish\",\"item\":\"https:\\\/\\\/www.sunloan.com\\\/es\\\/preparacion\\\/\"},{\"@type\":\"ListItem\",\"position\":3,\"name\":\"Tax Drop-off Services\"}]},{\"@type\":\"WebSite\",\"@id\":\"https:\\\/\\\/www.sunloan.com\\\/es\\\/#website\",\"url\":\"https:\\\/\\\/www.sunloan.com\\\/es\\\/\",\"name\":\"Sun Loan Company\",\"description\":\"\",\"publisher\":{\"@id\":\"https:\\\/\\\/www.sunloan.com\\\/es\\\/#organization\"},\"potentialAction\":[{\"@type\":\"SearchAction\",\"target\":{\"@type\":\"EntryPoint\",\"urlTemplate\":\"https:\\\/\\\/www.sunloan.com\\\/es\\\/?s={search_term_string}\"},\"query-input\":{\"@type\":\"PropertyValueSpecification\",\"valueRequired\":true,\"valueName\":\"search_term_string\"}}],\"inLanguage\":\"es\"},{\"@type\":\"Organization\",\"@id\":\"https:\\\/\\\/www.sunloan.com\\\/es\\\/#organization\",\"name\":\"Sun Loan Company\",\"url\":\"https:\\\/\\\/www.sunloan.com\\\/es\\\/\",\"logo\":{\"@type\":\"ImageObject\",\"inLanguage\":\"es\",\"@id\":\"https:\\\/\\\/www.sunloan.com\\\/es\\\/#\\\/schema\\\/logo\\\/image\\\/\",\"url\":\"https:\\\/\\\/www.sunloan.com\\\/wp-content\\\/uploads\\\/2022\\\/06\\\/logo.svg\",\"contentUrl\":\"https:\\\/\\\/www.sunloan.com\\\/wp-content\\\/uploads\\\/2022\\\/06\\\/logo.svg\",\"width\":1,\"height\":1,\"caption\":\"Sun Loan Company\"},\"image\":{\"@id\":\"https:\\\/\\\/www.sunloan.com\\\/es\\\/#\\\/schema\\\/logo\\\/image\\\/\"}}]}<\/script>\n<!-- \/ Yoast SEO plugin. -->","yoast_head_json":{"title":"Servicio de entrega de documentos - Sun Loan Company","robots":{"index":"index","follow":"follow","max-snippet":"max-snippet:-1","max-image-preview":"max-image-preview:large","max-video-preview":"max-video-preview:-1"},"canonical":"https:\/\/www.sunloan.com\/es\/preparacion\/preparacion-de-impuestos-por-adelantado\/","og_locale":"es_ES","og_type":"article","og_title":"Servicio de entrega de documentos - Sun Loan Company","og_url":"https:\/\/www.sunloan.com\/es\/preparacion\/preparacion-de-impuestos-por-adelantado\/","og_site_name":"Sun Loan Company","article_modified_time":"2022-12-06T22:24:38+00:00","twitter_card":"summary_large_image","schema":{"@context":"https:\/\/schema.org","@graph":[{"@type":"WebPage","@id":"https:\/\/www.sunloan.com\/es\/preparacion\/preparacion-de-impuestos-por-adelantado\/","url":"https:\/\/www.sunloan.com\/es\/preparacion\/preparacion-de-impuestos-por-adelantado\/","name":"Servicio de entrega de documentos - Sun Loan Company","isPartOf":{"@id":"https:\/\/www.sunloan.com\/es\/#website"},"datePublished":"2022-05-06T00:24:12+00:00","dateModified":"2022-12-06T22:24:38+00:00","breadcrumb":{"@id":"https:\/\/www.sunloan.com\/es\/preparacion\/preparacion-de-impuestos-por-adelantado\/#breadcrumb"},"inLanguage":"es","potentialAction":[{"@type":"ReadAction","target":["https:\/\/www.sunloan.com\/es\/preparacion\/preparacion-de-impuestos-por-adelantado\/"]}]},{"@type":"BreadcrumbList","@id":"https:\/\/www.sunloan.com\/es\/preparacion\/preparacion-de-impuestos-por-adelantado\/#breadcrumb","itemListElement":[{"@type":"ListItem","position":1,"name":"Home","item":"https:\/\/www.sunloan.com\/es\/"},{"@type":"ListItem","position":2,"name":"Tax Preparation Services &#8211; Spanish","item":"https:\/\/www.sunloan.com\/es\/preparacion\/"},{"@type":"ListItem","position":3,"name":"Tax Drop-off Services"}]},{"@type":"WebSite","@id":"https:\/\/www.sunloan.com\/es\/#website","url":"https:\/\/www.sunloan.com\/es\/","name":"Sun Loan Company","description":"","publisher":{"@id":"https:\/\/www.sunloan.com\/es\/#organization"},"potentialAction":[{"@type":"SearchAction","target":{"@type":"EntryPoint","urlTemplate":"https:\/\/www.sunloan.com\/es\/?s={search_term_string}"},"query-input":{"@type":"PropertyValueSpecification","valueRequired":true,"valueName":"search_term_string"}}],"inLanguage":"es"},{"@type":"Organization","@id":"https:\/\/www.sunloan.com\/es\/#organization","name":"Sun Loan Company","url":"https:\/\/www.sunloan.com\/es\/","logo":{"@type":"ImageObject","inLanguage":"es","@id":"https:\/\/www.sunloan.com\/es\/#\/schema\/logo\/image\/","url":"https:\/\/www.sunloan.com\/wp-content\/uploads\/2022\/06\/logo.svg","contentUrl":"https:\/\/www.sunloan.com\/wp-content\/uploads\/2022\/06\/logo.svg","width":1,"height":1,"caption":"Sun Loan Company"},"image":{"@id":"https:\/\/www.sunloan.com\/es\/#\/schema\/logo\/image\/"}}]}},"_links":{"self":[{"href":"https:\/\/www.sunloan.com\/es\/wp-json\/wp\/v2\/pages\/2617","targetHints":{"allow":["GET"]}}],"collection":[{"href":"https:\/\/www.sunloan.com\/es\/wp-json\/wp\/v2\/pages"}],"about":[{"href":"https:\/\/www.sunloan.com\/es\/wp-json\/wp\/v2\/types\/page"}],"author":[{"embeddable":true,"href":"https:\/\/www.sunloan.com\/es\/wp-json\/wp\/v2\/users\/3"}],"replies":[{"embeddable":true,"href":"https:\/\/www.sunloan.com\/es\/wp-json\/wp\/v2\/comments?post=2617"}],"version-history":[{"count":0,"href":"https:\/\/www.sunloan.com\/es\/wp-json\/wp\/v2\/pages\/2617\/revisions"}],"up":[{"embeddable":true,"href":"https:\/\/www.sunloan.com\/es\/wp-json\/wp\/v2\/pages\/2983"}],"wp:attachment":[{"href":"https:\/\/www.sunloan.com\/es\/wp-json\/wp\/v2\/media?parent=2617"}],"curies":[{"name":"wp","href":"https:\/\/api.w.org\/{rel}","templated":true}]}}