{"id":2610,"date":"2022-05-05T18:03:00","date_gmt":"2022-05-06T00:03:00","guid":{"rendered":"https:\/\/www.sunloan.com\/?page_id=2610"},"modified":"2023-11-17T10:39:53","modified_gmt":"2023-11-17T16:39:53","slug":"reembolso-por-adelantado","status":"publish","type":"page","link":"https:\/\/www.sunloan.com\/es\/preparacion\/reembolso-por-adelantado\/","title":{"rendered":"Refund Advance"},"content":{"rendered":"<\/div><section id=\"block_a9028e11d489d24c89620326da84ca90\" class=\"block-hero-bar alignfull block-hero-bar has-font-color text-default\">    <div class=\"page-title-area bg_blue\">\n        <div class=\"container\">\n            <div class=\"row\">\n                <div class=\"col-lg-12\">\n                    <div class=\"page-title white left\">\n                        <h1>Reembolso por adelantado<\/h1>\n                                            <\/div>\n                <\/div>\n            <\/div>\n        <\/div>\n        <img decoding=\"async\" src=\"\/wp-content\/themes\/sunloan-theme\/assets\/images\/dot-3.webp\" alt=\"\" class=\"dot_shape\">\n    <\/div>\n    <\/section>\n\n\n<\/div><section id=\"block_78c09112cf2ae4dfc71256e681dbae88\" class=\"block-text  alignfull block-title-bar has-font-color text-default\">\t<div class=\"achieve-area achieve-consolidation noline \">\n        <div class=\"container\">\n            <div class=\"row\">\n                <div class=\"col-lg-12\">\n                    <div class=\"achieve-text\">\n                        <h2>Obt\u00e9n ahora hasta $6,000<\/h2>\n                        <p>Es tu dinero, \u00bfpor qu\u00e9 esperar? Nuestro programa de reembolso por adelantado est\u00e1 aqu\u00ed para ayudar a los contribuyentes a usar el reembolso de impuestos m\u00e1s r\u00e1pido.<\/p>\n<h3>El anticipo de reembolso est\u00e1 disponible del 2 de enero de 2024 al 29 de febrero de 2024. \u00bfNo pudiste aprovechar esta promoci\u00f3n en este a\u00f1o? Aseg\u00farate de consultar a principios de la pr\u00f3xima temporada de impuestos.<\/h3>\n\n\t\t\t\t\t\t                    <\/div>\n                <\/div>\n            <\/div>\n        <\/div>\n    <\/div>\n<\/section>\n  \n\n<section id=\"block_4563314f0dcb2b3223c26eb61e2aa142\" class=\"block-text alignwide block-title-bar has-font-color text-default\">\t<div class=\"achieve-area achieve-consolidation  \">\n        <div class=\"container\">\n            <div class=\"row\">\n                <div class=\"col-lg-12\">\n                    <div class=\"achieve-text\">\n                        <h2>\u00bfQu\u00e9 es un anticipo de reembolso?<\/h2>\n                        <p>Tus facturas y obligaciones financieras no esperan a que el IRS env\u00ede tu reembolso, as\u00ed que nosotros tampoco. Por un tiempo limitado cada a\u00f1o, ofrecemos a quienes preparan sus impuestos con Sun Loan la oportunidad de recibir hasta $6,000 de reembolso por adelantado inmediatamente al momento de la preparaci\u00f3n de impuestos.<br \/>\nCuando est\u00e9s listo un profesional de impuestos de Sun Loan te guiar\u00e1 en el proceso para solicitar el reembolso por adelantado*. Una vez que seas aprobado, \u00a1recibir\u00e1s tu dinero!<\/p>\n<p><i><span style=\"font-weight: 400; font-size: 12px;\">*Este es un pr\u00e9stamo y depende de la aprobaci\u00f3n del banco.<\/span><\/i><\/p>\n\n\t\t\t\t\t\t\t\t\t\t\t\t\t\t\t\t\t\t\t                    <\/div>\n                <\/div>\n            <\/div>\n        <\/div>\n    <\/div>\n<\/section>\n  \n\n<section id=\"block_8cf7a91be93242ca424bc76b35f80988\" class=\"block-text-icon alignwide block-text-icon has-font-color text-default\"><div class=\"about-area pt-5 mt-lg-5 \">\n\t<div class=\"container-fluid mw-xxl\">\n\t\t<div class=\"row\">\n\t\t\t<div class=\"area-title text-center\">\n\t\t\t\t<h2>\u00bfC\u00f3mo preparar los impuestos con Sun Loan?<\/h2>\n\t\t\t\t\t\t\t<\/div>\n\t\t<\/div>\n\t\t<div class=\"row justify-content-center\">\n\n\t\t\t\t\t\t\t\t<div class=\"col-lg-4 col-md-4\">\n\t\t\t\t\t\t<div class=\"about-card\">\n\n\t\t\t\t\t\t\t<img decoding=\"async\" src=\"https:\/\/www.sunloan.com\/wp-content\/uploads\/2022\/05\/SL-refundadvance-location-icon-preferredfile.svg\" class=\"\" alt=\"SL-refundadvance-location-icon-preferredfile\" id=\"2505\" loading=\"lazy\" \/><h4>1.  Escoge la manera m\u00e1s c\u00f3moda para ti. <\/h4><p>Ofrecemos carga de documentos en l\u00ednea, en persona o dejando tus documentos.<\/p>\n\t\t\t\t\t\t<\/div>\n\t\t\t\t\t<\/div>\n\t\t\t\t\t\t\t\t<div class=\"col-lg-4 col-md-4\">\n\t\t\t\t\t\t<div class=\"about-card\">\n\n\t\t\t\t\t\t\t<img decoding=\"async\" src=\"https:\/\/www.sunloan.com\/wp-content\/uploads\/2022\/05\/SL-refundadvance-location-icon-signoff.svg\" class=\"\" alt=\"SL-refundadvance-location-icon-signoff\" id=\"2506\" loading=\"lazy\" \/><h4>2. Aprobaci\u00f3n y firma en persona o con firma electr\u00f3nica.<\/h4><p>Estamos aqu\u00ed para facilitar el proceso. <\/p>\n\t\t\t\t\t\t<\/div>\n\t\t\t\t\t<\/div>\n\t\t\t\t\t\t\t\t<div class=\"col-lg-4 col-md-4\">\n\t\t\t\t\t\t<div class=\"about-card\">\n\n\t\t\t\t\t\t\t<img decoding=\"async\" src=\"https:\/\/www.sunloan.com\/wp-content\/uploads\/2022\/05\/SL-refundadvance-location-icon-fileearly.svg\" class=\"\" alt=\"SL-refundadvance-location-icon-fileearly\" id=\"2504\" loading=\"lazy\" \/><h4>3. Empieza el proceso con anticipaci\u00f3n y podr\u00edas calificar para recibir tu reembolso por adelantado. Hasta $6,000.<\/h4><p>Prepara tus impuestos antes del 29 de febrero de 2024 para ver si calificas. <\/p>\n\t\t\t\t\t\t<\/div>\n\t\t\t\t\t<\/div>\n\t\t\t\n\t\t<\/div>\n\n\t\t\t\t\t<div class=\"row text-center mt-3 pb-3 pb-lg-5\">\n\t\t\t\t<div class=\"col-lg-12\">\n\t\t\t\t\t<div class=\"more-about\">\n\t\t\t\t\t\t\n\t\t\t\t\t\t\t\t\t\t\t<\/div>\n\t\t\t\t<\/div>\n\t\t\t<\/div>\n\t\t\t<\/div>\n<\/div>\n<\/section>\n\n<section id=\"block_594d353b339fe658dc35566dbef18ea6\" class=\"block-cta-banneralignwide block-cta-banner has-font-color text-default\">\t<div class=\"promo-area line_yellow\">\n        <div class=\"container\">\n            <div class=\"row\">\n                <div class=\"col-lg-12\">\n                    <div class=\"promo-text\">\n                        <h2>\u00bfListo para comenzar?<\/h2>\n                        <a href=\"https:\/\/www.sunloan.com\/es\/preparacion\/preparacion-de-impuestos-en-linea\/\" target=\"_self\" class=\"common-btn btn_red2 \">Empieza en l\u00ednea<\/a><a href=\"https:\/\/www.sunloan.com\/es\/sucursales\/\" target=\"_self\" class=\"common-btn btn_red2 \">Encuentra una sucursal<\/a>                    <\/div>\n                <\/div>\n            <\/div>\n        <\/div>\n    <\/div>\n<\/section>\n  ","protected":false},"excerpt":{"rendered":"","protected":false},"author":3,"featured_media":0,"parent":2983,"menu_order":0,"comment_status":"closed","ping_status":"closed","template":"","meta":{"_acf_changed":false,"footnotes":""},"class_list":["post-2610","page","type-page","status-publish","hentry"],"acf":[],"yoast_head":"<!-- This site is optimized with the Yoast SEO plugin v27.5 - https:\/\/yoast.com\/product\/yoast-seo-wordpress\/ -->\n<title>Reembolso por adelantado - Sun Loan Company<\/title>\n<meta name=\"robots\" content=\"index, follow, max-snippet:-1, max-image-preview:large, max-video-preview:-1\" \/>\n<link rel=\"canonical\" href=\"https:\/\/www.sunloan.com\/es\/preparacion\/reembolso-por-adelantado\/\" \/>\n<meta property=\"og:locale\" content=\"es_ES\" \/>\n<meta property=\"og:type\" content=\"article\" \/>\n<meta property=\"og:title\" content=\"Reembolso por adelantado - Sun Loan Company\" \/>\n<meta property=\"og:url\" content=\"https:\/\/www.sunloan.com\/es\/preparacion\/reembolso-por-adelantado\/\" \/>\n<meta property=\"og:site_name\" content=\"Sun Loan Company\" \/>\n<meta property=\"article:modified_time\" content=\"2023-11-17T16:39:53+00:00\" \/>\n<meta name=\"twitter:card\" content=\"summary_large_image\" \/>\n<script type=\"application\/ld+json\" class=\"yoast-schema-graph\">{\"@context\":\"https:\\\/\\\/schema.org\",\"@graph\":[{\"@type\":\"WebPage\",\"@id\":\"https:\\\/\\\/www.sunloan.com\\\/es\\\/preparacion\\\/reembolso-por-adelantado\\\/\",\"url\":\"https:\\\/\\\/www.sunloan.com\\\/es\\\/preparacion\\\/reembolso-por-adelantado\\\/\",\"name\":\"Reembolso por adelantado - Sun Loan Company\",\"isPartOf\":{\"@id\":\"https:\\\/\\\/www.sunloan.com\\\/es\\\/#website\"},\"datePublished\":\"2022-05-06T00:03:00+00:00\",\"dateModified\":\"2023-11-17T16:39:53+00:00\",\"breadcrumb\":{\"@id\":\"https:\\\/\\\/www.sunloan.com\\\/es\\\/preparacion\\\/reembolso-por-adelantado\\\/#breadcrumb\"},\"inLanguage\":\"es\",\"potentialAction\":[{\"@type\":\"ReadAction\",\"target\":[\"https:\\\/\\\/www.sunloan.com\\\/es\\\/preparacion\\\/reembolso-por-adelantado\\\/\"]}]},{\"@type\":\"BreadcrumbList\",\"@id\":\"https:\\\/\\\/www.sunloan.com\\\/es\\\/preparacion\\\/reembolso-por-adelantado\\\/#breadcrumb\",\"itemListElement\":[{\"@type\":\"ListItem\",\"position\":1,\"name\":\"Home\",\"item\":\"https:\\\/\\\/www.sunloan.com\\\/es\\\/\"},{\"@type\":\"ListItem\",\"position\":2,\"name\":\"Tax Preparation Services &#8211; Spanish\",\"item\":\"https:\\\/\\\/www.sunloan.com\\\/es\\\/preparacion\\\/\"},{\"@type\":\"ListItem\",\"position\":3,\"name\":\"Refund Advance\"}]},{\"@type\":\"WebSite\",\"@id\":\"https:\\\/\\\/www.sunloan.com\\\/es\\\/#website\",\"url\":\"https:\\\/\\\/www.sunloan.com\\\/es\\\/\",\"name\":\"Sun Loan Company\",\"description\":\"\",\"publisher\":{\"@id\":\"https:\\\/\\\/www.sunloan.com\\\/es\\\/#organization\"},\"potentialAction\":[{\"@type\":\"SearchAction\",\"target\":{\"@type\":\"EntryPoint\",\"urlTemplate\":\"https:\\\/\\\/www.sunloan.com\\\/es\\\/?s={search_term_string}\"},\"query-input\":{\"@type\":\"PropertyValueSpecification\",\"valueRequired\":true,\"valueName\":\"search_term_string\"}}],\"inLanguage\":\"es\"},{\"@type\":\"Organization\",\"@id\":\"https:\\\/\\\/www.sunloan.com\\\/es\\\/#organization\",\"name\":\"Sun Loan Company\",\"url\":\"https:\\\/\\\/www.sunloan.com\\\/es\\\/\",\"logo\":{\"@type\":\"ImageObject\",\"inLanguage\":\"es\",\"@id\":\"https:\\\/\\\/www.sunloan.com\\\/es\\\/#\\\/schema\\\/logo\\\/image\\\/\",\"url\":\"https:\\\/\\\/www.sunloan.com\\\/wp-content\\\/uploads\\\/2022\\\/06\\\/logo.svg\",\"contentUrl\":\"https:\\\/\\\/www.sunloan.com\\\/wp-content\\\/uploads\\\/2022\\\/06\\\/logo.svg\",\"width\":1,\"height\":1,\"caption\":\"Sun Loan Company\"},\"image\":{\"@id\":\"https:\\\/\\\/www.sunloan.com\\\/es\\\/#\\\/schema\\\/logo\\\/image\\\/\"}}]}<\/script>\n<!-- \/ Yoast SEO plugin. -->","yoast_head_json":{"title":"Reembolso por adelantado - Sun Loan Company","robots":{"index":"index","follow":"follow","max-snippet":"max-snippet:-1","max-image-preview":"max-image-preview:large","max-video-preview":"max-video-preview:-1"},"canonical":"https:\/\/www.sunloan.com\/es\/preparacion\/reembolso-por-adelantado\/","og_locale":"es_ES","og_type":"article","og_title":"Reembolso por adelantado - Sun Loan Company","og_url":"https:\/\/www.sunloan.com\/es\/preparacion\/reembolso-por-adelantado\/","og_site_name":"Sun Loan Company","article_modified_time":"2023-11-17T16:39:53+00:00","twitter_card":"summary_large_image","schema":{"@context":"https:\/\/schema.org","@graph":[{"@type":"WebPage","@id":"https:\/\/www.sunloan.com\/es\/preparacion\/reembolso-por-adelantado\/","url":"https:\/\/www.sunloan.com\/es\/preparacion\/reembolso-por-adelantado\/","name":"Reembolso por adelantado - Sun Loan Company","isPartOf":{"@id":"https:\/\/www.sunloan.com\/es\/#website"},"datePublished":"2022-05-06T00:03:00+00:00","dateModified":"2023-11-17T16:39:53+00:00","breadcrumb":{"@id":"https:\/\/www.sunloan.com\/es\/preparacion\/reembolso-por-adelantado\/#breadcrumb"},"inLanguage":"es","potentialAction":[{"@type":"ReadAction","target":["https:\/\/www.sunloan.com\/es\/preparacion\/reembolso-por-adelantado\/"]}]},{"@type":"BreadcrumbList","@id":"https:\/\/www.sunloan.com\/es\/preparacion\/reembolso-por-adelantado\/#breadcrumb","itemListElement":[{"@type":"ListItem","position":1,"name":"Home","item":"https:\/\/www.sunloan.com\/es\/"},{"@type":"ListItem","position":2,"name":"Tax Preparation Services &#8211; Spanish","item":"https:\/\/www.sunloan.com\/es\/preparacion\/"},{"@type":"ListItem","position":3,"name":"Refund Advance"}]},{"@type":"WebSite","@id":"https:\/\/www.sunloan.com\/es\/#website","url":"https:\/\/www.sunloan.com\/es\/","name":"Sun Loan Company","description":"","publisher":{"@id":"https:\/\/www.sunloan.com\/es\/#organization"},"potentialAction":[{"@type":"SearchAction","target":{"@type":"EntryPoint","urlTemplate":"https:\/\/www.sunloan.com\/es\/?s={search_term_string}"},"query-input":{"@type":"PropertyValueSpecification","valueRequired":true,"valueName":"search_term_string"}}],"inLanguage":"es"},{"@type":"Organization","@id":"https:\/\/www.sunloan.com\/es\/#organization","name":"Sun Loan Company","url":"https:\/\/www.sunloan.com\/es\/","logo":{"@type":"ImageObject","inLanguage":"es","@id":"https:\/\/www.sunloan.com\/es\/#\/schema\/logo\/image\/","url":"https:\/\/www.sunloan.com\/wp-content\/uploads\/2022\/06\/logo.svg","contentUrl":"https:\/\/www.sunloan.com\/wp-content\/uploads\/2022\/06\/logo.svg","width":1,"height":1,"caption":"Sun Loan Company"},"image":{"@id":"https:\/\/www.sunloan.com\/es\/#\/schema\/logo\/image\/"}}]}},"_links":{"self":[{"href":"https:\/\/www.sunloan.com\/es\/wp-json\/wp\/v2\/pages\/2610","targetHints":{"allow":["GET"]}}],"collection":[{"href":"https:\/\/www.sunloan.com\/es\/wp-json\/wp\/v2\/pages"}],"about":[{"href":"https:\/\/www.sunloan.com\/es\/wp-json\/wp\/v2\/types\/page"}],"author":[{"embeddable":true,"href":"https:\/\/www.sunloan.com\/es\/wp-json\/wp\/v2\/users\/3"}],"replies":[{"embeddable":true,"href":"https:\/\/www.sunloan.com\/es\/wp-json\/wp\/v2\/comments?post=2610"}],"version-history":[{"count":0,"href":"https:\/\/www.sunloan.com\/es\/wp-json\/wp\/v2\/pages\/2610\/revisions"}],"up":[{"embeddable":true,"href":"https:\/\/www.sunloan.com\/es\/wp-json\/wp\/v2\/pages\/2983"}],"wp:attachment":[{"href":"https:\/\/www.sunloan.com\/es\/wp-json\/wp\/v2\/media?parent=2610"}],"curies":[{"name":"wp","href":"https:\/\/api.w.org\/{rel}","templated":true}]}}