{"id":2602,"date":"2022-05-05T19:24:28","date_gmt":"2022-05-06T01:24:28","guid":{"rendered":"https:\/\/www.sunloan.com\/?page_id=2602"},"modified":"2022-08-04T06:54:18","modified_gmt":"2022-08-04T12:54:18","slug":"prestamos-a-plazos-en-illinois","status":"publish","type":"page","link":"https:\/\/www.sunloan.com\/es\/prestamos-a-plazos-en-illinois\/","title":{"rendered":"Illinois Landing Page"},"content":{"rendered":"<\/div><section id=\"block_62628e9142993\" class=\"block-hero-bar alignfull block-hero-bar has-font-color text-default\">    <div class=\"page-title-area bg_blue\">\n        <div class=\"container\">\n            <div class=\"row\">\n                <div class=\"col-lg-12\">\n                    <div class=\"page-title white left\">\n                        <h1>Una manera mejor de conseguir un pr\u00e9stamo &#8211; Pr\u00e9stamos personales a plazos hasta de $7,500*<\/h1>\n                                            <\/div>\n                <\/div>\n            <\/div>\n        <\/div>\n        <img decoding=\"async\" src=\"\/wp-content\/themes\/sunloan-theme\/assets\/images\/dot-3.webp\" alt=\"\" class=\"dot_shape\">\n    <\/div>\n    <\/section>\n\n\n<\/div><section id=\"block_6268dc92003d4\" class=\"block-text  alignfull block-title-bar has-font-color text-default\">\t<div class=\"achieve-area achieve-consolidation noline \">\n        <div class=\"container\">\n            <div class=\"row\">\n                <div class=\"col-lg-12\">\n                    <div class=\"achieve-text\">\n                        <h2>\u00a1Sun Loan est\u00e1 aqu\u00ed para ayudarlo cuando m\u00e1s lo necesita! Ahora estamos ofreciendo pr\u00e9stamos a una APR m\u00e1s baja para nuestros clientes de Illinois.<\/h2>\n                        <p>Podemos ayudarte con un pr\u00e9stamo hasta de $7,500* con un plan de pago que se ajuste a tu presupuesto. La cantidad del pr\u00e9stamo para la que calificas variar\u00e1 seg\u00fan la informaci\u00f3n personal, como tu historial crediticio, ingresos, gastos y deudas.<\/p>\n<h3>\u00bfEst\u00e1s listo para comenzar?<\/h3>\n\n\t\t\t\t\t\t\t\t\t\t\t\t\t\t\t\t\t\t\t\t\t\t\t\t\t\t\t\t\t<div class=\"twin-btn single-btn\">\n\t\t\t\t\t\t\t\t\t\t\t\t\t\t\t\t\t\t\t\t\t\t\t\t\t<a href=\"https:\/\/my.sunloan.com\/GetStarted\" target=\"_blank\" class=\"common-btn btn_blue\">Aplica aqu\u00ed<\/a>\n\t\t\t\t\t\t\t\t\t\t\t\t\t\t\t\t\t<\/div>\n\t\t\t\t\t\t\t\t\t\t\t\t\t                    <\/div>\n                <\/div>\n            <\/div>\n        <\/div>\n    <\/div>\n<\/section>\n  \n\n<section id=\"block_6294813b786e9\" class=\"block-chart alignwide block-chart has-font-color text-default\">\t<div class=\"chart-area\">\n\t\t<div class=\"container\">\n\t\t\t<div class=\"table-chart\">\n\t\t\t\t<h3>Nuestras tasas y plazos*<\/h3>\n\t\t\t\t<table class=\"table\">\n\t\t\t\t\t<thead><th>Montos de los pr\u00e9stamos<\/th><th>Inter\u00e9s anual promedio<\/th><th>Plazos<\/th><\/thead>\n\t\t\t\t\t<tbody>\n\t\t\t\t\t\t\t<tr>\n\t\t<td data-label=\"Montos de los pr\u00e9stamos\">$800 \u2013 $7,500<\/td>\n\t\t<td data-label=\"Inter\u00e9s anual promedio\">35.99%<\/td>\n\t\t<td data-label=\"Plazos\">12, 18, 24, 36 meses<\/td>\n\t<\/tr>\t\t\t\t\t<\/tbody>\n\t\t\t\t<\/table>\n\t\t\t<\/div>\n\t\t<\/div>\n\t<\/div>\n<\/section>\n\n<section id=\"block_62b03a03bb28a\" class=\"block-chart alignwide block-chart has-font-color text-default\">\t<div class=\"chart-area\">\n\t\t<div class=\"container\">\n\t\t\t<div class=\"table-chart\">\n\t\t\t\t<h3>Ejemplo de un plan de pago<\/h3>\n\t\t\t\t<table class=\"table\">\n\t\t\t\t\t<thead><th>Pr\u00e9stamo<\/th><th>Inter\u00e9s<\/th><th>Plazo<\/th><th>Pago mensual<\/th><th>Costo del pr\u00e9stamo<\/th><\/thead>\n\t\t\t\t\t<tbody>\n\t\t\t\t\t\t\t<tr>\n\t\t<td data-label=\"Pr\u00e9stamo\">$2,000<\/td>\n\t\t<td data-label=\"Inter\u00e9s\">35.99%<\/td>\n\t\t<td data-label=\"Plazo\">18 meses<\/td>\n\t\t<td data-label=\"Pago mensual\">$145.41<\/td>\n\t\t<td data-label=\"Costo del pr\u00e9stamo\">$2,617.28<\/td>\n\t<\/tr>\t\t\t\t\t<\/tbody>\n\t\t\t\t<\/table>\n\t\t\t<\/div>\n\t\t<\/div>\n\t<\/div>\n<\/section>\n\n<section id=\"block_62747936f295e\" class=\"block-text alignwide block-title-bar has-font-color text-default\">\t<div class=\"achieve-area achieve-consolidation noline \">\n        <div class=\"container\">\n            <div class=\"row\">\n                <div class=\"col-lg-12\">\n                    <div class=\"achieve-text\">\n                        <h2><\/h2>\n                        <p style=\"text-align: left; font-size: 16px;\"><i><span style=\"font-weight: 400;\">*No todos los solicitantes pueden calificar para un pr\u00e9stamo. Los montos de pr\u00e9stamos m\u00e1s grandes pueden requerir un primer gravamen sobre un veh\u00edculo motorizado que no tenga m\u00e1s de diez a\u00f1os, que cumpla con nuestros requisitos de valor, t\u00edtulo a su nombre con seguro vigente. La aprobaci\u00f3n del pr\u00e9stamo y los t\u00e9rminos del pr\u00e9stamo dependen de la capacidad para cumplir con nuestros est\u00e1ndares crediticios (incluyendo un historial crediticio responsable, ingresos suficientes despu\u00e9s de los gastos mensuales y disponibilidad de garant\u00eda). Se requiere garant\u00eda en pr\u00e9stamos de $1,750 &#8211; $7,500. Los militares en servicio activo, su c\u00f3nyuge o dependientes cubiertos por la Ley de Pr\u00e9stamos para Militares no pueden dar en garant\u00eda un veh\u00edculo.<\/span><\/i><\/p>\n\n\t\t\t\t\t\t                    <\/div>\n                <\/div>\n            <\/div>\n        <\/div>\n    <\/div>\n<\/section>\n  ","protected":false},"excerpt":{"rendered":"","protected":false},"author":3,"featured_media":0,"parent":0,"menu_order":0,"comment_status":"closed","ping_status":"closed","template":"","meta":{"_acf_changed":false,"footnotes":""},"class_list":["post-2602","page","type-page","status-publish","hentry"],"acf":[],"yoast_head":"<!-- This site is optimized with the Yoast SEO plugin v27.6 - https:\/\/yoast.com\/product\/yoast-seo-wordpress\/ -->\n<title>Pr\u00e9stamos a plazos de Illinois - Sun Loan Company<\/title>\n<meta name=\"description\" content=\"\u00bfNecesitas un pr\u00e9stamo en Illinois? \u00a1Tenemos sucursales en todo el estado para ayudarte a obtener el dinero que necesita hoy! Encuentra la sucursal de Sun Loan en IL m\u00e1s cercana a t\u00ed.\" \/>\n<meta name=\"robots\" content=\"index, follow, max-snippet:-1, max-image-preview:large, max-video-preview:-1\" \/>\n<link rel=\"canonical\" href=\"https:\/\/www.sunloan.com\/es\/prestamos-a-plazos-en-illinois\/\" \/>\n<meta property=\"og:locale\" content=\"es_ES\" \/>\n<meta property=\"og:type\" content=\"article\" \/>\n<meta property=\"og:title\" content=\"Pr\u00e9stamos a plazos de Illinois - Sun Loan Company\" \/>\n<meta property=\"og:description\" content=\"\u00bfNecesitas un pr\u00e9stamo en Illinois? \u00a1Tenemos sucursales en todo el estado para ayudarte a obtener el dinero que necesita hoy! Encuentra la sucursal de Sun Loan en IL m\u00e1s cercana a t\u00ed.\" \/>\n<meta property=\"og:url\" content=\"https:\/\/www.sunloan.com\/es\/prestamos-a-plazos-en-illinois\/\" \/>\n<meta property=\"og:site_name\" content=\"Sun Loan Company\" \/>\n<meta property=\"article:modified_time\" content=\"2022-08-04T12:54:18+00:00\" \/>\n<meta name=\"twitter:card\" content=\"summary_large_image\" \/>\n<script type=\"application\/ld+json\" class=\"yoast-schema-graph\">{\"@context\":\"https:\\\/\\\/schema.org\",\"@graph\":[{\"@type\":\"WebPage\",\"@id\":\"https:\\\/\\\/www.sunloan.com\\\/es\\\/prestamos-a-plazos-en-illinois\\\/\",\"url\":\"https:\\\/\\\/www.sunloan.com\\\/es\\\/prestamos-a-plazos-en-illinois\\\/\",\"name\":\"Pr\u00e9stamos a plazos de Illinois - Sun Loan Company\",\"isPartOf\":{\"@id\":\"https:\\\/\\\/www.sunloan.com\\\/es\\\/#website\"},\"datePublished\":\"2022-05-06T01:24:28+00:00\",\"dateModified\":\"2022-08-04T12:54:18+00:00\",\"description\":\"\u00bfNecesitas un pr\u00e9stamo en Illinois? \u00a1Tenemos sucursales en todo el estado para ayudarte a obtener el dinero que necesita hoy! Encuentra la sucursal de Sun Loan en IL m\u00e1s cercana a t\u00ed.\",\"breadcrumb\":{\"@id\":\"https:\\\/\\\/www.sunloan.com\\\/es\\\/prestamos-a-plazos-en-illinois\\\/#breadcrumb\"},\"inLanguage\":\"es\",\"potentialAction\":[{\"@type\":\"ReadAction\",\"target\":[\"https:\\\/\\\/www.sunloan.com\\\/es\\\/prestamos-a-plazos-en-illinois\\\/\"]}]},{\"@type\":\"BreadcrumbList\",\"@id\":\"https:\\\/\\\/www.sunloan.com\\\/es\\\/prestamos-a-plazos-en-illinois\\\/#breadcrumb\",\"itemListElement\":[{\"@type\":\"ListItem\",\"position\":1,\"name\":\"Home\",\"item\":\"https:\\\/\\\/www.sunloan.com\\\/es\\\/\"},{\"@type\":\"ListItem\",\"position\":2,\"name\":\"Illinois Landing Page\"}]},{\"@type\":\"WebSite\",\"@id\":\"https:\\\/\\\/www.sunloan.com\\\/es\\\/#website\",\"url\":\"https:\\\/\\\/www.sunloan.com\\\/es\\\/\",\"name\":\"Sun Loan Company\",\"description\":\"\",\"publisher\":{\"@id\":\"https:\\\/\\\/www.sunloan.com\\\/es\\\/#organization\"},\"potentialAction\":[{\"@type\":\"SearchAction\",\"target\":{\"@type\":\"EntryPoint\",\"urlTemplate\":\"https:\\\/\\\/www.sunloan.com\\\/es\\\/?s={search_term_string}\"},\"query-input\":{\"@type\":\"PropertyValueSpecification\",\"valueRequired\":true,\"valueName\":\"search_term_string\"}}],\"inLanguage\":\"es\"},{\"@type\":\"Organization\",\"@id\":\"https:\\\/\\\/www.sunloan.com\\\/es\\\/#organization\",\"name\":\"Sun Loan Company\",\"url\":\"https:\\\/\\\/www.sunloan.com\\\/es\\\/\",\"logo\":{\"@type\":\"ImageObject\",\"inLanguage\":\"es\",\"@id\":\"https:\\\/\\\/www.sunloan.com\\\/es\\\/#\\\/schema\\\/logo\\\/image\\\/\",\"url\":\"https:\\\/\\\/www.sunloan.com\\\/wp-content\\\/uploads\\\/2022\\\/06\\\/logo.svg\",\"contentUrl\":\"https:\\\/\\\/www.sunloan.com\\\/wp-content\\\/uploads\\\/2022\\\/06\\\/logo.svg\",\"width\":1,\"height\":1,\"caption\":\"Sun Loan Company\"},\"image\":{\"@id\":\"https:\\\/\\\/www.sunloan.com\\\/es\\\/#\\\/schema\\\/logo\\\/image\\\/\"}}]}<\/script>\n<!-- \/ Yoast SEO plugin. -->","yoast_head_json":{"title":"Pr\u00e9stamos a plazos de Illinois - Sun Loan Company","description":"\u00bfNecesitas un pr\u00e9stamo en Illinois? \u00a1Tenemos sucursales en todo el estado para ayudarte a obtener el dinero que necesita hoy! Encuentra la sucursal de Sun Loan en IL m\u00e1s cercana a t\u00ed.","robots":{"index":"index","follow":"follow","max-snippet":"max-snippet:-1","max-image-preview":"max-image-preview:large","max-video-preview":"max-video-preview:-1"},"canonical":"https:\/\/www.sunloan.com\/es\/prestamos-a-plazos-en-illinois\/","og_locale":"es_ES","og_type":"article","og_title":"Pr\u00e9stamos a plazos de Illinois - Sun Loan Company","og_description":"\u00bfNecesitas un pr\u00e9stamo en Illinois? \u00a1Tenemos sucursales en todo el estado para ayudarte a obtener el dinero que necesita hoy! Encuentra la sucursal de Sun Loan en IL m\u00e1s cercana a t\u00ed.","og_url":"https:\/\/www.sunloan.com\/es\/prestamos-a-plazos-en-illinois\/","og_site_name":"Sun Loan Company","article_modified_time":"2022-08-04T12:54:18+00:00","twitter_card":"summary_large_image","schema":{"@context":"https:\/\/schema.org","@graph":[{"@type":"WebPage","@id":"https:\/\/www.sunloan.com\/es\/prestamos-a-plazos-en-illinois\/","url":"https:\/\/www.sunloan.com\/es\/prestamos-a-plazos-en-illinois\/","name":"Pr\u00e9stamos a plazos de Illinois - Sun Loan Company","isPartOf":{"@id":"https:\/\/www.sunloan.com\/es\/#website"},"datePublished":"2022-05-06T01:24:28+00:00","dateModified":"2022-08-04T12:54:18+00:00","description":"\u00bfNecesitas un pr\u00e9stamo en Illinois? \u00a1Tenemos sucursales en todo el estado para ayudarte a obtener el dinero que necesita hoy! Encuentra la sucursal de Sun Loan en IL m\u00e1s cercana a t\u00ed.","breadcrumb":{"@id":"https:\/\/www.sunloan.com\/es\/prestamos-a-plazos-en-illinois\/#breadcrumb"},"inLanguage":"es","potentialAction":[{"@type":"ReadAction","target":["https:\/\/www.sunloan.com\/es\/prestamos-a-plazos-en-illinois\/"]}]},{"@type":"BreadcrumbList","@id":"https:\/\/www.sunloan.com\/es\/prestamos-a-plazos-en-illinois\/#breadcrumb","itemListElement":[{"@type":"ListItem","position":1,"name":"Home","item":"https:\/\/www.sunloan.com\/es\/"},{"@type":"ListItem","position":2,"name":"Illinois Landing Page"}]},{"@type":"WebSite","@id":"https:\/\/www.sunloan.com\/es\/#website","url":"https:\/\/www.sunloan.com\/es\/","name":"Sun Loan Company","description":"","publisher":{"@id":"https:\/\/www.sunloan.com\/es\/#organization"},"potentialAction":[{"@type":"SearchAction","target":{"@type":"EntryPoint","urlTemplate":"https:\/\/www.sunloan.com\/es\/?s={search_term_string}"},"query-input":{"@type":"PropertyValueSpecification","valueRequired":true,"valueName":"search_term_string"}}],"inLanguage":"es"},{"@type":"Organization","@id":"https:\/\/www.sunloan.com\/es\/#organization","name":"Sun Loan Company","url":"https:\/\/www.sunloan.com\/es\/","logo":{"@type":"ImageObject","inLanguage":"es","@id":"https:\/\/www.sunloan.com\/es\/#\/schema\/logo\/image\/","url":"https:\/\/www.sunloan.com\/wp-content\/uploads\/2022\/06\/logo.svg","contentUrl":"https:\/\/www.sunloan.com\/wp-content\/uploads\/2022\/06\/logo.svg","width":1,"height":1,"caption":"Sun Loan Company"},"image":{"@id":"https:\/\/www.sunloan.com\/es\/#\/schema\/logo\/image\/"}}]}},"_links":{"self":[{"href":"https:\/\/www.sunloan.com\/es\/wp-json\/wp\/v2\/pages\/2602","targetHints":{"allow":["GET"]}}],"collection":[{"href":"https:\/\/www.sunloan.com\/es\/wp-json\/wp\/v2\/pages"}],"about":[{"href":"https:\/\/www.sunloan.com\/es\/wp-json\/wp\/v2\/types\/page"}],"author":[{"embeddable":true,"href":"https:\/\/www.sunloan.com\/es\/wp-json\/wp\/v2\/users\/3"}],"replies":[{"embeddable":true,"href":"https:\/\/www.sunloan.com\/es\/wp-json\/wp\/v2\/comments?post=2602"}],"version-history":[{"count":0,"href":"https:\/\/www.sunloan.com\/es\/wp-json\/wp\/v2\/pages\/2602\/revisions"}],"wp:attachment":[{"href":"https:\/\/www.sunloan.com\/es\/wp-json\/wp\/v2\/media?parent=2602"}],"curies":[{"name":"wp","href":"https:\/\/api.w.org\/{rel}","templated":true}]}}