{"id":2562,"date":"2022-07-27T11:23:38","date_gmt":"2022-07-27T17:23:38","guid":{"rendered":"https:\/\/www.sunloan.com\/?page_id=2562"},"modified":"2022-08-16T15:53:38","modified_gmt":"2022-08-16T21:53:38","slug":"acerca","status":"publish","type":"page","link":"https:\/\/www.sunloan.com\/es\/acerca\/","title":{"rendered":"About"},"content":{"rendered":"<\/div><section id=\"block_62e15cee46e97\" class=\"block-hero-bar alignfull block-hero-bar has-font-color text-default\">    <div class=\"page-title-area bg_blue\">\n        <div class=\"container\">\n            <div class=\"row\">\n                <div class=\"col-lg-12\">\n                    <div class=\"page-title white left\">\n                        <h1>\u00bfPor qu\u00e9 Sun Loan?<\/h1>\n                                            <\/div>\n                <\/div>\n            <\/div>\n        <\/div>\n        <img decoding=\"async\" src=\"\/wp-content\/themes\/sunloan-theme\/assets\/images\/dot-3.webp\" alt=\"\" class=\"dot_shape\">\n    <\/div>\n    <\/section>\n\n\n<section id=\"block_62e172cb46e98\" class=\"block-text alignwide block-title-bar has-font-color text-default\">\t<div class=\"achieve-area achieve-consolidation noline \">\n        <div class=\"container\">\n            <div class=\"row\">\n                <div class=\"col-lg-12\">\n                    <div class=\"achieve-text\">\n                        <h2>Ayudando a que <sl>alcances<\/sl> una tranquilidad financiera<\/h2>\n                        <h4>A lo largo de nuestros 30 a\u00f1os de historia, hemos estado ayudando a personas con pr\u00e9stamos personales a plazos.<\/h4>\n<p>Nuestros expertos en pr\u00e9stamos trabajan con cada cliente para garantizar un plan de pago que se ajuste a sus necesidades y presupuesto, a diferencia de otras empresas que eval\u00faan a sus clientes por el puntaje crediticio.<\/p>\n\n\t\t\t\t\t\t                    <\/div>\n                <\/div>\n            <\/div>\n        <\/div>\n    <\/div>\n<\/section>\n  \n\n<section id=\"block_62e1731346e9b\" class=\"block-2col-textalignwide block-2col-text has-font-color text-default\">\t<div class=\"informative-area\">\n        <div class=\"container\">\n            <div class=\"row\">\n                <div class=\"col-lg-12\">\n                    <div class=\"informative-text\">\n\n\t\t\t\t\t\t\t\t\t\t\t\t\t\t<div class=\"info-item\">\n\t\t\t\t\t\t\t\t\t<div class=\"info_left\">\n\t\t\t\t\t\t\t\t\t\t<h3>\u00datil e informativo<\/h3>\n\t\t\t\t\t\t\t\t\t\t<\/div>\n\t\t\t\t\t\t\t\t\t\t<div class=\"info_right\">\n\t\t\t\t\t\t\t\t\t\t\t<h4>Te ayudamos a conocer tus opciones<\/h4>\n\t\t\t\t\t\t\t\t\t\t\t<p>Nuestro personal est\u00e1 capacitado para asesorarte con tus decisiones financieras al ofrecer una explicaci\u00f3n clara sobre tu presupuesto mensual y entender tu puntaje de cr\u00e9dito.<\/p>\n\t\t\t\t\t\t\t\t\t\t<\/div>\n\t\t\t\t\t\t\t\t\t<\/div>\n\t\t\t\t\t\t\t\t\t\t\t\t\t\t\t\t<div class=\"info-item\">\n\t\t\t\t\t\t\t\t\t<div class=\"info_left\">\n\t\t\t\t\t\t\t\t\t\t<h3>Enfocado en el futuro<\/h3>\n\t\t\t\t\t\t\t\t\t\t<\/div>\n\t\t\t\t\t\t\t\t\t\t<div class=\"info_right\">\n\t\t\t\t\t\t\t\t\t\t\t<h4>Brindamos oportunidades para establecer tu cr\u00e9dito<\/h4>\n\t\t\t\t\t\t\t\t\t\t\t<p>Sun Loan reporta a las 3 agencias de cr\u00e9dito principales, lo que permite establecer tu cr\u00e9dito durante un tiempo determinado y a trav\u00e9s del pago constante y puntual de tu pr\u00e9stamo.<\/p>\n\t\t\t\t\t\t\t\t\t\t<\/div>\n\t\t\t\t\t\t\t\t\t<\/div>\n\t\t\t\t\t\t\t\t\t\t\t\t\t\t\t\t<div class=\"info-item\">\n\t\t\t\t\t\t\t\t\t<div class=\"info_left\">\n\t\t\t\t\t\t\t\t\t\t<h3>La comunidad es primero<\/h3>\n\t\t\t\t\t\t\t\t\t\t<\/div>\n\t\t\t\t\t\t\t\t\t\t<div class=\"info_right\">\n\t\t\t\t\t\t\t\t\t\t\t<h4>Invertimos en nuestras comunidades<\/h4>\n\t\t\t\t\t\t\t\t\t\t\t<p>No solo trabajamos en Alabama, Illinois, Missouri, Nevada, Nuevo M\u00e9xico, Oklahoma y Texas, tambi\u00e9n vivimos all\u00ed, y damos a conocer nuestro compromiso a trav\u00e9s de esfuerzos voluntarios locales, campa\u00f1as de recolecci\u00f3n en apoyo a diferentes organizaciones de beneficencia.<\/p>\n\t\t\t\t\t\t\t\t\t\t<\/div>\n\t\t\t\t\t\t\t\t\t<\/div>\n\t\t\t\t\t\t\t\t\t\t\t\t\t\t\t\t<div class=\"info-item\">\n\t\t\t\t\t\t\t\t\t<div class=\"info_left\">\n\t\t\t\t\t\t\t\t\t\t<h3>Personal<\/h3>\n\t\t\t\t\t\t\t\t\t\t<\/div>\n\t\t\t\t\t\t\t\t\t\t<div class=\"info_right\">\n\t\t\t\t\t\t\t\t\t\t\t<h4>Los pr\u00e9stamos personales son cuesti\u00f3n personal para nosotros<\/h4>\n\t\t\t\t\t\t\t\t\t\t\t<p>Ya sea que elijas asistencia en l\u00ednea, por tel\u00e9fono o en persona, haremos todo lo posible para que la informaci\u00f3n sea clara y que los plazos de tu pr\u00e9stamo se ajusten a tus necesidades.<\/p>\n\t\t\t\t\t\t\t\t\t\t<\/div>\n\t\t\t\t\t\t\t\t\t<\/div>\n\t\t\t\t\t\t\t\t\t\t\t\t\t\t\n                    <\/div>\n                <\/div>\n\n                <div class=\"col-lg-12\">\n                    <div class=\"all-about\">\n                        <h2>Todo se trata de t\u00ed. <img decoding=\"async\" src=\"\/wp-content\/uploads\/2022\/04\/shp-4.svg\" alt=\"\"><\/h2>\n                    <\/div>\n                <\/div>\n\n            <\/div>\n        <\/div>\n    <\/div>\n<\/section>\n  \n\n<section id=\"block_62e1736246ea0\" class=\"block-timelinealignwide block-timeline has-font-color text-default\">\t<div class=\"timeline-area\">\n        <div class=\"container\">\n            <div class=\"row mb-5\">\n                <div class=\"col-lg-12 text-center\">\n                    <div class=\"area-title\">\n                        <h2>D\u00e9cadas de crecimiento e innovaci\u00f3n<\/h2>\n                    <\/div>\n                <\/div>\n            <\/div>\n            <div class=\"row\">\n                <div class=\"col-lg-12\">\n                    <div class=\"timeline_wrapper\">\n                        <div class=\"timeline_top\">\n\n\t\t\t\t\t\t\t\t\t\t\t\t\t\t\t\t\t<div class=\"timeline_item timeline_1 blue\">\n\t\t\t\t\t\t\t\t\t\t\t<div class=\"timeline_text\">\n\t\t\t\t\t\t\t\t\t\t\t\t<h4>1988<\/h4>\n\t\t\t\t\t\t\t\t\t\t\t\t<p>Abrimos la primera sucursal en San Antonio, TX<\/p>\n\t\t\t\t\t\t\t\t\t\t\t<\/div>\n\t\t\t\t\t\t\t\t\t\t<\/div>\n\t\t\t\t\t\t\t\t\t\t\t\t\t\t\t\t\t\t\t\t<div class=\"timeline_item timeline_2 blue\">\n\t\t\t\t\t\t\t\t\t\t\t<div class=\"timeline_text\">\n\t\t\t\t\t\t\t\t\t\t\t\t<h4>1994<\/h4>\n\t\t\t\t\t\t\t\t\t\t\t\t<p>Nuestros servicios se expanden al estado de Nevada<\/p>\n\t\t\t\t\t\t\t\t\t\t\t<\/div>\n\t\t\t\t\t\t\t\t\t\t<\/div>\n\t\t\t\t\t\t\t\t\t\t\t\t\t\t\t\t\t\t\t\t<div class=\"timeline_item timeline_3 orange\">\n\t\t\t\t\t\t\t\t\t\t\t<div class=\"timeline_text\">\n\t\t\t\t\t\t\t\t\t\t\t\t<h4>2003<\/h4>\n\t\t\t\t\t\t\t\t\t\t\t\t<p>Empezamos a ofrecer servicios de preparaci\u00f3n de impuestos<\/p>\n\t\t\t\t\t\t\t\t\t\t\t<\/div>\n\t\t\t\t\t\t\t\t\t\t<\/div>\n\t\t\t\t\t\t\t\t\t\t\t\t\t\t\t\t\t\t\t\t<div class=\"timeline_item timeline_4 orange\">\n\t\t\t\t\t\t\t\t\t\t\t<div class=\"timeline_text\">\n\t\t\t\t\t\t\t\t\t\t\t\t<h4>2022<\/h4>\n\t\t\t\t\t\t\t\t\t\t\t\t<p>Empieza el proceso de servicio de preparaci\u00f3n de impuestos en l\u00ednea<br \/>\nIniciamos aprobaci\u00f3n de pr\u00e9stamos en l\u00ednea<\/p>\n\t\t\t\t\t\t\t\t\t\t\t<\/div>\n\t\t\t\t\t\t\t\t\t\t<\/div>\n\t\t\t\t\t\t\t\t\t\t\n                        <\/div>\n                        <div class=\"timeline_bottom_wrapper\">\n                            <div class=\"timeline_bottom_wrap\">\n\n\t\t\t\t\t\t\t\t\t\t\t\t\t\t\t\t\t\t\t<div class=\"timeline_bottom bottom_line_1 blue\">\n\t\t\t\t\t\t\t\t\t\t\t\t<div class=\"line_text\">\n\t\t\t\t\t\t\t\t\t\t\t\t\t<h4>1993<\/h4>\n\t\t\t\t\t\t\t\t\t\t\t\t\t<p>Nuestros servicios se expanden a los estados de New M\u00e9xico y Oklahoma<\/p>\n\t\t\t\t\t\t\t\t\t\t\t\t<\/div>\n\t\t\t\t\t\t\t\t\t\t\t<\/div>\n\t\t\t\t\t\t\t\t\t\t\t\t\t\t\t\t\t\t\t\t\t\t<div class=\"timeline_bottom bottom_line_2 blue\">\n\t\t\t\t\t\t\t\t\t\t\t\t<div class=\"line_text\">\n\t\t\t\t\t\t\t\t\t\t\t\t\t<h4>1995<\/h4>\n\t\t\t\t\t\t\t\t\t\t\t\t\t<p>Nuestros servicios se expanden a los estados de Illinois y Missouri<\/p>\n\t\t\t\t\t\t\t\t\t\t\t\t<\/div>\n\t\t\t\t\t\t\t\t\t\t\t<\/div>\n\t\t\t\t\t\t\t\t\t\t\t\t\t\t\t\t\t\t\t\t\t\t<div class=\"timeline_bottom bottom_line_3 blue\">\n\t\t\t\t\t\t\t\t\t\t\t\t<div class=\"line_text\">\n\t\t\t\t\t\t\t\t\t\t\t\t\t<h4>2004<\/h4>\n\t\t\t\t\t\t\t\t\t\t\t\t\t<p>Nuestros servicios se expanden al estado de Alabama<\/p>\n\t\t\t\t\t\t\t\t\t\t\t\t<\/div>\n\t\t\t\t\t\t\t\t\t\t\t<\/div>\n\t\t\t\t\t\t\t\t\t\t\t\t\t\t\t\t\t\t\t\t\t\t<div class=\"timeline_bottom bottom_line_4 blue\">\n\t\t\t\t\t\t\t\t\t\t\t\t<div class=\"line_text\">\n\t\t\t\t\t\t\t\t\t\t\t\t\t<h4>2022<\/h4>\n\t\t\t\t\t\t\t\t\t\t\t\t\t<p>Iniciamos aprobaci\u00f3n de pr\u00e9stamos en l\u00ednea<\/p>\n\t\t\t\t\t\t\t\t\t\t\t\t<\/div>\n\t\t\t\t\t\t\t\t\t\t\t<\/div>\n\t\t\t\t\t\t\t\t\t\t\t\n                            <\/div>\n                        <\/div>\n                    <\/div>\n                <\/div>\n            <\/div>\n            <div class=\"row\">\n                <div class=\"col-lg-12\">\n                    <div class=\"res_timeline\">\n\n\t\t\t\t\t\t\t\t\t\t\t\t\t\t<div class=\"timeline_single blue\">\n\t\t\t\t\t\t\t\t\t<div class=\"timeline_date\">\n\t\t\t\t\t\t\t\t\t\t<h4>1988<\/h4>\n\t\t\t\t\t\t\t\t\t<\/div>\n\t\t\t\t\t\t\t\t\t<div class=\"timeline_content\">  \n\t\t\t\t\t\t\t\t\t\t<p>Abrimos la primera sucursal en San Antonio, TX<\/p>\n\t\t\t\t\t\t\t\t\t<\/div>\n\t\t\t\t\t\t\t\t<\/div>\n\t\t\t\t\t\t\t\t\t\t\t\t\t\t\t\t<div class=\"timeline_single blue\">\n\t\t\t\t\t\t\t\t\t<div class=\"timeline_date\">\n\t\t\t\t\t\t\t\t\t\t<h4>1993<\/h4>\n\t\t\t\t\t\t\t\t\t<\/div>\n\t\t\t\t\t\t\t\t\t<div class=\"timeline_content\">  \n\t\t\t\t\t\t\t\t\t\t<p>Nuestros servicios se expanden a los estados de New M\u00e9xico y Oklahoma<\/p>\n\t\t\t\t\t\t\t\t\t<\/div>\n\t\t\t\t\t\t\t\t<\/div>\n\t\t\t\t\t\t\t\t\t\t\t\t\t\t\t\t<div class=\"timeline_single blue\">\n\t\t\t\t\t\t\t\t\t<div class=\"timeline_date\">\n\t\t\t\t\t\t\t\t\t\t<h4>1994<\/h4>\n\t\t\t\t\t\t\t\t\t<\/div>\n\t\t\t\t\t\t\t\t\t<div class=\"timeline_content\">  \n\t\t\t\t\t\t\t\t\t\t<p>Nuestros servicios se expanden al estado de Nevada<\/p>\n\t\t\t\t\t\t\t\t\t<\/div>\n\t\t\t\t\t\t\t\t<\/div>\n\t\t\t\t\t\t\t\t\t\t\t\t\t\t\t\t<div class=\"timeline_single blue\">\n\t\t\t\t\t\t\t\t\t<div class=\"timeline_date\">\n\t\t\t\t\t\t\t\t\t\t<h4>1995<\/h4>\n\t\t\t\t\t\t\t\t\t<\/div>\n\t\t\t\t\t\t\t\t\t<div class=\"timeline_content\">  \n\t\t\t\t\t\t\t\t\t\t<p>Nuestros servicios se expanden a los estados de Illinois y Missouri<\/p>\n\t\t\t\t\t\t\t\t\t<\/div>\n\t\t\t\t\t\t\t\t<\/div>\n\t\t\t\t\t\t\t\t\t\t\t\t\t\t\t\t<div class=\"timeline_single orange\">\n\t\t\t\t\t\t\t\t\t<div class=\"timeline_date\">\n\t\t\t\t\t\t\t\t\t\t<h4>2003<\/h4>\n\t\t\t\t\t\t\t\t\t<\/div>\n\t\t\t\t\t\t\t\t\t<div class=\"timeline_content\">  \n\t\t\t\t\t\t\t\t\t\t<p>Empezamos a ofrecer servicios de preparaci\u00f3n de impuestos<\/p>\n\t\t\t\t\t\t\t\t\t<\/div>\n\t\t\t\t\t\t\t\t<\/div>\n\t\t\t\t\t\t\t\t\t\t\t\t\t\t\t\t<div class=\"timeline_single blue\">\n\t\t\t\t\t\t\t\t\t<div class=\"timeline_date\">\n\t\t\t\t\t\t\t\t\t\t<h4>2004<\/h4>\n\t\t\t\t\t\t\t\t\t<\/div>\n\t\t\t\t\t\t\t\t\t<div class=\"timeline_content\">  \n\t\t\t\t\t\t\t\t\t\t<p>Nuestros servicios se expanden al estado de Alabama<\/p>\n\t\t\t\t\t\t\t\t\t<\/div>\n\t\t\t\t\t\t\t\t<\/div>\n\t\t\t\t\t\t\t\t\t\t\t\t\t\t\t\t<div class=\"timeline_single orange\">\n\t\t\t\t\t\t\t\t\t<div class=\"timeline_date\">\n\t\t\t\t\t\t\t\t\t\t<h4>2022<\/h4>\n\t\t\t\t\t\t\t\t\t<\/div>\n\t\t\t\t\t\t\t\t\t<div class=\"timeline_content\">  \n\t\t\t\t\t\t\t\t\t\t<p>Empieza el proceso de servicio de preparaci\u00f3n de impuestos en l\u00ednea<br \/>\nIniciamos aprobaci\u00f3n de pr\u00e9stamos en l\u00ednea<\/p>\n\t\t\t\t\t\t\t\t\t<\/div>\n\t\t\t\t\t\t\t\t<\/div>\n\t\t\t\t\t\t\t\t\t\t\t\t\t\t\t\t<div class=\"timeline_single blue\">\n\t\t\t\t\t\t\t\t\t<div class=\"timeline_date\">\n\t\t\t\t\t\t\t\t\t\t<h4>2022<\/h4>\n\t\t\t\t\t\t\t\t\t<\/div>\n\t\t\t\t\t\t\t\t\t<div class=\"timeline_content\">  \n\t\t\t\t\t\t\t\t\t\t<p>Iniciamos aprobaci\u00f3n de pr\u00e9stamos en l\u00ednea<\/p>\n\t\t\t\t\t\t\t\t\t<\/div>\n\t\t\t\t\t\t\t\t<\/div>\n\t\t\t\t\t\t\t\t\n                    <\/div>\n                <\/div>\n            <\/div>\n        <\/div>\n    <\/div> \n<\/section>\n  \n\n<section id=\"block_62e173f845f9d\" class=\"hiring-block alignwide block-hiring has-font-color text-default\">\t<div class=\"hiring-area\">\n        <div class=\"container\">\n            <div class=\"row\">\n                <div class=\"col-lg-12\">\n                    <div class=\"hiring-title\">\n                        <h2>Estamos contratando<\/h2>\n                        <p>Siempre estamos creciendo e innovando es por esa raz\u00f3n que mantenemos nuestras puertas abiertas para encontrar personas interesadas en crecer con nosotros.<br>El personal de Sun Loan recibe beneficios competitivos que incluyen:<\/p>\n                    <\/div>\n                <\/div>\n                <div class=\"hiring-wrapper\">\n\n\t\t\t\t\t\t\t\t\t\t\t\t<div class=\"hire_info\">\n\t\t\t\t\t\t\t\t<h4>Cobertura de servicios m\u00e9dicos con bajo deducible<\/h4>\n\t\t\t\t\t\t\t<\/div>\n\t\t\t\t\t\t\t\t\t\t\t\t\t\t<div class=\"hire_info\">\n\t\t\t\t\t\t\t\t<h4>Programa de bono e incentivos mensuales<\/h4>\n\t\t\t\t\t\t\t<\/div>\n\t\t\t\t\t\t\t\t\t\t\t\t\t\t<div class=\"hire_info\">\n\t\t\t\t\t\t\t\t<h4>Capacitaci\u00f3n integral pagada<\/h4>\n\t\t\t\t\t\t\t<\/div>\n\t\t\t\t\t\t\t\t\t\t\t\t\t\t<div class=\"hire_info\">\n\t\t\t\t\t\t\t\t<h4>Vacaciones pagadas y ausencia por enfermedad<\/h4>\n\t\t\t\t\t\t\t<\/div>\n\t\t\t\t\t\t\t\t\t\t\t\t\t\t<div class=\"hire_info\">\n\t\t\t\t\t\t\t\t<h4>Plan de retiro 401k<\/h4>\n\t\t\t\t\t\t\t<\/div>\n\t\t\t\t\t\t\t                <\/div>\n\t\t\t\t\n\t\t\t\t                <div class=\"explore-btn text-center \">\n                    <a href=\"https:\/\/us62e2.dayforcehcm.com\/CandidatePortal\/en-US\/bru\" target=\"_blank\" class=\"common-btn btn_normal\">Puestos vacantes<\/a>\n                <\/div>\n\t\t\t\t            <\/div>\n        <\/div>\n    <\/div>\n\n<\/section>","protected":false},"excerpt":{"rendered":"","protected":false},"author":3,"featured_media":0,"parent":0,"menu_order":0,"comment_status":"closed","ping_status":"closed","template":"","meta":{"_acf_changed":false,"footnotes":""},"class_list":["post-2562","page","type-page","status-publish","hentry"],"acf":[],"yoast_head":"<!-- This site is optimized with the Yoast SEO plugin v27.5 - https:\/\/yoast.com\/product\/yoast-seo-wordpress\/ -->\n<title>Acerca de nosotros | Sun Loan Company\u00ae<\/title>\n<meta name=\"description\" content=\"Sun Loan ofrece pr\u00e9stamos personales a plazos en m\u00e1s de 230 ubicaciones en los EE. UU. Tenemos m\u00e1s de 30 a\u00f1os de experiencia. \u00a1Aprenda m\u00e1s sobre nuestra empresa hoy!\" \/>\n<meta name=\"robots\" content=\"index, follow, max-snippet:-1, max-image-preview:large, max-video-preview:-1\" \/>\n<link rel=\"canonical\" href=\"https:\/\/www.sunloan.com\/es\/acerca\/\" \/>\n<meta property=\"og:locale\" content=\"es_ES\" \/>\n<meta property=\"og:type\" content=\"article\" \/>\n<meta property=\"og:title\" content=\"Acerca de nosotros | Sun Loan Company\u00ae\" \/>\n<meta property=\"og:description\" content=\"Sun Loan ofrece pr\u00e9stamos personales a plazos en m\u00e1s de 230 ubicaciones en los EE. UU. Tenemos m\u00e1s de 30 a\u00f1os de experiencia. \u00a1Aprenda m\u00e1s sobre nuestra empresa hoy!\" \/>\n<meta property=\"og:url\" content=\"https:\/\/www.sunloan.com\/es\/acerca\/\" \/>\n<meta property=\"og:site_name\" content=\"Sun Loan Company\" \/>\n<meta property=\"article:modified_time\" content=\"2022-08-16T21:53:38+00:00\" \/>\n<meta name=\"twitter:card\" content=\"summary_large_image\" \/>\n<script type=\"application\/ld+json\" class=\"yoast-schema-graph\">{\"@context\":\"https:\\\/\\\/schema.org\",\"@graph\":[{\"@type\":\"WebPage\",\"@id\":\"https:\\\/\\\/www.sunloan.com\\\/es\\\/acerca\\\/\",\"url\":\"https:\\\/\\\/www.sunloan.com\\\/es\\\/acerca\\\/\",\"name\":\"Acerca de nosotros | Sun Loan Company\u00ae\",\"isPartOf\":{\"@id\":\"https:\\\/\\\/www.sunloan.com\\\/es\\\/#website\"},\"datePublished\":\"2022-07-27T17:23:38+00:00\",\"dateModified\":\"2022-08-16T21:53:38+00:00\",\"description\":\"Sun Loan ofrece pr\u00e9stamos personales a plazos en m\u00e1s de 230 ubicaciones en los EE. UU. Tenemos m\u00e1s de 30 a\u00f1os de experiencia. \u00a1Aprenda m\u00e1s sobre nuestra empresa hoy!\",\"breadcrumb\":{\"@id\":\"https:\\\/\\\/www.sunloan.com\\\/es\\\/acerca\\\/#breadcrumb\"},\"inLanguage\":\"es\",\"potentialAction\":[{\"@type\":\"ReadAction\",\"target\":[\"https:\\\/\\\/www.sunloan.com\\\/es\\\/acerca\\\/\"]}]},{\"@type\":\"BreadcrumbList\",\"@id\":\"https:\\\/\\\/www.sunloan.com\\\/es\\\/acerca\\\/#breadcrumb\",\"itemListElement\":[{\"@type\":\"ListItem\",\"position\":1,\"name\":\"Home\",\"item\":\"https:\\\/\\\/www.sunloan.com\\\/es\\\/\"},{\"@type\":\"ListItem\",\"position\":2,\"name\":\"About\"}]},{\"@type\":\"WebSite\",\"@id\":\"https:\\\/\\\/www.sunloan.com\\\/es\\\/#website\",\"url\":\"https:\\\/\\\/www.sunloan.com\\\/es\\\/\",\"name\":\"Sun Loan Company\",\"description\":\"\",\"publisher\":{\"@id\":\"https:\\\/\\\/www.sunloan.com\\\/es\\\/#organization\"},\"potentialAction\":[{\"@type\":\"SearchAction\",\"target\":{\"@type\":\"EntryPoint\",\"urlTemplate\":\"https:\\\/\\\/www.sunloan.com\\\/es\\\/?s={search_term_string}\"},\"query-input\":{\"@type\":\"PropertyValueSpecification\",\"valueRequired\":true,\"valueName\":\"search_term_string\"}}],\"inLanguage\":\"es\"},{\"@type\":\"Organization\",\"@id\":\"https:\\\/\\\/www.sunloan.com\\\/es\\\/#organization\",\"name\":\"Sun Loan Company\",\"url\":\"https:\\\/\\\/www.sunloan.com\\\/es\\\/\",\"logo\":{\"@type\":\"ImageObject\",\"inLanguage\":\"es\",\"@id\":\"https:\\\/\\\/www.sunloan.com\\\/es\\\/#\\\/schema\\\/logo\\\/image\\\/\",\"url\":\"https:\\\/\\\/www.sunloan.com\\\/wp-content\\\/uploads\\\/2022\\\/06\\\/logo.svg\",\"contentUrl\":\"https:\\\/\\\/www.sunloan.com\\\/wp-content\\\/uploads\\\/2022\\\/06\\\/logo.svg\",\"width\":1,\"height\":1,\"caption\":\"Sun Loan Company\"},\"image\":{\"@id\":\"https:\\\/\\\/www.sunloan.com\\\/es\\\/#\\\/schema\\\/logo\\\/image\\\/\"}}]}<\/script>\n<!-- \/ Yoast SEO plugin. -->","yoast_head_json":{"title":"Acerca de nosotros | Sun Loan Company\u00ae","description":"Sun Loan ofrece pr\u00e9stamos personales a plazos en m\u00e1s de 230 ubicaciones en los EE. UU. Tenemos m\u00e1s de 30 a\u00f1os de experiencia. \u00a1Aprenda m\u00e1s sobre nuestra empresa hoy!","robots":{"index":"index","follow":"follow","max-snippet":"max-snippet:-1","max-image-preview":"max-image-preview:large","max-video-preview":"max-video-preview:-1"},"canonical":"https:\/\/www.sunloan.com\/es\/acerca\/","og_locale":"es_ES","og_type":"article","og_title":"Acerca de nosotros | Sun Loan Company\u00ae","og_description":"Sun Loan ofrece pr\u00e9stamos personales a plazos en m\u00e1s de 230 ubicaciones en los EE. UU. Tenemos m\u00e1s de 30 a\u00f1os de experiencia. \u00a1Aprenda m\u00e1s sobre nuestra empresa hoy!","og_url":"https:\/\/www.sunloan.com\/es\/acerca\/","og_site_name":"Sun Loan Company","article_modified_time":"2022-08-16T21:53:38+00:00","twitter_card":"summary_large_image","schema":{"@context":"https:\/\/schema.org","@graph":[{"@type":"WebPage","@id":"https:\/\/www.sunloan.com\/es\/acerca\/","url":"https:\/\/www.sunloan.com\/es\/acerca\/","name":"Acerca de nosotros | Sun Loan Company\u00ae","isPartOf":{"@id":"https:\/\/www.sunloan.com\/es\/#website"},"datePublished":"2022-07-27T17:23:38+00:00","dateModified":"2022-08-16T21:53:38+00:00","description":"Sun Loan ofrece pr\u00e9stamos personales a plazos en m\u00e1s de 230 ubicaciones en los EE. UU. Tenemos m\u00e1s de 30 a\u00f1os de experiencia. \u00a1Aprenda m\u00e1s sobre nuestra empresa hoy!","breadcrumb":{"@id":"https:\/\/www.sunloan.com\/es\/acerca\/#breadcrumb"},"inLanguage":"es","potentialAction":[{"@type":"ReadAction","target":["https:\/\/www.sunloan.com\/es\/acerca\/"]}]},{"@type":"BreadcrumbList","@id":"https:\/\/www.sunloan.com\/es\/acerca\/#breadcrumb","itemListElement":[{"@type":"ListItem","position":1,"name":"Home","item":"https:\/\/www.sunloan.com\/es\/"},{"@type":"ListItem","position":2,"name":"About"}]},{"@type":"WebSite","@id":"https:\/\/www.sunloan.com\/es\/#website","url":"https:\/\/www.sunloan.com\/es\/","name":"Sun Loan Company","description":"","publisher":{"@id":"https:\/\/www.sunloan.com\/es\/#organization"},"potentialAction":[{"@type":"SearchAction","target":{"@type":"EntryPoint","urlTemplate":"https:\/\/www.sunloan.com\/es\/?s={search_term_string}"},"query-input":{"@type":"PropertyValueSpecification","valueRequired":true,"valueName":"search_term_string"}}],"inLanguage":"es"},{"@type":"Organization","@id":"https:\/\/www.sunloan.com\/es\/#organization","name":"Sun Loan Company","url":"https:\/\/www.sunloan.com\/es\/","logo":{"@type":"ImageObject","inLanguage":"es","@id":"https:\/\/www.sunloan.com\/es\/#\/schema\/logo\/image\/","url":"https:\/\/www.sunloan.com\/wp-content\/uploads\/2022\/06\/logo.svg","contentUrl":"https:\/\/www.sunloan.com\/wp-content\/uploads\/2022\/06\/logo.svg","width":1,"height":1,"caption":"Sun Loan Company"},"image":{"@id":"https:\/\/www.sunloan.com\/es\/#\/schema\/logo\/image\/"}}]}},"_links":{"self":[{"href":"https:\/\/www.sunloan.com\/es\/wp-json\/wp\/v2\/pages\/2562","targetHints":{"allow":["GET"]}}],"collection":[{"href":"https:\/\/www.sunloan.com\/es\/wp-json\/wp\/v2\/pages"}],"about":[{"href":"https:\/\/www.sunloan.com\/es\/wp-json\/wp\/v2\/types\/page"}],"author":[{"embeddable":true,"href":"https:\/\/www.sunloan.com\/es\/wp-json\/wp\/v2\/users\/3"}],"replies":[{"embeddable":true,"href":"https:\/\/www.sunloan.com\/es\/wp-json\/wp\/v2\/comments?post=2562"}],"version-history":[{"count":0,"href":"https:\/\/www.sunloan.com\/es\/wp-json\/wp\/v2\/pages\/2562\/revisions"}],"wp:attachment":[{"href":"https:\/\/www.sunloan.com\/es\/wp-json\/wp\/v2\/media?parent=2562"}],"curies":[{"name":"wp","href":"https:\/\/api.w.org\/{rel}","templated":true}]}}