{"id":2546,"date":"2022-04-26T06:13:47","date_gmt":"2022-04-26T12:13:47","guid":{"rendered":"https:\/\/www.sunloan.com\/?page_id=2546"},"modified":"2022-08-04T06:50:14","modified_gmt":"2022-08-04T12:50:14","slug":"empleos","status":"publish","type":"page","link":"https:\/\/www.sunloan.com\/es\/empleos\/","title":{"rendered":"Careers"},"content":{"rendered":"<\/div><section id=\"block_62678d15cfd70\" class=\"block-hero-bar alignfull block-hero-bar has-font-color text-default\">    <div class=\"page-title-area bg_blue\">\n        <div class=\"container\">\n            <div class=\"row\">\n                <div class=\"col-lg-12\">\n                    <div class=\"page-title white left\">\n                        <h1>Empleos<\/h1>\n                                            <\/div>\n                <\/div>\n            <\/div>\n        <\/div>\n        <img decoding=\"async\" src=\"\/wp-content\/themes\/sunloan-theme\/assets\/images\/dot-3.webp\" alt=\"\" class=\"dot_shape\">\n    <\/div>\n    <\/section>\n\n\n<\/div><section id=\"block_6268da2259e2a\" class=\"block-text  alignfull block-title-bar has-font-color text-default\">\t<div class=\"achieve-area achieve-consolidation noline \">\n        <div class=\"container\">\n            <div class=\"row\">\n                <div class=\"col-lg-12\">\n                    <div class=\"achieve-text\">\n                        <h2><sl>M\u00e1s que<\/sl> un trabajo <br> es un camino lleno de oportunidades<\/h2>\n                        <p><span style=\"font-weight: 400;\">Los empleados de Sun Loan disfrutan de un paquete de beneficios competitivo, colaboran en un ambiente en equipo enfocados a ayudar a sus colegas y la oportunidad de ayudar en la comunidad en donde trabajan.<\/span><\/p>\n\n\t\t\t\t\t\t\t\t\t\t\t\t\t\t\t\t\t\t\t\t\t\t\t\t\t\t\t\t\t<div class=\"twin-btn single-btn\">\n\t\t\t\t\t\t\t\t\t\t\t\t\t\t\t\t\t\t\t\t\t\t\t\t\t<a href=\"https:\/\/us62e2.dayforcehcm.com\/CandidatePortal\/en-US\/bru\" target=\"_blank\" class=\"common-btn btn_blue\">Puestos vacantes<\/a>\n\t\t\t\t\t\t\t\t\t\t\t\t\t\t\t\t\t<\/div>\n\t\t\t\t\t\t\t\t\t\t\t\t\t                    <\/div>\n                <\/div>\n            <\/div>\n        <\/div>\n    <\/div>\n<\/section>\n  \n\n<\/div><section id=\"block_62679261cfd71\" class=\"block-multi-content  alignfull block-multi-content has-font-color text-default\">\t<!-- First Template -->\n\t<div class=\"branch-area \">\n        <div class=\"container\">\n\n            \n            <div class=\"row align-items-center\">\n                <div class=\"col-lg-6 col-md-6\">\n                    <div class=\"branch-thumb\">\n                        <img decoding=\"async\" width=\"1030\" height=\"831\" src=\"https:\/\/www.sunloan.com\/wp-content\/uploads\/2022\/04\/img-5.jpg\" class=\"\" alt=\"img-5\" id=\"1110\" loading=\"lazy\" srcset=\"https:\/\/www.sunloan.com\/wp-content\/uploads\/2022\/04\/img-5.jpg 1030w, https:\/\/www.sunloan.com\/wp-content\/uploads\/2022\/04\/img-5-496x400.jpg 496w, https:\/\/www.sunloan.com\/wp-content\/uploads\/2022\/04\/img-5-806x650.jpg 806w, https:\/\/www.sunloan.com\/wp-content\/uploads\/2022\/04\/img-5-248x200.jpg 248w, https:\/\/www.sunloan.com\/wp-content\/uploads\/2022\/04\/img-5-768x620.jpg 768w, https:\/\/www.sunloan.com\/wp-content\/uploads\/2022\/04\/img-5-980x791.jpg 980w, https:\/\/www.sunloan.com\/wp-content\/uploads\/2022\/04\/img-5-600x484.jpg 600w, https:\/\/www.sunloan.com\/wp-content\/uploads\/2022\/04\/img-5-744x600.jpg 744w, https:\/\/www.sunloan.com\/wp-content\/uploads\/2022\/04\/img-5-400x323.jpg 400w, https:\/\/www.sunloan.com\/wp-content\/uploads\/2022\/04\/img-5-150x121.jpg 150w\" sizes=\"auto, (max-width: 1030px) 100vw, 1030px\" \/>                    <\/div>\n                <\/div>\n                <div class=\"col-lg-6 col-md-6\">\n                    <div class=\"branch-text\">\n                        <h2>Invertimos en nuestra gente<\/h2>\n                                                <p><span style=\"font-weight: 400;\">Ofrecemos capacitaci\u00f3n pagada desde el lugar de trabajo, oportunidades de desarrollo continuo, reembolso de matr\u00edcula escolar relacionado con la industria y generosas bonificaciones basadas en el desempe\u00f1o. Nos esforzamos por ofrecer a nuestro equipo herramientas de desarrollo que van ayudar a que triunfen en el futuro de su carrera.<\/span><\/p>\n                                                                    <\/div>\n                <\/div>\n            <\/div>\n        <\/div>\n    <\/div>\n\t<\/section>\n  \n\n<\/div><section id=\"block_6268bab65d433\" class=\"block-grid alignfull block-grid has-font-color text-default\">\t<div class=\"benefits-area\">\n        <div class=\"container\">\n            <div class=\"row mb-5\">\n                <div class=\"col-lg-12 text-center\">\n                    <div class=\"area-title pb-3\">\n                        <h2>Estos son solamente algunos de los beneficios que ofrecemos<\/h2>\n                    <\/div>\n                <\/div>\n            <\/div>\n            <div class=\"row gridthm\">\n\n\t\t\t\t\t\t\t\t\t\t<div class=\"grid_box\">\n\t\t\t\t\t\t\t<div class=\"benefit_single \">\n\t\t\t\t\t\t\t\t<h4>Cobertura m\u00e9dica con deducible bajo, que incluye cobertura dental y de la vista.<\/h4>\n\t\t\t\t\t\t\t\t<p>Nos preocupamos por cubrir las necesidades de atenci\u00f3n m\u00e9dica y las de tu familia con opciones de seguro que se ajustan a tu presupuesto.<\/p>\n\t\t\t\t\t\t\t<\/div>\n\t\t\t\t\t\t<\/div>\n\t\t\t\t\t\t\t\t\t\t\t\t<div class=\"grid_box\">\n\t\t\t\t\t\t\t<div class=\"benefit_single \">\n\t\t\t\t\t\t\t\t<h4>Bonos basados en desempe\u00f1o y experiencia<\/h4>\n\t\t\t\t\t\t\t\t<p>Recibe recompensas a trav\u00e9s de bonos en efectivo por el esfuerzo que realizas por ofrecer excelente servicio al cliente.<\/p>\n\t\t\t\t\t\t\t<\/div>\n\t\t\t\t\t\t<\/div>\n\t\t\t\t\t\t\t\t\t\t\t\t<div class=\"grid_box\">\n\t\t\t\t\t\t\t<div class=\"benefit_single \">\n\t\t\t\t\t\t\t\t<h4>Cobertura por incapacidad y seguro de vida<\/h4>\n\t\t\t\t\t\t\t\t<p>Nos comprometemos a ofrecerte oportunidades a largo plazo y queremos asegurarnos de que te sientas cubierto y protegido cuando m\u00e1s lo necesites.<\/p>\n\t\t\t\t\t\t\t<\/div>\n\t\t\t\t\t\t<\/div>\n\t\t\t\t\t\t\t\t\t\t\t\t<div class=\"grid_box\">\n\t\t\t\t\t\t\t<div class=\"benefit_single no-border\">\n\t\t\t\t\t\t\t\t<h4>Vacaciones y d\u00edas de ausencia por enfermedad pagadas<\/h4>\n\t\t\t\t\t\t\t\t<p>Con generosas prestaciones de tiempo libre pagado que aumentan con los a\u00f1os de servicio en la empresa. Nos aseguramos de que tengas oportunidad para descansar.<\/p>\n\t\t\t\t\t\t\t<\/div>\n\t\t\t\t\t\t<\/div>\n\t\t\t\t\t\t\t\t\t\t\t\t<div class=\"grid_box\">\n\t\t\t\t\t\t\t<div class=\"benefit_single no-border\">\n\t\t\t\t\t\t\t\t<h4>Plan de ahorro para el retiro 401k<\/h4>\n\t\t\t\t\t\t\t\t<p>Planifique para disfrutar de tus a\u00f1os despu\u00e9s de servir en la fuerza laboral con oportunidades para contribuir a tu ahorro de inversi\u00f3n para el retiro mientras reduces los ingresos sujetos a cargo de impuestos.<\/p>\n\t\t\t\t\t\t\t<\/div>\n\t\t\t\t\t\t<\/div>\n\t\t\t\t\t\t\t\t\t\t\t\t<div class=\"grid_box\">\n\t\t\t\t\t\t\t<div class=\"benefit_single no-border\">\n\t\t\t\t\t\t\t\t<h4>Selecciona reembolso de matr\u00edcula escolar<\/h4>\n\t\t\t\t\t\t\t\t<p>Cubriremos los gastos de educaci\u00f3n continua relacionados con las funciones principales de tu trabajo, asegur\u00e1ndonos de que tengas todo lo que necesitas para salir adelante.<\/p>\n\t\t\t\t\t\t\t<\/div>\n\t\t\t\t\t\t<\/div>\n\t\t\t\t\t\t                \n            <\/div>\n        <\/div>\n    <\/div>\n<\/section>  \n\n<\/div><section id=\"block_62610a30f620a\" class=\"block-multi-content  alignfull block-multi-content has-font-color text-default\">\n    <div class=\"specialist-area \">\n        <div class=\"container\">\n\n            \n            <div class=\"row text-center\">\n                <div class=\"col-lg-12 mb-5\">\n                    <div class=\"area-title\">\n                        <h2>Life as a Customer Service Loan Specialist<\/h2>\n                        <p>We\u2019re always in search of amazing Customer Service Loan Specialists \u2013 the in-branch professionals who help individuals in their communities reach their financial goals every day. Here\u2019s what you can expect from a day in the life of a specialist.<\/p>\n                    <\/div>\n                <\/div>\n            <\/div>\n            <div class=\"row align-items-center\">\n                <div class=\"col-lg-6 col-md-6 order-last order-md-first\">\n                    <div class=\"specialist_text\">\n                        <h4>Key responsibilities:<\/h4>\n<ul>\n<li>Providing excellent customer service and thorough education to individuals interested in personal installment loans<\/li>\n<li>Efficiently handling financial transactions to ensure borrowers get their money when they need it<\/li>\n<li>Working with borrowers who are overdue to identify solutions for repayment<\/li>\n<li>Accurately handling a cash drawer and bank deposits<\/li>\n<li>Spreading the word about personal installment loans in your local community<\/li>\n<\/ul>\n                    <\/div>\n                <\/div>\n                <div class=\"col-lg-6 col-md-6 order-first order-md-last\">\n                    <div class=\"specialist_thumb\">\n                        <img decoding=\"async\" width=\"994\" height=\"1082\" src=\"https:\/\/www.sunloan.com\/wp-content\/uploads\/2022\/04\/img-6.jpg\" class=\"\" alt=\"img-6\" id=\"1337\" loading=\"lazy\" srcset=\"https:\/\/www.sunloan.com\/wp-content\/uploads\/2022\/04\/img-6.jpg 994w, https:\/\/www.sunloan.com\/wp-content\/uploads\/2022\/04\/img-6-367x400.jpg 367w, https:\/\/www.sunloan.com\/wp-content\/uploads\/2022\/04\/img-6-597x650.jpg 597w, https:\/\/www.sunloan.com\/wp-content\/uploads\/2022\/04\/img-6-184x200.jpg 184w, https:\/\/www.sunloan.com\/wp-content\/uploads\/2022\/04\/img-6-768x836.jpg 768w, https:\/\/www.sunloan.com\/wp-content\/uploads\/2022\/04\/img-6-980x1067.jpg 980w, https:\/\/www.sunloan.com\/wp-content\/uploads\/2022\/04\/img-6-600x653.jpg 600w, https:\/\/www.sunloan.com\/wp-content\/uploads\/2022\/04\/img-6-551x600.jpg 551w, https:\/\/www.sunloan.com\/wp-content\/uploads\/2022\/04\/img-6-400x435.jpg 400w, https:\/\/www.sunloan.com\/wp-content\/uploads\/2022\/04\/img-6-150x163.jpg 150w\" sizes=\"auto, (max-width: 994px) 100vw, 994px\" \/>                    <\/div>\n                <\/div>\n            <\/div>\n        <\/div>\n    <\/div>\n<\/section>\n  \n\n<\/div><section id=\"block_6267a5911c293\" class=\"block-cta-banner alignfull block-cta-banner has-font-color text-default\">\t<div class=\"promo-area line_yellow\">\n        <div class=\"container\">\n            <div class=\"row\">\n                <div class=\"col-lg-12\">\n                    <div class=\"promo-text\">\n                        <h2>Encuentra puestos vacantes en tu \u00e1rea<\/h2>\n                        <a href=\"https:\/\/us62e2.dayforcehcm.com\/CandidatePortal\/en-US\/bru\" target=\"_blank\" class=\"common-btn btn_red2 \">Puestos vacantes<\/a>                    <\/div>\n                <\/div>\n            <\/div>\n        <\/div>\n    <\/div>\n<\/section>\n  ","protected":false},"excerpt":{"rendered":"","protected":false},"author":3,"featured_media":0,"parent":0,"menu_order":0,"comment_status":"closed","ping_status":"closed","template":"","meta":{"_acf_changed":false,"footnotes":""},"class_list":["post-2546","page","type-page","status-publish","hentry"],"acf":[],"yoast_head":"<!-- This site is optimized with the Yoast SEO plugin v27.3 - https:\/\/yoast.com\/product\/yoast-seo-wordpress\/ -->\n<title>Oportunidades de empleo y Posiciones de trabajo disponibles | Sun Loan Company\u00ae<\/title>\n<meta name=\"description\" content=\"Sun Loan te ofrece una carrera profesional con sueldo y beneficios competitivos, capacitaci\u00f3n. Cuidamos a nuestra gente. \u00a1Busca ofertas de trabajo cerca de ti!\" \/>\n<meta name=\"robots\" content=\"index, follow, max-snippet:-1, max-image-preview:large, max-video-preview:-1\" \/>\n<link rel=\"canonical\" href=\"https:\/\/www.sunloan.com\/es\/empleos\/\" \/>\n<meta property=\"og:locale\" content=\"es_ES\" \/>\n<meta property=\"og:type\" content=\"article\" \/>\n<meta property=\"og:title\" content=\"Oportunidades de empleo y Posiciones de trabajo disponibles | Sun Loan Company\u00ae\" \/>\n<meta property=\"og:description\" content=\"Sun Loan te ofrece una carrera profesional con sueldo y beneficios competitivos, capacitaci\u00f3n. Cuidamos a nuestra gente. \u00a1Busca ofertas de trabajo cerca de ti!\" \/>\n<meta property=\"og:url\" content=\"https:\/\/www.sunloan.com\/es\/empleos\/\" \/>\n<meta property=\"og:site_name\" content=\"Sun Loan Company\" \/>\n<meta property=\"article:modified_time\" content=\"2022-08-04T12:50:14+00:00\" \/>\n<meta name=\"twitter:card\" content=\"summary_large_image\" \/>\n<script type=\"application\/ld+json\" class=\"yoast-schema-graph\">{\"@context\":\"https:\\\/\\\/schema.org\",\"@graph\":[{\"@type\":\"WebPage\",\"@id\":\"https:\\\/\\\/www.sunloan.com\\\/es\\\/empleos\\\/\",\"url\":\"https:\\\/\\\/www.sunloan.com\\\/es\\\/empleos\\\/\",\"name\":\"Oportunidades de empleo y Posiciones de trabajo disponibles | Sun Loan Company\u00ae\",\"isPartOf\":{\"@id\":\"https:\\\/\\\/www.sunloan.com\\\/es\\\/#website\"},\"datePublished\":\"2022-04-26T12:13:47+00:00\",\"dateModified\":\"2022-08-04T12:50:14+00:00\",\"description\":\"Sun Loan te ofrece una carrera profesional con sueldo y beneficios competitivos, capacitaci\u00f3n. Cuidamos a nuestra gente. \u00a1Busca ofertas de trabajo cerca de ti!\",\"breadcrumb\":{\"@id\":\"https:\\\/\\\/www.sunloan.com\\\/es\\\/empleos\\\/#breadcrumb\"},\"inLanguage\":\"es\",\"potentialAction\":[{\"@type\":\"ReadAction\",\"target\":[\"https:\\\/\\\/www.sunloan.com\\\/es\\\/empleos\\\/\"]}]},{\"@type\":\"BreadcrumbList\",\"@id\":\"https:\\\/\\\/www.sunloan.com\\\/es\\\/empleos\\\/#breadcrumb\",\"itemListElement\":[{\"@type\":\"ListItem\",\"position\":1,\"name\":\"Home\",\"item\":\"https:\\\/\\\/www.sunloan.com\\\/es\\\/\"},{\"@type\":\"ListItem\",\"position\":2,\"name\":\"Careers\"}]},{\"@type\":\"WebSite\",\"@id\":\"https:\\\/\\\/www.sunloan.com\\\/es\\\/#website\",\"url\":\"https:\\\/\\\/www.sunloan.com\\\/es\\\/\",\"name\":\"Sun Loan Company\",\"description\":\"\",\"publisher\":{\"@id\":\"https:\\\/\\\/www.sunloan.com\\\/es\\\/#organization\"},\"potentialAction\":[{\"@type\":\"SearchAction\",\"target\":{\"@type\":\"EntryPoint\",\"urlTemplate\":\"https:\\\/\\\/www.sunloan.com\\\/es\\\/?s={search_term_string}\"},\"query-input\":{\"@type\":\"PropertyValueSpecification\",\"valueRequired\":true,\"valueName\":\"search_term_string\"}}],\"inLanguage\":\"es\"},{\"@type\":\"Organization\",\"@id\":\"https:\\\/\\\/www.sunloan.com\\\/es\\\/#organization\",\"name\":\"Sun Loan Company\",\"url\":\"https:\\\/\\\/www.sunloan.com\\\/es\\\/\",\"logo\":{\"@type\":\"ImageObject\",\"inLanguage\":\"es\",\"@id\":\"https:\\\/\\\/www.sunloan.com\\\/es\\\/#\\\/schema\\\/logo\\\/image\\\/\",\"url\":\"https:\\\/\\\/www.sunloan.com\\\/wp-content\\\/uploads\\\/2022\\\/06\\\/logo.svg\",\"contentUrl\":\"https:\\\/\\\/www.sunloan.com\\\/wp-content\\\/uploads\\\/2022\\\/06\\\/logo.svg\",\"width\":1,\"height\":1,\"caption\":\"Sun Loan Company\"},\"image\":{\"@id\":\"https:\\\/\\\/www.sunloan.com\\\/es\\\/#\\\/schema\\\/logo\\\/image\\\/\"}}]}<\/script>\n<!-- \/ Yoast SEO plugin. -->","yoast_head_json":{"title":"Oportunidades de empleo y Posiciones de trabajo disponibles | Sun Loan Company\u00ae","description":"Sun Loan te ofrece una carrera profesional con sueldo y beneficios competitivos, capacitaci\u00f3n. Cuidamos a nuestra gente. \u00a1Busca ofertas de trabajo cerca de ti!","robots":{"index":"index","follow":"follow","max-snippet":"max-snippet:-1","max-image-preview":"max-image-preview:large","max-video-preview":"max-video-preview:-1"},"canonical":"https:\/\/www.sunloan.com\/es\/empleos\/","og_locale":"es_ES","og_type":"article","og_title":"Oportunidades de empleo y Posiciones de trabajo disponibles | Sun Loan Company\u00ae","og_description":"Sun Loan te ofrece una carrera profesional con sueldo y beneficios competitivos, capacitaci\u00f3n. Cuidamos a nuestra gente. \u00a1Busca ofertas de trabajo cerca de ti!","og_url":"https:\/\/www.sunloan.com\/es\/empleos\/","og_site_name":"Sun Loan Company","article_modified_time":"2022-08-04T12:50:14+00:00","twitter_card":"summary_large_image","schema":{"@context":"https:\/\/schema.org","@graph":[{"@type":"WebPage","@id":"https:\/\/www.sunloan.com\/es\/empleos\/","url":"https:\/\/www.sunloan.com\/es\/empleos\/","name":"Oportunidades de empleo y Posiciones de trabajo disponibles | Sun Loan Company\u00ae","isPartOf":{"@id":"https:\/\/www.sunloan.com\/es\/#website"},"datePublished":"2022-04-26T12:13:47+00:00","dateModified":"2022-08-04T12:50:14+00:00","description":"Sun Loan te ofrece una carrera profesional con sueldo y beneficios competitivos, capacitaci\u00f3n. Cuidamos a nuestra gente. \u00a1Busca ofertas de trabajo cerca de ti!","breadcrumb":{"@id":"https:\/\/www.sunloan.com\/es\/empleos\/#breadcrumb"},"inLanguage":"es","potentialAction":[{"@type":"ReadAction","target":["https:\/\/www.sunloan.com\/es\/empleos\/"]}]},{"@type":"BreadcrumbList","@id":"https:\/\/www.sunloan.com\/es\/empleos\/#breadcrumb","itemListElement":[{"@type":"ListItem","position":1,"name":"Home","item":"https:\/\/www.sunloan.com\/es\/"},{"@type":"ListItem","position":2,"name":"Careers"}]},{"@type":"WebSite","@id":"https:\/\/www.sunloan.com\/es\/#website","url":"https:\/\/www.sunloan.com\/es\/","name":"Sun Loan Company","description":"","publisher":{"@id":"https:\/\/www.sunloan.com\/es\/#organization"},"potentialAction":[{"@type":"SearchAction","target":{"@type":"EntryPoint","urlTemplate":"https:\/\/www.sunloan.com\/es\/?s={search_term_string}"},"query-input":{"@type":"PropertyValueSpecification","valueRequired":true,"valueName":"search_term_string"}}],"inLanguage":"es"},{"@type":"Organization","@id":"https:\/\/www.sunloan.com\/es\/#organization","name":"Sun Loan Company","url":"https:\/\/www.sunloan.com\/es\/","logo":{"@type":"ImageObject","inLanguage":"es","@id":"https:\/\/www.sunloan.com\/es\/#\/schema\/logo\/image\/","url":"https:\/\/www.sunloan.com\/wp-content\/uploads\/2022\/06\/logo.svg","contentUrl":"https:\/\/www.sunloan.com\/wp-content\/uploads\/2022\/06\/logo.svg","width":1,"height":1,"caption":"Sun Loan Company"},"image":{"@id":"https:\/\/www.sunloan.com\/es\/#\/schema\/logo\/image\/"}}]}},"_links":{"self":[{"href":"https:\/\/www.sunloan.com\/es\/wp-json\/wp\/v2\/pages\/2546","targetHints":{"allow":["GET"]}}],"collection":[{"href":"https:\/\/www.sunloan.com\/es\/wp-json\/wp\/v2\/pages"}],"about":[{"href":"https:\/\/www.sunloan.com\/es\/wp-json\/wp\/v2\/types\/page"}],"author":[{"embeddable":true,"href":"https:\/\/www.sunloan.com\/es\/wp-json\/wp\/v2\/users\/3"}],"replies":[{"embeddable":true,"href":"https:\/\/www.sunloan.com\/es\/wp-json\/wp\/v2\/comments?post=2546"}],"version-history":[{"count":0,"href":"https:\/\/www.sunloan.com\/es\/wp-json\/wp\/v2\/pages\/2546\/revisions"}],"wp:attachment":[{"href":"https:\/\/www.sunloan.com\/es\/wp-json\/wp\/v2\/media?parent=2546"}],"curies":[{"name":"wp","href":"https:\/\/api.w.org\/{rel}","templated":true}]}}