{"id":2490,"date":"2022-05-05T18:55:41","date_gmt":"2022-05-06T00:55:41","guid":{"rendered":"https:\/\/www.sunloan.com\/?page_id=2490"},"modified":"2022-08-10T13:04:35","modified_gmt":"2022-08-10T19:04:35","slug":"servicios-de-emergencia-en-carretera","status":"publish","type":"page","link":"https:\/\/www.sunloan.com\/es\/servicios-de-emergencia-en-carretera\/","title":{"rendered":"Auto Club"},"content":{"rendered":"<\/div><section id=\"block_62628e9142993\" class=\"block-hero-bar alignfull block-hero-bar has-font-color text-default\">    <div class=\"page-title-area bg_red\">\n        <div class=\"container\">\n            <div class=\"row\">\n                <div class=\"col-lg-12\">\n                    <div class=\"page-title white left\">\n                        <h1>Servicios de Emergencia en Carretera<\/h1>\n                                            <\/div>\n                <\/div>\n            <\/div>\n        <\/div>\n        <img decoding=\"async\" src=\"\/wp-content\/themes\/sunloan-theme\/assets\/images\/dot-3.webp\" alt=\"\" class=\"dot_shape\">\n    <\/div>\n    <\/section>\n\n\n<\/div><section id=\"block_6268dc92003d4\" class=\"block-text  alignfull block-title-bar has-font-color text-default\">\t<div class=\"achieve-area achieve-consolidation noline \">\n        <div class=\"container\">\n            <div class=\"row\">\n                <div class=\"col-lg-12\">\n                    <div class=\"achieve-text\">\n                        <h2>El Auto Club de Sun Loan fue dise\u00f1ado para mantenerte seguro y ofrecerte asistencia de emergencia en la carretera, reembolso de remolque, cambios de bater\u00eda y llantas a precio fijo<\/h2>\n                        <p>Nos hemos asociado con PTS Auto Club para cubrir lo que tu seguro de autom\u00f3vil regular no cubre, ayud\u00e1ndote a salir a la carretera con confianza<\/p>\n\n\t\t\t\t\t\t                    <\/div>\n                <\/div>\n            <\/div>\n        <\/div>\n    <\/div>\n<\/section>\n  \n\n<section id=\"block_6284193e9cd33\" class=\"block-text-icon alignwide block-text-icon has-font-color text-default\"><div class=\"about-area pt-5 mt-lg-5 \">\n\t<div class=\"container-fluid mw-xxl\">\n\t\t<div class=\"row\">\n\t\t\t<div class=\"area-title text-center\">\n\t\t\t\t<h2>\u00bfC\u00f3mo puede ayudarte nuestro Auto Club?<\/h2>\n\t\t\t\t<p>Si te encuentras en Illinois, Nevada, Missouri o Nuevo M\u00e9xico, la membres\u00eda puede ayudarte a que las fallas en el camino sean menos complicadas financieramente*<\/p>\t\t\t<\/div>\n\t\t<\/div>\n\t\t<div class=\"row justify-content-center\">\n\n\t\t\t\t\t\t\t\t<div class=\"col-lg-4 col-md-4\">\n\t\t\t\t\t\t<div class=\"about-card\">\n\n\t\t\t\t\t\t\t<h4>Reembolso de remolque<\/h4><p>Obt\u00e9n un reembolso de hasta $85 si tu veh\u00edculo tiene que ser remolcado despu\u00e9s de una emergencia en la carretera<\/p>\n\t\t\t\t\t\t<\/div>\n\t\t\t\t\t<\/div>\n\t\t\t\t\t\t\t\t<div class=\"col-lg-4 col-md-4\">\n\t\t\t\t\t\t<div class=\"about-card\">\n\n\t\t\t\t\t\t\t<h4>Reembolso por servicio de cerrajero<\/h4><p>\u00bfSe qued\u00f3 cerrado tu auto? Cubrimos hasta $85 del costo por servicio de cerrajero<\/p>\n\t\t\t\t\t\t<\/div>\n\t\t\t\t\t<\/div>\n\t\t\t\t\t\t\t\t<div class=\"col-lg-4 col-md-4\">\n\t\t\t\t\t\t<div class=\"about-card\">\n\n\t\t\t\t\t\t\t<h4>Reparaci\u00f3n de llantas\/neum\u00e1ticos y recargo de bater\u00edas<\/h4><p>Paga solo $15 la pr\u00f3xima vez que un neum\u00e1tico o la bater\u00eda te fallen<\/p>\n\t\t\t\t\t\t<\/div>\n\t\t\t\t\t<\/div>\n\t\t\t\t\t\t\t\t<div class=\"col-lg-4 col-md-4\">\n\t\t\t\t\t\t<div class=\"about-card\">\n\n\t\t\t\t\t\t\t<h4>Cuotas de la corte por incidentes de tr\u00e1fico<\/h4><p>Recibe un reembolso de hasta $175 en honorarios de abogados cuando tengas una infracci\u00f3n de tr\u00e1nsito<\/p>\n\t\t\t\t\t\t<\/div>\n\t\t\t\t\t<\/div>\n\t\t\t\t\t\t\t\t<div class=\"col-lg-4 col-md-4\">\n\t\t\t\t\t\t<div class=\"about-card\">\n\n\t\t\t\t\t\t\t<h4>Fianzas<\/h4><p>Si se te acusa por un accidente que involucra una p\u00e9rdida de vida o lesi\u00f3n, se te reembolsar\u00e1 parte del costo de servicio de agente de fianzas hasta $ 1,000<\/p>\n\t\t\t\t\t\t<\/div>\n\t\t\t\t\t<\/div>\n\t\t\t\n\t\t<\/div>\n\n\t\t\t\t\t<\/div>\n<\/div>\n<\/section>\n\n<\/div><section id=\"block_628419869cd39\" class=\"block-multi-content  alignfull block-multi-content has-font-color text-default\">\t<!-- Second Template -->\n\t<div class=\"consolidation-area \">\n        <div class=\"container\">\n\t\t\t\n            \n            <div class=\"row mb-5\">   \n                <div class=\"col-lg-12 text-center\">\n                    <div class=\"area-title\">\n                        <h2>Adem\u00e1s, disfruta de descuentos en una variedad de prestadores de servicios en todo el pa\u00eds<\/h2>\n                    <\/div>\n                <\/div>\n            <\/div>\n            <div class=\"row align-items-center\">\n                <div class=\"col-lg-6 col-md-6\">\n                    <div class=\"consoli_thumb\">\n                        <img decoding=\"async\" width=\"1104\" height=\"1096\" src=\"https:\/\/www.sunloan.com\/wp-content\/uploads\/2022\/05\/SL-autoclub-image-discounts@2x.jpg\" class=\"\" alt=\"SL-autoclub-image-discounts@2x\" id=\"2591\" loading=\"lazy\" srcset=\"https:\/\/www.sunloan.com\/wp-content\/uploads\/2022\/05\/SL-autoclub-image-discounts@2x.jpg 1104w, https:\/\/www.sunloan.com\/wp-content\/uploads\/2022\/05\/SL-autoclub-image-discounts@2x-403x400.jpg 403w, https:\/\/www.sunloan.com\/wp-content\/uploads\/2022\/05\/SL-autoclub-image-discounts@2x-655x650.jpg 655w, https:\/\/www.sunloan.com\/wp-content\/uploads\/2022\/05\/SL-autoclub-image-discounts@2x-201x200.jpg 201w, https:\/\/www.sunloan.com\/wp-content\/uploads\/2022\/05\/SL-autoclub-image-discounts@2x-768x762.jpg 768w, https:\/\/www.sunloan.com\/wp-content\/uploads\/2022\/05\/SL-autoclub-image-discounts@2x-980x973.jpg 980w, https:\/\/www.sunloan.com\/wp-content\/uploads\/2022\/05\/SL-autoclub-image-discounts@2x-600x596.jpg 600w, https:\/\/www.sunloan.com\/wp-content\/uploads\/2022\/05\/SL-autoclub-image-discounts@2x-604x600.jpg 604w, https:\/\/www.sunloan.com\/wp-content\/uploads\/2022\/05\/SL-autoclub-image-discounts@2x-400x397.jpg 400w, https:\/\/www.sunloan.com\/wp-content\/uploads\/2022\/05\/SL-autoclub-image-discounts@2x-150x149.jpg 150w\" sizes=\"auto, (max-width: 1104px) 100vw, 1104px\" \/>                    <\/div>\n                <\/div>\n                <div class=\"col-lg-6 col-md-6\">\n                    <div class=\"consoli_wrapper\">\n\t\t\t\t\t\t<div class=\"consoli_txt\"><div class=\"info-item\">\n<div class=\"info_left\">\n<h4>Tarjeta de descuento en recetas m\u00e9dicas<\/h4>\n<\/div>\n<div class=\"info_right\">\n<p>Ahorra hasta un 35 % en recetas surtidas en las farmacias participantes<\/p>\n<\/div>\n<\/div>\n<div class=\"info-item\">\n<div class=\"info_left\">\n<h4>Descuento AT&#038;T<\/h4>\n<\/div>\n<div class=\"info_right\">\n<p>Los miembros del Auto Club ahorran un 10% en todos los planes de voz y de datos de $30 o m\u00e1s, al mes<\/p>\n<\/div>\n<\/div>\n<div class=\"info-item\">\n<div class=\"info_left\">\n<h4>Descuento en renta de auto<\/h4>\n<\/div>\n<div class=\"info_right\">\n<p>Recibe importantes descuentos cuando rentas a trav\u00e9s de National y Enterprise Rent-a-Car<\/p>\n<\/div>\n<\/div>\n<div class=\"info-item\">\n<div class=\"info_left\">\n<h4>Descuento en vacaciones<\/h4>\n<\/div>\n<div class=\"info_right\">\n<p>Reserva paquetes de viajes con descuento, en todo el pa\u00eds y en todo el mundo<\/p>\n<\/div>\n<\/div>\n<\/div>\n                    <\/div>\n                <\/div>\n            <\/div>\n        <\/div>\n    <\/div>\n\n<\/section>\n  \n\n<section id=\"block_62ea9a631cfe4\" class=\"block-testimonial-slider alignnone block-testimonial-slider has-font-color text-default\">\t<div class=\"testimonial-main-area \">\n\t\t<div class=\"testimonial-area\">\n\t\t\t<div class=\"container\">\n\t\t\t\t<div class=\"row\">\n\t\t\t\t\t<div class=\"testimonial-content\">\n\t\t\t\t\t\t<div class=\"customer-text\">\n\t\t\t\t\t\t\t<h2>Mira lo que dicen nuestros clientes<\/h2>\n\t\t\t\t\t\t\t<p><\/p>\n\t\t\t\t\t\t\t<div class=\"customer_rating\">\n\t\t\t\t\t\t\t\t<div class=\"google_logo\">\n\t\t\t\t\t\t\t\t\t\t\t\t\t\t\t\t\t<\/div>\n\t\t\t\t\t\t\t\t<span class=\"stars\" data-value=\"5\"><\/span>\n\t\t\t\t\t\t\t\t<p><\/p>\n\t\t\t\t\t\t\t<\/div>\n\t\t\t\t\t\t<\/div>\n\t\t\t\t\t<\/div>\n\t\t\t\t<\/div>\n\t\t\t<\/div>\n\n\t\t\t<div class=\"testimonial_slider\">\n\t\t\t\t<!-- <img decoding=\"async\" src=\"\/wp-content\/uploads\/2022\/04\/overlay_bg.png\" class=\"overlay_img\" alt=\"\"> -->\n\t\t\t\t<!--<div class=\"overlay_testimonial\"><\/div>-->\n\t\t\t\t<div class=\"testimonial_wrapper\">\n\n\t\t\t\t\t\n\t\t\t\t<\/div>\n\t\t\t<\/div>\n\t\t<\/div>\n\t<\/div>\n\n\n<\/section>\n\n<\/div><section id=\"block_626149dccdb8f\" class=\"block-cta-banner alignfull block-cta-banner has-font-color text-default\">\t<div class=\"promo-area line_yellow\">\n        <div class=\"container\">\n            <div class=\"row\">\n                <div class=\"col-lg-12\">\n                    <div class=\"promo-text\">\n                        <h2>\u00bfListo para pertenecer al Auto Club de Sun Loan?<\/h2>\n                        <a href=\"https:\/\/www.sunloan.com\/es\/sucursales\/\" target=\"_self\" class=\"common-btn btn_red2 \">Encuentra una sucursal<\/a>                    <\/div>\n                <\/div>\n            <\/div>\n        <\/div>\n    <\/div>\n<\/section>\n  \n\n\n<p class=\"has-text-align-center\">&nbsp;*Los servicios y productos est\u00e1n sujetos a cambios en cualquier momento y por cualquier motivo.<\/p>\n","protected":false},"excerpt":{"rendered":"<p>&nbsp;*Los servicios y productos est\u00e1n sujetos a cambios en cualquier momento y por cualquier motivo.<\/p>\n","protected":false},"author":3,"featured_media":0,"parent":0,"menu_order":0,"comment_status":"closed","ping_status":"closed","template":"","meta":{"_acf_changed":false,"footnotes":""},"class_list":["post-2490","page","type-page","status-publish","hentry"],"acf":[],"yoast_head":"<!-- This site is optimized with the Yoast SEO plugin v27.5 - https:\/\/yoast.com\/product\/yoast-seo-wordpress\/ -->\n<title>Servicios de emergencia en carretera y m\u00e1s - Auto Club | Sun Loan Company\u00ae<\/title>\n<meta name=\"description\" content=\"Sun Loan se ha asociado con PTS Auto Club para cubrir lo que tu seguro de autom\u00f3vil regular no cubre. Para m\u00e1s informaci\u00f3n haz clic aqu\u00ed.\" \/>\n<meta name=\"robots\" content=\"index, follow, max-snippet:-1, max-image-preview:large, max-video-preview:-1\" \/>\n<link rel=\"canonical\" href=\"https:\/\/www.sunloan.com\/es\/servicios-de-emergencia-en-carretera\/\" \/>\n<meta property=\"og:locale\" content=\"es_ES\" \/>\n<meta property=\"og:type\" content=\"article\" \/>\n<meta property=\"og:title\" content=\"Servicios de emergencia en carretera y m\u00e1s - Auto Club | Sun Loan Company\u00ae\" \/>\n<meta property=\"og:description\" content=\"Sun Loan se ha asociado con PTS Auto Club para cubrir lo que tu seguro de autom\u00f3vil regular no cubre. Para m\u00e1s informaci\u00f3n haz clic aqu\u00ed.\" \/>\n<meta property=\"og:url\" content=\"https:\/\/www.sunloan.com\/es\/servicios-de-emergencia-en-carretera\/\" \/>\n<meta property=\"og:site_name\" content=\"Sun Loan Company\" \/>\n<meta property=\"article:modified_time\" content=\"2022-08-10T19:04:35+00:00\" \/>\n<meta name=\"twitter:card\" content=\"summary_large_image\" \/>\n<meta name=\"twitter:label1\" content=\"Tiempo de lectura\" \/>\n\t<meta name=\"twitter:data1\" content=\"1 minuto\" \/>\n<script type=\"application\/ld+json\" class=\"yoast-schema-graph\">{\"@context\":\"https:\\\/\\\/schema.org\",\"@graph\":[{\"@type\":\"WebPage\",\"@id\":\"https:\\\/\\\/www.sunloan.com\\\/es\\\/servicios-de-emergencia-en-carretera\\\/\",\"url\":\"https:\\\/\\\/www.sunloan.com\\\/es\\\/servicios-de-emergencia-en-carretera\\\/\",\"name\":\"Servicios de emergencia en carretera y m\u00e1s - Auto Club | Sun Loan Company\u00ae\",\"isPartOf\":{\"@id\":\"https:\\\/\\\/www.sunloan.com\\\/es\\\/#website\"},\"datePublished\":\"2022-05-06T00:55:41+00:00\",\"dateModified\":\"2022-08-10T19:04:35+00:00\",\"description\":\"Sun Loan se ha asociado con PTS Auto Club para cubrir lo que tu seguro de autom\u00f3vil regular no cubre. Para m\u00e1s informaci\u00f3n haz clic aqu\u00ed.\",\"breadcrumb\":{\"@id\":\"https:\\\/\\\/www.sunloan.com\\\/es\\\/servicios-de-emergencia-en-carretera\\\/#breadcrumb\"},\"inLanguage\":\"es\",\"potentialAction\":[{\"@type\":\"ReadAction\",\"target\":[\"https:\\\/\\\/www.sunloan.com\\\/es\\\/servicios-de-emergencia-en-carretera\\\/\"]}]},{\"@type\":\"BreadcrumbList\",\"@id\":\"https:\\\/\\\/www.sunloan.com\\\/es\\\/servicios-de-emergencia-en-carretera\\\/#breadcrumb\",\"itemListElement\":[{\"@type\":\"ListItem\",\"position\":1,\"name\":\"Home\",\"item\":\"https:\\\/\\\/www.sunloan.com\\\/es\\\/\"},{\"@type\":\"ListItem\",\"position\":2,\"name\":\"Auto Club\"}]},{\"@type\":\"WebSite\",\"@id\":\"https:\\\/\\\/www.sunloan.com\\\/es\\\/#website\",\"url\":\"https:\\\/\\\/www.sunloan.com\\\/es\\\/\",\"name\":\"Sun Loan Company\",\"description\":\"\",\"publisher\":{\"@id\":\"https:\\\/\\\/www.sunloan.com\\\/es\\\/#organization\"},\"potentialAction\":[{\"@type\":\"SearchAction\",\"target\":{\"@type\":\"EntryPoint\",\"urlTemplate\":\"https:\\\/\\\/www.sunloan.com\\\/es\\\/?s={search_term_string}\"},\"query-input\":{\"@type\":\"PropertyValueSpecification\",\"valueRequired\":true,\"valueName\":\"search_term_string\"}}],\"inLanguage\":\"es\"},{\"@type\":\"Organization\",\"@id\":\"https:\\\/\\\/www.sunloan.com\\\/es\\\/#organization\",\"name\":\"Sun Loan Company\",\"url\":\"https:\\\/\\\/www.sunloan.com\\\/es\\\/\",\"logo\":{\"@type\":\"ImageObject\",\"inLanguage\":\"es\",\"@id\":\"https:\\\/\\\/www.sunloan.com\\\/es\\\/#\\\/schema\\\/logo\\\/image\\\/\",\"url\":\"https:\\\/\\\/www.sunloan.com\\\/wp-content\\\/uploads\\\/2022\\\/06\\\/logo.svg\",\"contentUrl\":\"https:\\\/\\\/www.sunloan.com\\\/wp-content\\\/uploads\\\/2022\\\/06\\\/logo.svg\",\"width\":1,\"height\":1,\"caption\":\"Sun Loan Company\"},\"image\":{\"@id\":\"https:\\\/\\\/www.sunloan.com\\\/es\\\/#\\\/schema\\\/logo\\\/image\\\/\"}}]}<\/script>\n<!-- \/ Yoast SEO plugin. -->","yoast_head_json":{"title":"Servicios de emergencia en carretera y m\u00e1s - Auto Club | Sun Loan Company\u00ae","description":"Sun Loan se ha asociado con PTS Auto Club para cubrir lo que tu seguro de autom\u00f3vil regular no cubre. Para m\u00e1s informaci\u00f3n haz clic aqu\u00ed.","robots":{"index":"index","follow":"follow","max-snippet":"max-snippet:-1","max-image-preview":"max-image-preview:large","max-video-preview":"max-video-preview:-1"},"canonical":"https:\/\/www.sunloan.com\/es\/servicios-de-emergencia-en-carretera\/","og_locale":"es_ES","og_type":"article","og_title":"Servicios de emergencia en carretera y m\u00e1s - Auto Club | Sun Loan Company\u00ae","og_description":"Sun Loan se ha asociado con PTS Auto Club para cubrir lo que tu seguro de autom\u00f3vil regular no cubre. Para m\u00e1s informaci\u00f3n haz clic aqu\u00ed.","og_url":"https:\/\/www.sunloan.com\/es\/servicios-de-emergencia-en-carretera\/","og_site_name":"Sun Loan Company","article_modified_time":"2022-08-10T19:04:35+00:00","twitter_card":"summary_large_image","twitter_misc":{"Tiempo de lectura":"1 minuto"},"schema":{"@context":"https:\/\/schema.org","@graph":[{"@type":"WebPage","@id":"https:\/\/www.sunloan.com\/es\/servicios-de-emergencia-en-carretera\/","url":"https:\/\/www.sunloan.com\/es\/servicios-de-emergencia-en-carretera\/","name":"Servicios de emergencia en carretera y m\u00e1s - Auto Club | Sun Loan Company\u00ae","isPartOf":{"@id":"https:\/\/www.sunloan.com\/es\/#website"},"datePublished":"2022-05-06T00:55:41+00:00","dateModified":"2022-08-10T19:04:35+00:00","description":"Sun Loan se ha asociado con PTS Auto Club para cubrir lo que tu seguro de autom\u00f3vil regular no cubre. Para m\u00e1s informaci\u00f3n haz clic aqu\u00ed.","breadcrumb":{"@id":"https:\/\/www.sunloan.com\/es\/servicios-de-emergencia-en-carretera\/#breadcrumb"},"inLanguage":"es","potentialAction":[{"@type":"ReadAction","target":["https:\/\/www.sunloan.com\/es\/servicios-de-emergencia-en-carretera\/"]}]},{"@type":"BreadcrumbList","@id":"https:\/\/www.sunloan.com\/es\/servicios-de-emergencia-en-carretera\/#breadcrumb","itemListElement":[{"@type":"ListItem","position":1,"name":"Home","item":"https:\/\/www.sunloan.com\/es\/"},{"@type":"ListItem","position":2,"name":"Auto Club"}]},{"@type":"WebSite","@id":"https:\/\/www.sunloan.com\/es\/#website","url":"https:\/\/www.sunloan.com\/es\/","name":"Sun Loan Company","description":"","publisher":{"@id":"https:\/\/www.sunloan.com\/es\/#organization"},"potentialAction":[{"@type":"SearchAction","target":{"@type":"EntryPoint","urlTemplate":"https:\/\/www.sunloan.com\/es\/?s={search_term_string}"},"query-input":{"@type":"PropertyValueSpecification","valueRequired":true,"valueName":"search_term_string"}}],"inLanguage":"es"},{"@type":"Organization","@id":"https:\/\/www.sunloan.com\/es\/#organization","name":"Sun Loan Company","url":"https:\/\/www.sunloan.com\/es\/","logo":{"@type":"ImageObject","inLanguage":"es","@id":"https:\/\/www.sunloan.com\/es\/#\/schema\/logo\/image\/","url":"https:\/\/www.sunloan.com\/wp-content\/uploads\/2022\/06\/logo.svg","contentUrl":"https:\/\/www.sunloan.com\/wp-content\/uploads\/2022\/06\/logo.svg","width":1,"height":1,"caption":"Sun Loan Company"},"image":{"@id":"https:\/\/www.sunloan.com\/es\/#\/schema\/logo\/image\/"}}]}},"_links":{"self":[{"href":"https:\/\/www.sunloan.com\/es\/wp-json\/wp\/v2\/pages\/2490","targetHints":{"allow":["GET"]}}],"collection":[{"href":"https:\/\/www.sunloan.com\/es\/wp-json\/wp\/v2\/pages"}],"about":[{"href":"https:\/\/www.sunloan.com\/es\/wp-json\/wp\/v2\/types\/page"}],"author":[{"embeddable":true,"href":"https:\/\/www.sunloan.com\/es\/wp-json\/wp\/v2\/users\/3"}],"replies":[{"embeddable":true,"href":"https:\/\/www.sunloan.com\/es\/wp-json\/wp\/v2\/comments?post=2490"}],"version-history":[{"count":0,"href":"https:\/\/www.sunloan.com\/es\/wp-json\/wp\/v2\/pages\/2490\/revisions"}],"wp:attachment":[{"href":"https:\/\/www.sunloan.com\/es\/wp-json\/wp\/v2\/media?parent=2490"}],"curies":[{"name":"wp","href":"https:\/\/api.w.org\/{rel}","templated":true}]}}